{"id":439915,"date":"2023-03-27T09:47:12","date_gmt":"2023-03-27T08:47:12","guid":{"rendered":"https:\/\/dev.thewatchregister.com\/about-the-watch-register\/"},"modified":"2025-09-05T15:51:39","modified_gmt":"2025-09-05T14:51:39","slug":"about-the-watch-register","status":"publish","type":"page","link":"https:\/\/dev.thewatchregister.com\/it\/about-the-watch-register\/","title":{"rendered":"Informazioni su The Watch Register"},"content":{"rendered":"\n\n<\/div>\n\n<section id=\"block_12ef0118bc3ce14f81660ab199fac11f\" class=\"block row_wrapper bground_colour_none padding_top_medium padding_bottom_medium \" style=\"background-color: transparent;\" >\n\t<div class=\"uk-container uk-container-small\">\n\t\t\n\n\n\n\n<div class=\"block spacer padding_bottom_large padding_top_large\"><\/div>\n\n\n\n\n\n\n<section id=\"block_96086ff823c75dab93fe02c2622c9c3f\" class=\"block columns_wrapper \">\n\n\t\n\n\n\n\n<div class=\"column_content bground_colour_none padding_top_medium padding_bottom_medium \" style=\"background-color: transparent;\" >\n\t\t\t<div class=\"column_inner_content \">\n\n\t\t\t\n<div class=\"p_wrap\">\n<p class=\"has-large-font-size\">Il database di THE WATCH REGISTER \u00e8 il leader mondiale per la due diligence e la prevenzione di reati nel mercato degli orologi di lusso. Disponiamo del database internazionale di orologi smarriti, rubati e contraffatti pi\u00f9 grande e affermato al mondo, contenente dati raccolti nel corso di 35 anni. Forniamo verifiche dei furti per commercianti e acquirenti di orologi, nonch\u00e9 servizi di recupero competenti per vittime e compagnie assicurative.<\/p>\n<\/div>\n\t\t<\/div>\n\n<\/div>\n\n\n\n\n\n\n\n<div class=\"column_content bground_colour_none padding_top_medium padding_bottom_medium \" style=\"background-color: transparent;\" >\n\t\t\t<div class=\"column_inner_content \">\n\n\t\t\t\n<div class=\"p_wrap\">\n<p>THE WATCH REGISTER ha la propria sede principale a Londra e fa parte dell&#8217;<a href=\"https:\/\/test.thewatchregister.com\/it\/the-art-loss-register\/\">Art Loss Register<\/a> (ALR), il database privato di opere d&#8217;arte e oggetti d&#8217;antiquariato e da collezione pi\u00f9 grande al mondo (<a href=\"https:\/\/www.artloss.com\/\">www.artloss.com<\/a>). I nostri soci fondatori sono Lloyd&#8217;s di Londra e le note case d&#8217;asta di livello globale Christie&#8217;s e Sotheby&#8217;s, che continuano a essere tra i nostri principali clienti.<\/p>\n<\/div>\n\n<div class=\"p_wrap\">\n<p>Il nostro database \u00e8 stato fondato con l&#8217;obiettivo di proteggere il mercato dalle merci rubate e di consentire alle compagnie assicurative e alle vittime di recuperare i beni perduti. Dalla fondazione dell&#8217;ALR nel 1990, l&#8217;azienda ha permesso il recupero di oggetti smarriti e rubati del valore di centinaia di milioni di euro. L&#8217;esperienza maturata dall&#8217;ALR in 35 anni permette al team di THE WATCH REGISTER di offrire un impareggiabile servizio di recupero per le vittime di furti e uno strumento di due diligence per il commercio degli orologi.<\/p>\n<\/div>\n\n<div class=\"p_wrap\">\n<p>Il database di THE WATCH REGISTER \u00e8 indipendente da qualsiasi marca o rivenditore. Lo scopo della nostra azienda \u00e8 quello di tutelare il mercato degli orologi di seconda mano, assistere le vittime di furto e offrire supporto alle forze dell&#8217;ordine.<\/p>\n<\/div>\n\t\t<\/div>\n\n<\/div>\n\n\n\n<\/section>\n\n\n\t\n\t<\/div>\n<\/section>\n\n\n<div class=\"uk-container uk-container-small\">\n\n<\/div>\n\n<section id=\"block_63b4851599890c7d3796c0c8fe077718\" class=\"block row_wrapper bground_colour_secondary-blue padding_top_medium padding_bottom_medium \" style=\"background-color: #E1EBEE;\" >\n\t<div class=\"uk-container uk-container-small\">\n\t\t\n\n\n\n\n<div class=\"block spacer padding_bottom_large padding_top_large\"><\/div>\n\n\n<h2 class=\"wp-block-heading has-navy-color has-text-color has-large-font-size\" id=\"h-the-database\">Il database<\/h2>\n\n\n\n\n\n\n\n<section id=\"block_96086ff823c75dab93fe02c2622c9c3f\" class=\"block columns_wrapper \">\n\n\t\n\n\n\n\n<div class=\"column_content bground_colour_none padding_top_medium padding_bottom_medium \" style=\"background-color: transparent;\" >\n\t\t\t<div class=\"column_inner_content \">\n\n\t\t\t\n<div class=\"p_wrap\">\n<p class=\"has-navy-color has-text-color has-large-font-size\">Il database di THE WATCH REGISTER combina un&#8217;eredit\u00e0 trentennale a competenze specialistiche e a tecnologie all&#8217;avanguardia. Tutti gli orologi registrati nel nostro database e tutte le ricerche effettuate sono verificati e approvati da esperti per garantirne la precisione e la validit\u00e0. La qualit\u00e0 dei nostri dati e del nostro monitoraggio ci consente di fornire lo strumento di verifica dei furti di orologi pi\u00f9 affidabile tra quelli attualmente disponibili. I nostri Certificati di ricerca sono una prova di due diligence legalmente riconosciuta e dimostrano la buona fede delle transazioni eseguite.<\/p>\n<\/div>\n\t\t<\/div>\n\n<\/div>\n\n\n\n\n\n\n\n<div class=\"column_content bground_colour_none padding_top_medium padding_bottom_medium \" style=\"background-color: transparent;\" >\n\t\t\t<div class=\"column_inner_content \">\n\n\t\t\t\n<div class=\"p_wrap\">\n<p class=\"has-navy-color has-text-color\">Il database THE WATCH REGISTER offre un servizio per la verifica dei numeri di serie degli orologi con risultati in tempo reale, in qualsiasi parte del mondo. Questo strumento di ricerca \u00e8 il primo nel suo genere a unire sofisticati algoritmi informatici all\u2019intervento degli esperti, che \u00e8 il segno distintivo del nostro servizio. Questo livello di supervisione specialistica assicura la precisione dei risultati e il supporto ai clienti in caso di corrispondenze con il database.<\/p>\n<\/div>\n\n<div class=\"p_wrap\">\n<p class=\"has-navy-color has-text-color\">Il database include al momento oltre 100.000 orologi smarriti e rubati e questo numero \u00e8 in rapida crescita. Il database contiene i dati di oltre 850 marche e produttori di orologi differenti, tra cui Rolex,\u00a0Omega,\u00a0Cartier,\u00a0Audemars Piguet,\u00a0Patek Philippe,\u00a0Richard Mille, Breitling,\u00a0TAG Heuer,\u00a0IWC, Jaeger LeCoultre e molti altri. Il database comprende anche orologi vintage, d&#8217;antiquariato e da taschino.<\/p>\n<\/div>\n\n<div class=\"p_wrap\">\n<p class=\"has-navy-color has-text-color\">Il nostro database copre un&#8217;ampia gamma di incidenti e rischi, tra cui rapine, scippi, furti con scasso, frodi, perdite postali, perdite accidentali e contraffazioni. <\/p>\n<\/div>\n\t\t<\/div>\n\n<\/div>\n\n\n\n<\/section>\n\n\n\n\n\n\n\n<div class=\"block spacer padding_bottom_xlarge padding_top_xlarge\"><\/div>\n\t\n\t<\/div>\n<\/section>\n\n\n<div class=\"uk-container uk-container-small\">\n\n<\/div>\n\n<section id=\"block_aa82759e2b143e48cc827143fbd6317e\" class=\"block row_wrapper bground_colour_secondary-purple padding_top_medium padding_bottom_medium \" style=\"background-color: #405769;\" >\n\t<div class=\"uk-container uk-container-small\">\n\t\t\n\n\n\n\n<div class=\"block spacer padding_bottom_large padding_top_large\"><\/div>\n\n\n<h2 class=\"wp-block-heading has-off-white-color has-text-color has-large-font-size\" id=\"h-the-expertise\"><strong>La nostra competenza<\/strong><\/h2>\n\n\n\n\n\n\n\n<section id=\"block_96086ff823c75dab93fe02c2622c9c3f\" class=\"block columns_wrapper \">\n\n\t\n\n\n\n\n<div class=\"column_content bground_colour_none padding_top_medium padding_bottom_medium \" style=\"background-color: transparent;\" >\n\t\t\t<div class=\"column_inner_content \">\n\n\t\t\t\n<div class=\"p_wrap\">\n<p class=\"has-off-white-color has-text-color has-extra-large-font-size\">Il successo delle nostre operazioni dipende dalla competenza del nostro team. Forniamo un servizio di assistenza clienti completo dal momento della perdita fino al recupero. <\/p>\n<\/div>\n\t\t<\/div>\n\n<\/div>\n\n\n\n\n\n\n\n<div class=\"column_content bground_colour_none padding_top_medium padding_bottom_medium \" style=\"background-color: transparent;\" >\n\t\t\t<div class=\"column_inner_content \">\n\n\t\t\t\n<div class=\"p_wrap\">\n<p class=\"has-off-white-color has-text-color\">Per esperienza, sappiamo che ogni fase del processo di identificazione di orologi rubati richiede la supervisione e la competenza umane. Per questo motivo, l&#8217;inserimento dei dati e le verifiche dei numeri di serie sono controllati e approvati da esperti, al fine di garantire un controllo di qualit\u00e0. Il nostro team di specialisti \u00e8 a disposizione per offrire assistenza ai clienti telefonicamente e tramite e-mail. La solerzia e le conoscenze del nostro staff fanno s\u00ec che i risultati delle ricerche che forniamo ai nostri clienti rispettino gli standard pi\u00f9 elevati. <\/p>\n<\/div>\n\n<div class=\"p_wrap\">\n<p class=\"has-off-white-color has-text-color\">Dal momento in cui un orologio smarrito o rubato viene trovato, interviene il nostro team di recupero specializzato. Cerchiamo immediatamente di trattenere l&#8217;orologio al sicuro e facilitarne il recupero, cooperando in maniera proattiva con le forze dell&#8217;ordine, le compagnie assicurative, i venditori e la vittima. Per saperne di pi\u00f9 sul nostro servizio di recupero, fai clic <a href=\"https:\/\/test.thewatchregister.com\/it\/recovery\/\">qui<\/a>.<\/p>\n<\/div>\n\n<div class=\"p_wrap\">\n<p class=\"has-off-white-color has-text-color\">Ti invitiamo a <a href=\"https:\/\/test.thewatchregister.com\/it\/contact-us\/\">contattarci<\/a> per discutere con un membro del nostro team di eventuali richieste in merito alla registrazione di orologi smarriti e rubati, alla ricerca nel database o al recupero di orologi.<\/p>\n<\/div>\n\t\t<\/div>\n\n<\/div>\n\n\n\n<\/section>\n\n\n\n\n\n\n\n<div class=\"block spacer padding_bottom_large padding_top_large\"><\/div>\n\t\n\t<\/div>\n<\/section>\n\n\n<div class=\"uk-container uk-container-small\">\n\n\n\n<div class=\"block spacer padding_bottom_large padding_top_large\"><\/div>\n\n<\/div>\n<div class=\"row_border\">\n<section id=\"block_39b79f7243a33a1f7f08754160ca4734\" class=\"block row_wrapper bground_colour_none padding_top_xlarge padding_bottom_xlarge \" style=\"background-color: transparent;\" >\n\t<div class=\"uk-container uk-container-small\">\n\t\t\n\n<h2 class=\"wp-block-heading has-navy-color has-text-color has-large-font-size\" id=\"h-the-vision\"><strong><strong><strong>La nostra visione<\/strong><\/strong><\/strong><\/h2>\n\n\n\n\n\n\n\n<section id=\"block_96086ff823c75dab93fe02c2622c9c3f\" class=\"block columns_wrapper \">\n\n\t\n\n\n\n\n<div class=\"column_content bground_colour_none padding_top_medium padding_bottom_medium \" style=\"background-color: transparent;\" >\n\t\t\t<div class=\"column_inner_content \">\n\n\t\t\t\n<div class=\"p_wrap\">\n<p class=\"has-copy-grey-color has-text-color has-extra-large-font-size\">Crediamo che il mercato degli orologi di seconda mano debba essere un luogo in cui tutti possano vendere e acquistare con la massima tranquillit\u00e0. <\/p>\n<\/div>\n\t\t<\/div>\n\n<\/div>\n\n\n\n\n\n\n\n<div class=\"column_content bground_colour_none padding_top_medium padding_bottom_medium \" style=\"background-color: transparent;\" >\n\t\t\t<div class=\"column_inner_content \">\n\n\t\t\t\n<div class=\"p_wrap\">\n<p class=\"has-copy-grey-color has-text-color\">La nostra missione consiste nel garantire che ogni vendita di un orologio di seconda mano venga verificata nel nostro database e ogni perdita venga registrata. <\/p>\n<\/div>\n\n<div class=\"p_wrap\">\n<p class=\"has-copy-grey-color has-text-color\">Ci\u00f2 crea un enorme ostacolo alla vendita di merci rubate, aumentando le probabilit\u00e0 di individuazione e riducendo l&#8217;incentivo per i ladri. <\/p>\n<\/div>\n\n<div class=\"p_wrap\">\n<p class=\"has-copy-grey-color has-text-color\">In un settore in cui un terzo delle vendite riguarda gli orologi di seconda mano, i collezionisti devono sentirsi tranquilli nell&#8217;indossare i propri segnatempo e gli acquisti devono essere privi di rischi.<\/p>\n<\/div>\n\t\t<\/div>\n\n<\/div>\n\n\n\n<\/section>\n\n\n\t\n\t<\/div>\n<\/section>\n\n<\/div>\n<div class=\"uk-container uk-container-small\">\n\n<\/div>\n<div class=\"row_border\">\n<section id=\"block_744b9175efd32abc618e208d6b68eebe\" class=\"block row_wrapper bground_colour_copy-grey bground_pos_sml_center_center padding_top_xlarge padding_bottom_xlarge lazyload\" style=\"background-color: #7B849A;background-image:inherit;background-size:cover;background-position:center center;\"  data-bg-image=\"url(&#039;https:\/\/twr-web-test.s3.amazonaws.com\/uploads\/2023\/05\/M02A1945_nvy-cpygry.jpg&#039;)\">\n\t<div class=\"uk-container uk-container-small\">\n\t\t\n\n\n\n\n<div class=\"block spacer padding_bottom_xlarge padding_top_xlarge\"><\/div>\n\n\n<h2 class=\"wp-block-heading has-text-align-center has-off-white-color has-text-color has-medium-font-size\" id=\"h-maturity-of-practice-maturity-of-data\"><strong><strong><strong>Maturit\u00e0 della pratica, maturit\u00e0 dei dati<\/strong><\/strong><\/strong><\/h2>\n\n\n\n\n\n\n<div class=\"block spacer padding_bottom_xlarge padding_top_xlarge\"><\/div>\n\t\n\t<\/div>\n<\/section>\n\n<\/div>\n<div class=\"uk-container uk-container-small\">\n\n<\/div>\n\n<section id=\"block_d884387d7d2e03f717a6f4c9aad14f5e\" class=\"block row_wrapper bground_colour_white padding_top_large padding_bottom_large \" style=\"background-color: #FFFFFF;\" >\n\t<div class=\"uk-container uk-container-small\">\n\t\t\n\n\n\n\n\n<section id=\"block_24e259dca551ea17ad01fd20cd6716a9\" class=\"block columns_wrapper \">\n\n\t\n\n\n\n\n<div class=\"column_content padding_top_medium padding_bottom_medium \" style=\"\" >\n\t\t\t<div class=\"column_inner_content \">\n\n\t\t\t\n\n<h2 class=\"wp-block-heading has-navy-color has-text-color has-medium-font-size\" id=\"h-check-the-database\">Effettua una ricerca nel database<\/h2>\n\n\n\n<h3 class=\"wp-block-heading has-navy-color has-text-color\" id=\"h-check-if-a-watch-is-lost-stolen-or-fake\">Verifica se un orologio \u00e8 smarrito, rubato o falso<\/h3>\n\n\n\n\n\n\n<div class=\"block spacer padding_bottom_xsmall padding_top_xsmall\"><\/div>\n\n<div class=\"li_wrap\">\n<ul class=\"wp-block-list\">\n<li>Acquista e vendi in tutta tranquillit\u00e0<\/li>\n\n\n\n<li>Evita perdite economiche<\/li>\n\n\n\n<li>Proteggi la tua reputazione<\/li>\n\n\n\n<li>Certificato di ricerca come prova delle verifiche sui furti<\/li>\n<\/ul>\n<\/div>\n\n<div class=\"p_wrap\">\n<p><strong>Verifica dei numeri di serie Rolex e di tutte le altre marche. Ricerca tramite SMS, WhatsApp o sito web. Risultati immediati.<\/strong><\/p>\n<\/div>\n\n\n\n\n\n<div class=\"block spacer padding_bottom_small padding_top_small\"><\/div>\n\n\n\n\t\t\t<div class=\"block button align_center\">\n\t\t\t<a\n\t\t\t\thref=\"https:\/\/dev.thewatchregister.com\/it\/search\/\"\n\t\t\t\ttarget=\"\"\n\t\t\t\tclass=\"uk-button\n\t\t\t\t\tbutton_size_medium\t\t\t\t\t\t\t\t\t\t\tbground_col_copy-grey\t\t\t\t\t\thover_bground_col_off-white\t\t\t\t\t\tcol_off-white\t\t\t\t\t\thover_col_orange\t\t\t\t\t\t\t\t\t\t\"\n\t\t\t>\n\t\t\t\tAvvia una ricerca\t\t\t\t\t\t\t<\/a>\n\t\t<\/div>\n\t\n\t\t<\/div>\n\n<\/div>\n\n\n\n\n\n\n\n<div class=\"column_content flex bground_colour_none padding_top_medium padding_bottom_medium \" style=\"background-color: transparent;\" uk-scrollspy=\"cls: uk-animation-fade; delay: 500\">\n\t\t\t<div class=\"column_inner_content flex_center_vertical fill_column_width \">\n\n\t\t\t\n\n\n<div class=\"client_content_wrapper padding_large bground_col_user-blue\">\n\n\t\n\n<h2 class=\"wp-block-heading has-off-white-color has-text-color has-medium-font-size\" id=\"h-sign-up\">Iscriviti<\/h2>\n\n\n\n\n\t\t\t<div class=\"block button align_center\">\n\t\t\t<a\n\t\t\t\thref=\"https:\/\/dev.thewatchregister.com\/it\/create-account\/\"\n\t\t\t\ttarget=\"\"\n\t\t\t\tclass=\"uk-button\n\t\t\t\t\tbutton_size_medium\t\t\t\t\t\t\t\t\t\t\tclient_button\n\t\t\t\t\t\t\t\t\t\t\t\t\tbground_col_off-white\n\t\t\t\t\t\t\thover_bground_col_user-blue\n\t\t\t\t\t\t\tcol_user-blue\n\t\t\t\t\t\t\thover_col_off-white\n\t\t\t\t\t\t\t\t\t\t\t\t\t\t\t\t\"\n\t\t\t>\n\t\t\t\tCrea un Account\t\t\t\t\t\t\t<\/a>\n\t\t<\/div>\n\t\n\n<div class=\"p_wrap\">\n<p class=\"has-off-white-color has-text-color has-small-font-size\"><a href=\"https:\/\/dev.thewatchregister.com\/it\/login\/\">Accedi al tuo account \u00bb<\/a><\/p>\n<\/div>\n\n\n\n\n\n<div class=\"block spacer padding_bottom_xsmall padding_top_xsmall\"><\/div>\n\n\n\n\t\t\t<div class=\"block button align_center\">\n\t\t\t<a\n\t\t\t\thref=\"https:\/\/dev.thewatchregister.com\/it\/my-account\/view-search-credit-subscriptions\/\"\n\t\t\t\ttarget=\"\"\n\t\t\t\tclass=\"uk-button\n\t\t\t\t\tbutton_size_medium\t\t\t\t\t\t\t\t\t\t\tclient_button\n\t\t\t\t\t\t\t\t\t\t\t\t\tbground_col_off-white\n\t\t\t\t\t\t\thover_bground_col_user-blue\n\t\t\t\t\t\t\tcol_user-blue\n\t\t\t\t\t\t\thover_col_off-white\n\t\t\t\t\t\t\t\t\t\t\t\t\t\t\t\t\"\n\t\t\t>\n\t\t\t\tAcquista crediti\t\t\t\t\t\t\t<\/a>\n\t\t<\/div>\n\t\n\n<\/div>\n\t\t<\/div>\n\n<\/div>\n\n\n\n<\/section>\n\n\n\t\n\t<\/div>\n<\/section>\n\n\n<div class=\"uk-container uk-container-small\">\n\n\n\n<div class=\"block spacer padding_bottom_ padding_top_\"><\/div>\n\n\n\n<div class=\"block spacer padding_bottom_ padding_top_\"><\/div>\n\n<\/div>\n\n<section id=\"block_e5d101048e2fb19f3dae2afefb3662cb\" class=\"block row_wrapper bground_colour_navy padding_top_large padding_bottom_large \" style=\"background-color: #1F305B;\" >\n\t<div class=\"uk-container uk-container-small\">\n\t\t\n\n\n\n\n\n<section id=\"block_24e259dca551ea17ad01fd20cd6716a9\" class=\"block columns_wrapper \">\n\n\t\n\n\n\n\n<div class=\"column_content flex bground_colour_none padding_top_medium padding_bottom_medium \" style=\"background-color: transparent;\" uk-scrollspy=\"cls: uk-animation-fade; delay: 500\">\n\t\t\t<div class=\"column_inner_content flex_center_vertical flex_center_horizontal\">\n\n\t\t\t\n\n<figure class=\"wp-block-image size-full\"><img decoding=\"async\" data-src=\"https:\/\/twr-web.s3.amazonaws.com\/uploads\/2023\/04\/Open_Safe.svg\" alt=\"\" class=\"wp-image-427796 lazyload\" src=\"data:image\/svg+xml;base64,PHN2ZyB3aWR0aD0iMSIgaGVpZ2h0PSIxIiB4bWxucz0iaHR0cDovL3d3dy53My5vcmcvMjAwMC9zdmciPjwvc3ZnPg==\" \/><\/figure>\n\n\t\t<\/div>\n\n<\/div>\n\n\n\n\n\n\n\n<div class=\"column_content bground_colour_none padding_top_medium padding_bottom_medium \" style=\"background-color: transparent;\" >\n\t\t\t<div class=\"column_inner_content \">\n\n\t\t\t\n\n<h2 class=\"wp-block-heading has-off-white-color has-text-color has-medium-font-size\">Registra un orologio smarrito o rubato<\/h2>\n\n\n\n<h3 class=\"wp-block-heading has-off-white-color has-text-color\">Assicura le migliori probabilit\u00e0 di recupero<\/h3>\n\n\n<div class=\"p_wrap\">\n<p class=\"has-off-white-color has-text-color has-small-font-size\">Il tuo orologio sar\u00e0 registrato nel pi\u00f9 grande database di furti a livello internazionale, utilizzato da commercianti, gioiellieri, banchi dei pegni e case d&#8217;asta per individuare gli orologi rubati. Cerchiamo attivamente il tuo orologio nel mercato globale di orologi di seconda mano finch\u00e9 non viene recuperato.<\/p>\n<\/div>\n\n<div class=\"p_wrap\">\n<p class=\"has-off-white-color has-text-color\"><strong>Il 50% degli <strong>orologi recuperati<\/strong> viene trovato entro 1 anno dal furto, e il 35% entro 6 mesi.<\/strong><\/p>\n<\/div>\n\n\n\n\n\n<div class=\"block spacer padding_bottom_medium padding_top_medium\"><\/div>\n\n\n\n\t\t\t<div class=\"block button align_center\">\n\t\t\t<a\n\t\t\t\thref=\"https:\/\/dev.thewatchregister.com\/it\/register-loss\/\"\n\t\t\t\ttarget=\"\"\n\t\t\t\tclass=\"uk-button\n\t\t\t\t\tbutton_size_medium\t\t\t\t\t\t\t\t\t\t\tbground_col_copy-grey\t\t\t\t\t\thover_bground_col_off-white\t\t\t\t\t\tcol_off-white\t\t\t\t\t\thover_col_orange\t\t\t\t\t\t\t\t\t\t\"\n\t\t\t>\n\t\t\t\tRegistra un orologio smarrito o rubato\t\t\t\t\t\t\t<\/a>\n\t\t<\/div>\n\t\n\t\t<\/div>\n\n<\/div>\n\n\n\n<\/section>\n\n\n\t\n\t<\/div>\n<\/section>\n\n\n<div class=\"uk-container uk-container-small\">","protected":false},"excerpt":{"rendered":"","protected":false},"author":21321,"featured_media":0,"parent":0,"menu_order":0,"comment_status":"closed","ping_status":"closed","template":"","meta":{"_acf_changed":false,"footnotes":""},"class_list":["post-439915","page","type-page","status-publish","hentry","odd"],"acf":[],"_links":{"self":[{"href":"https:\/\/dev.thewatchregister.com\/it\/wp-json\/wp\/v2\/pages\/439915","targetHints":{"allow":["GET"]}}],"collection":[{"href":"https:\/\/dev.thewatchregister.com\/it\/wp-json\/wp\/v2\/pages"}],"about":[{"href":"https:\/\/dev.thewatchregister.com\/it\/wp-json\/wp\/v2\/types\/page"}],"author":[{"embeddable":true,"href":"https:\/\/dev.thewatchregister.com\/it\/wp-json\/wp\/v2\/users\/21321"}],"replies":[{"embeddable":true,"href":"https:\/\/dev.thewatchregister.com\/it\/wp-json\/wp\/v2\/comments?post=439915"}],"version-history":[{"count":117,"href":"https:\/\/dev.thewatchregister.com\/it\/wp-json\/wp\/v2\/pages\/439915\/revisions"}],"predecessor-version":[{"id":442887,"href":"https:\/\/dev.thewatchregister.com\/it\/wp-json\/wp\/v2\/pages\/439915\/revisions\/442887"}],"wp:attachment":[{"href":"https:\/\/dev.thewatchregister.com\/it\/wp-json\/wp\/v2\/media?parent=439915"}],"curies":[{"name":"wp","href":"https:\/\/api.w.org\/{rel}","templated":true}]}}