{"id":441068,"date":"2023-03-27T09:47:12","date_gmt":"2023-03-27T08:47:12","guid":{"rendered":"https:\/\/dev.thewatchregister.com\/a-propos-de-the-watch-register\/"},"modified":"2025-08-13T17:11:22","modified_gmt":"2025-08-13T16:11:22","slug":"a-propos-de-the-watch-register","status":"publish","type":"page","link":"https:\/\/dev.thewatchregister.com\/fr\/a-propos-de-the-watch-register\/","title":{"rendered":"\u00c0 propos de THE\u00a0WATCH\u00a0REGISTER"},"content":{"rendered":"\n\n<\/div>\n\n<section id=\"block_0cbbf511665f11ab6eb6c88b5f7137be\" class=\"block row_wrapper bground_colour_none padding_top_medium padding_bottom_medium \" style=\"background-color: transparent;\" >\n\t<div class=\"uk-container uk-container-small\">\n\t\t\n\n\n\n\n<div class=\"block spacer padding_bottom_large padding_top_large\"><\/div>\n\n\n\n\n\n\n<section id=\"block_d8256fe08774d0233823fec7f049f350\" class=\"block columns_wrapper \">\n\n\t\n\n\n\n\n<div class=\"column_content bground_colour_none padding_top_medium padding_bottom_medium \" style=\"background-color: transparent;\" >\n\t\t\t<div class=\"column_inner_content \">\n\n\t\t\t\n<div class=\"p_wrap\">\n<p class=\"has-large-font-size\">THE&nbsp;WATCH&nbsp;REGISTER est une r\u00e9f\u00e9rence internationale dans le domaine des contr\u00f4les de due diligence et de la pr\u00e9vention de la criminalit\u00e9 li\u00e9e aux montres de luxe. Constitu\u00e9e \u00e0 partir de donn\u00e9es compil\u00e9es depuis plus de 30&nbsp;ans, notre base de donn\u00e9es de montres perdues, vol\u00e9es et contrefaites est la plus cons\u00e9quente et la plus r\u00e9put\u00e9e \u00e0 l\u2019\u00e9chelle internationale. Nous proposons aux marchands et acheteurs de montres des services de v\u00e9rification contr\u00f4l\u00e9s par des experts. De plus, nous fournissons aux victimes et aux assureurs des services de r\u00e9cup\u00e9ration sp\u00e9cialis\u00e9s.<\/p>\n<\/div>\n\t\t<\/div>\n\n<\/div>\n\n\n\n\n\n\n\n<div class=\"column_content bground_colour_none padding_top_medium padding_bottom_medium \" style=\"background-color: transparent;\" >\n\t\t\t<div class=\"column_inner_content \">\n\n\t\t\t\n<div class=\"p_wrap\">\n<p>THE&nbsp;WATCH&nbsp;REGISTER a son si\u00e8ge social \u00e0 Londres. Il fait partie de <a href=\"https:\/\/dev.thewatchregister.com\/fr\/the-art-loss-register\/\">The&nbsp;Art&nbsp;Loss&nbsp;Register<\/a>, la plus grande base de donn\u00e9es priv\u00e9e au monde r\u00e9pertoriant les \u0153uvres d\u2019art, antiquit\u00e9s et objets de collection perdus et vol\u00e9s (<a href=\"https:\/\/www.artloss.com\/\">www.artloss.com<\/a>). Nos actionnaires fondateurs, Lloyd\u2019s of London ainsi que les grandes maisons de ventes aux ench\u00e8res Christie\u2019s et Sotheby\u2019s, figurent encore aujourd\u2019hui parmi nos principaux clients.<\/p>\n<\/div>\n\n<div class=\"p_wrap\">\n<p>Notre base de donn\u00e9es a \u00e9t\u00e9 cr\u00e9\u00e9e dans le but de prot\u00e9ger le march\u00e9 des objets vol\u00e9s, et de permettre aux assureurs et aux victimes de r\u00e9cup\u00e9rer leurs biens. Depuis la cr\u00e9ation de The&nbsp;Art&nbsp;Loss&nbsp;Register en&nbsp;1990, la valeur des pi\u00e8ces perdues et vol\u00e9es dont la soci\u00e9t\u00e9 a permis la restitution se compte en centaines de millions d\u2019euros. Les 30&nbsp;ans d\u2019exp\u00e9rience de The&nbsp;Art&nbsp;Loss&nbsp;Register permettent \u00e0 l\u2019\u00e9quipe de THE&nbsp;WATCH&nbsp;REGISTER de proposer des services de r\u00e9cup\u00e9ration uniques aux victimes de vol, ainsi que des services de contr\u00f4le de due diligence aux professionnels sur le march\u00e9 des montres.<\/p>\n<\/div>\n\n<div class=\"p_wrap\">\n<p>La base de donn\u00e9es THE&nbsp;WATCH&nbsp;REGISTER est ind\u00e9pendante des marques et des marchands. Nous avons pour seul objectif de prot\u00e9ger le march\u00e9 des montres d\u2019occasion, d\u2019assister les victimes de vol et d\u2019aider les forces de l\u2019ordre.<\/p>\n<\/div>\n\t\t<\/div>\n\n<\/div>\n\n\n\n<\/section>\n\n\n\t\n\t<\/div>\n<\/section>\n\n\n<div class=\"uk-container uk-container-small\">\n\n\n\n<\/div>\n\n<section id=\"block_41233cdb09c278fea1fb774f4b6f1ad0\" class=\"block row_wrapper bground_colour_secondary-blue padding_top_medium padding_bottom_medium \" style=\"background-color: #E1EBEE;\" >\n\t<div class=\"uk-container uk-container-small\">\n\t\t\n\n\n\n\n<div class=\"block spacer padding_bottom_large padding_top_large\"><\/div>\n\n\n<h2 class=\"wp-block-heading has-navy-color has-text-color has-large-font-size\" id=\"h-notre-base-de-donnees\">Notre base de donn\u00e9es<\/h2>\n\n\n\n\n\n\n\n<section id=\"block_d8256fe08774d0233823fec7f049f350\" class=\"block columns_wrapper \">\n\n\t\n\n\n\n\n<div class=\"column_content bground_colour_none padding_top_medium padding_bottom_medium \" style=\"background-color: transparent;\" >\n\t\t\t<div class=\"column_inner_content \">\n\n\t\t\t\n<div class=\"p_wrap\">\n<p class=\"has-navy-color has-text-color has-large-font-size\">La base de donn\u00e9es THE&nbsp;WATCH&nbsp;REGISTER existe depuis 30&nbsp;ans, et associe expertise sp\u00e9cialis\u00e9e et technologies de pointe. Toutes les montres r\u00e9pertori\u00e9es dans notre base de donn\u00e9es et toutes les recherches effectu\u00e9es sont contr\u00f4l\u00e9es par des experts pour garantir la fiabilit\u00e9 du service. Gr\u00e2ce \u00e0 ses activit\u00e9s de veille et ses donn\u00e9es de qualit\u00e9, THE&nbsp;WATCH&nbsp;REGISTER propose les services de v\u00e9rification les plus fiables du march\u00e9. Nos certificats ont une valeur l\u00e9gale&nbsp;; ils attestent que les contr\u00f4les de due diligence ont \u00e9t\u00e9 faits et constituent un gage de bonne foi.<\/p>\n<\/div>\n\t\t<\/div>\n\n<\/div>\n\n\n\n\n\n\n\n<div class=\"column_content bground_colour_none padding_top_medium padding_bottom_medium \" style=\"background-color: transparent;\" >\n\t\t\t<div class=\"column_inner_content \">\n\n\t\t\t\n<div class=\"p_wrap\">\n<p class=\"has-navy-color has-text-color\">La base de donn\u00e9es r\u00e9pertorie actuellement plus de 80&nbsp;000&nbsp;montres perdues et vol\u00e9es, et le nombre de pi\u00e8ces ne cesse d\u2019augmenter. Les donn\u00e9es concernent des montres de plus de 850&nbsp;marques et fabricants diff\u00e9rents, parmi lesquels Rolex, Omega, Cartier, Audemars&nbsp;Piguet, Patek&nbsp;Philippe, Richard&nbsp;Mille, Breitling, TAG&nbsp;Heuer, IWC et Jaeger-LeCoultre, ainsi que des montres anciennes, de collection et \u00e0 gousset.<\/p>\n<\/div>\n\n<div class=\"p_wrap\">\n<p class=\"has-navy-color has-text-color\">Les montres sont enregistr\u00e9es dans la base de donn\u00e9es lorsqu\u2019elles sont identifi\u00e9es comme des contrefa\u00e7ons ou lorsqu\u2019elles disparaissent dans diverses circonstances&nbsp;: vols \u00e0 l\u2019arrach\u00e9, cambriolages, braquages, fraudes, colis \u00e9gar\u00e9s par les services postaux, pertes accidentelles, etc. <\/p>\n<\/div>\n\n<div class=\"p_wrap\">\n<p class=\"has-navy-color has-text-color\">Cet \u00e9t\u00e9, nous avons cr\u00e9\u00e9 une nouvelle base de donn\u00e9es de pointe qui met en \u0153uvre des algorithmes sp\u00e9cialis\u00e9s et des interventions d\u2019experts. Ce syst\u00e8me semi-automatis\u00e9 permet aux utilisateurs du monde entier d\u2019obtenir les r\u00e9sultats de leurs recherches instantan\u00e9ment, 24&nbsp;heures sur&nbsp;24. Notre \u00e9quipe d\u2019experts continue toutefois d\u2019assurer le contr\u00f4le des op\u00e9rations et de proposer son assistance aux clients, en phase avec la philosophie de THE&nbsp;WATCH&nbsp;REGISTER.<\/p>\n<\/div>\n\t\t<\/div>\n\n<\/div>\n\n\n\n<\/section>\n\n\n\n\n\n\n\n<div class=\"block spacer padding_bottom_xlarge padding_top_xlarge\"><\/div>\n\t\n\t<\/div>\n<\/section>\n\n\n<div class=\"uk-container uk-container-small\">\n\n\n\n<\/div>\n\n<section id=\"block_73205f67570972c928f4a3a978049485\" class=\"block row_wrapper bground_colour_secondary-purple padding_top_medium padding_bottom_medium \" style=\"background-color: #405769;\" >\n\t<div class=\"uk-container uk-container-small\">\n\t\t\n\n\n\n\n<div class=\"block spacer padding_bottom_large padding_top_large\"><\/div>\n\n\n<h2 class=\"wp-block-heading has-off-white-color has-text-color has-large-font-size\" id=\"h-notre-expertise\"><strong>Notre expertise<\/strong><\/h2>\n\n\n\n\n\n\n\n<section id=\"block_d8256fe08774d0233823fec7f049f350\" class=\"block columns_wrapper \">\n\n\t\n\n\n\n\n<div class=\"column_content bground_colour_none padding_top_medium padding_bottom_medium \" style=\"background-color: transparent;\" >\n\t\t\t<div class=\"column_inner_content \">\n\n\t\t\t\n<div class=\"p_wrap\">\n<p class=\"has-off-white-color has-text-color has-extra-large-font-size\">Le point fort de notre service r\u00e9side dans l\u2019expertise de notre \u00e9quipe, qui accompagne le demandeur de la perte jusqu&#8217;\u00e0 la r\u00e9cup\u00e9ration. <\/p>\n<\/div>\n\t\t<\/div>\n\n<\/div>\n\n\n\n\n\n\n\n<div class=\"column_content bground_colour_none padding_top_medium padding_bottom_medium \" style=\"background-color: transparent;\" >\n\t\t\t<div class=\"column_inner_content \">\n\n\t\t\t\n<div class=\"p_wrap\">\n<p class=\"has-off-white-color has-text-color\">Nous savons par exp\u00e9rience que la supervision et les comp\u00e9tences humaines sont n\u00e9cessaires \u00e0 toutes les \u00e9tapes du processus d\u2019identification des montres vol\u00e9es. C\u2019est pourquoi les enregistrements de montres et les recherches de num\u00e9ros de s\u00e9rie font tous l\u2019objet d\u2019un contr\u00f4le qualit\u00e9 r\u00e9alis\u00e9 par nos experts. Notre \u00e9quipe de sp\u00e9cialistes est joignable par t\u00e9l\u00e9phone et par e-mail pour accompagner les clients. Rigoureux et exp\u00e9riment\u00e9, notre personnel leur fournit des services de la plus haute qualit\u00e9. <\/p>\n<\/div>\n\n<div class=\"p_wrap\">\n<p class=\"has-off-white-color has-text-color\">D\u00e8s qu\u2019une montre perdue ou vol\u00e9e est localis\u00e9e, nos sp\u00e9cialistes de la r\u00e9cup\u00e9ration interviennent imm\u00e9diatement pour la mettre en s\u00e9curit\u00e9 et faciliter sa restitution. Pour ce faire, ils prennent contact avec la police, les assureurs, le vendeur et la victime. Pour en savoir plus sur nos services de r\u00e9cup\u00e9ration, <a href=\"https:\/\/dev.thewatchregister.com\/fr\/recovery\/\">cliquez ici<\/a>.<\/p>\n<\/div>\n\n<div class=\"p_wrap\">\n<p class=\"has-off-white-color has-text-color\">N\u2019h\u00e9sitez pas \u00e0 <a href=\"https:\/\/dev.thewatchregister.com\/fr\/contact-us\/\">nous contacter<\/a> si vous avez des questions concernant l\u2019enregistrement de vos biens perdus ou vol\u00e9s, la recherche de num\u00e9ros de s\u00e9rie dans la base de donn\u00e9es ou la r\u00e9cup\u00e9ration des objets. Un membre de notre \u00e9quipe vous r\u00e9pondra.<\/p>\n<\/div>\n\t\t<\/div>\n\n<\/div>\n\n\n\n<\/section>\n\n\n\n\n\n\n\n<div class=\"block spacer padding_bottom_large padding_top_large\"><\/div>\n\t\n\t<\/div>\n<\/section>\n\n\n<div class=\"uk-container uk-container-small\">\n\n\n\n\n\n<div class=\"block spacer padding_bottom_large padding_top_large\"><\/div>\n\n\n\n<\/div>\n<div class=\"row_border\">\n<section id=\"block_1f59b05707d181852624ad7893aac7c6\" class=\"block row_wrapper bground_colour_none padding_top_xlarge padding_bottom_xlarge \" style=\"background-color: transparent;\" >\n\t<div class=\"uk-container uk-container-small\">\n\t\t\n\n<h2 class=\"wp-block-heading has-navy-color has-text-color has-large-font-size\" id=\"h-notre-mission\"><strong><strong><strong>Notre mission<\/strong><\/strong><\/strong><\/h2>\n\n\n\n\n\n\n\n<section id=\"block_d8256fe08774d0233823fec7f049f350\" class=\"block columns_wrapper \">\n\n\t\n\n\n\n\n<div class=\"column_content bground_colour_none padding_top_medium padding_bottom_medium \" style=\"background-color: transparent;\" >\n\t\t\t<div class=\"column_inner_content \">\n\n\t\t\t\n<div class=\"p_wrap\">\n<p class=\"has-copy-grey-color has-text-color has-extra-large-font-size\">Nous sommes convaincus que tout le monde devrait pouvoir acheter et vendre sans risque sur le march\u00e9 de la montre d\u2019occasion. <\/p>\n<\/div>\n\t\t<\/div>\n\n<\/div>\n\n\n\n\n\n\n\n<div class=\"column_content bground_colour_none padding_top_medium padding_bottom_medium \" style=\"background-color: transparent;\" >\n\t\t\t<div class=\"column_inner_content \">\n\n\t\t\t\n<div class=\"p_wrap\">\n<p class=\"has-copy-grey-color has-text-color\">THE&nbsp;WATCH&nbsp;REGISTER a pour mission de s\u2019assurer que toutes les montres d\u2019occasion mises en vente sont recherch\u00e9es dans notre base de donn\u00e9es et que toutes les disparitions de montres sont enregistr\u00e9es. <\/p>\n<\/div>\n\n<div class=\"p_wrap\">\n<p class=\"has-copy-grey-color has-text-color\">Cette d\u00e9marche constitue le moyen le plus efficace pour enrayer la vente d\u2019objets vol\u00e9s, puisqu\u2019elle permet d\u2019accro\u00eetre le taux de d\u00e9tection et dissuade les voleurs. <\/p>\n<\/div>\n\n<div class=\"p_wrap\">\n<p class=\"has-copy-grey-color has-text-color\">Sur un march\u00e9 o\u00f9 un tiers des ventes concerne des pi\u00e8ces d\u2019occasion, les collectionneurs doivent pouvoir porter leurs montres en toute s\u00e9r\u00e9nit\u00e9, et les transactions doivent pouvoir se faire sans risque.<\/p>\n<\/div>\n\t\t<\/div>\n\n<\/div>\n\n\n\n<\/section>\n\n\n\t\n\t<\/div>\n<\/section>\n\n<\/div>\n<div class=\"uk-container uk-container-small\">\n\n\n\n<\/div>\n<div class=\"row_border\">\n<section id=\"block_c263a33eb2e63a5ca64688851867e29c\" class=\"block row_wrapper bground_colour_copy-grey bground_pos_sml_center_center padding_top_xlarge padding_bottom_xlarge lazyload\" style=\"background-color: #7B849A;background-image:inherit;background-size:cover;background-position:center center;\"  data-bg-image=\"url(&#039;https:\/\/twr-web-test.s3.amazonaws.com\/uploads\/2023\/05\/M02A1945_nvy-cpygry.jpg&#039;)\">\n\t<div class=\"uk-container uk-container-small\">\n\t\t\n\n\n\n\n<div class=\"block spacer padding_bottom_xlarge padding_top_xlarge\"><\/div>\n\n\n<h2 class=\"wp-block-heading has-text-align-center has-off-white-color has-text-color has-medium-font-size\" id=\"h-des-pratiques-bien-etablies-et-des-donnees-fiables\">Des pratiques bien \u00e9tablies et des donn\u00e9es fiables<\/h2>\n\n\n\n\n\n\n<div class=\"block spacer padding_bottom_xlarge padding_top_xlarge\"><\/div>\n\t\n\t<\/div>\n<\/section>\n\n<\/div>\n<div class=\"uk-container uk-container-small\">\n\n\n\n<\/div>\n\n<section id=\"block_41e77f6994703d41c274f79eaca230f7\" class=\"block row_wrapper bground_colour_white padding_top_large padding_bottom_large \" style=\"background-color: #FFFFFF;\" >\n\t<div class=\"uk-container uk-container-small\">\n\t\t\n\n\n\n\n\n<section id=\"block_28a7dd795d6a7985e8da4c6216f6f39a\" class=\"block columns_wrapper \">\n\n\t\n\n\n\n\n<div class=\"column_content padding_top_medium padding_bottom_medium \" style=\"\" >\n\t\t\t<div class=\"column_inner_content \">\n\n\t\t\t\n\n<h2 class=\"wp-block-heading has-navy-color has-text-color has-medium-font-size\">Effectuer une recherche dans la base de donn\u00e9es<\/h2>\n\n\n\n<h3 class=\"wp-block-heading has-navy-color has-text-color\">V\u00e9rifiez qu\u2019une montre n\u2019est pas perdue, vol\u00e9e ni contrefaite<\/h3>\n\n\n\n\n\n\n<div class=\"block spacer padding_bottom_xsmall padding_top_xsmall\"><\/div>\n\n<div class=\"li_wrap\">\n<ul class=\"wp-block-list\">\n<li>Achetez et vendez l\u2019esprit tranquille<\/li>\n\n\n\n<li>\u00c9vitez les pertes financi\u00e8res<\/li>\n\n\n\n<li>Prot\u00e9gez votre r\u00e9putation<\/li>\n\n\n\n<li>Obtenez un certificat attestant que les v\u00e9rifications ont \u00e9t\u00e9 faites<\/li>\n<\/ul>\n<\/div>\n\n<div class=\"p_wrap\">\n<p><strong>Recherche de num\u00e9ros de s\u00e9rie Rolex et d\u2019autres marques. Recherches par SMS, sur WhatsApp ou sur le site. R\u00e9sultats en quelques minutes.<\/strong><\/p>\n<\/div>\n\n\n\n\n\n<div class=\"block spacer padding_bottom_small padding_top_small\"><\/div>\n\n\n\n\t\t\t<div class=\"block button align_center\">\n\t\t\t<a\n\t\t\t\thref=\"https:\/\/dev.thewatchregister.com\/fr\/search\/\"\n\t\t\t\ttarget=\"\"\n\t\t\t\tclass=\"uk-button\n\t\t\t\t\tbutton_size_medium\t\t\t\t\t\t\t\t\t\t\tbground_col_copy-grey\t\t\t\t\t\thover_bground_col_off-white\t\t\t\t\t\tcol_off-white\t\t\t\t\t\thover_col_orange\t\t\t\t\t\t\t\t\t\t\"\n\t\t\t>\n\t\t\t\tLancer une recherche\t\t\t\t\t\t\t<\/a>\n\t\t<\/div>\n\t\n\t\t<\/div>\n\n<\/div>\n\n\n\n\n\n\n\n<div class=\"column_content flex bground_colour_none padding_top_medium padding_bottom_medium \" style=\"background-color: transparent;\" uk-scrollspy=\"cls: uk-animation-fade; delay: 500\">\n\t\t\t<div class=\"column_inner_content flex_center_vertical fill_column_width \">\n\n\t\t\t\n\n\n<div class=\"client_content_wrapper padding_large bground_col_user-blue\">\n\n\t\n\n<h2 class=\"wp-block-heading has-off-white-color has-text-color has-medium-font-size\">Inscription<\/h2>\n\n\n\n\n\t\t\t<div class=\"block button align_center\">\n\t\t\t<a\n\t\t\t\thref=\"https:\/\/dev.thewatchregister.com\/fr\/create-account\/\"\n\t\t\t\ttarget=\"\"\n\t\t\t\tclass=\"uk-button\n\t\t\t\t\tbutton_size_medium\t\t\t\t\t\t\t\t\t\t\tclient_button\n\t\t\t\t\t\t\t\t\t\t\t\t\tbground_col_off-white\n\t\t\t\t\t\t\thover_bground_col_user-blue\n\t\t\t\t\t\t\tcol_user-blue\n\t\t\t\t\t\t\thover_col_off-white\n\t\t\t\t\t\t\t\t\t\t\t\t\t\t\t\t\"\n\t\t\t>\n\t\t\t\tCr\u00e9er un compte\t\t\t\t\t\t\t<\/a>\n\t\t<\/div>\n\t\n\n<div class=\"p_wrap\">\n<p class=\"has-off-white-color has-text-color has-small-font-size\"><a href=\"https:\/\/dev.thewatchregister.com\/fr\/login\/\">Vous connecter \u00e0 votre compte<\/a><\/p>\n<\/div>\n\n\n\n\n\n<div class=\"block spacer padding_bottom_xsmall padding_top_xsmall\"><\/div>\n\n\n\n\t\t\t<div class=\"block button align_center\">\n\t\t\t<a\n\t\t\t\thref=\"https:\/\/dev.thewatchregister.com\/fr\/my-account\/view-search-credit-subscriptions\/\"\n\t\t\t\ttarget=\"\"\n\t\t\t\tclass=\"uk-button\n\t\t\t\t\tbutton_size_medium\t\t\t\t\t\t\t\t\t\t\tclient_button\n\t\t\t\t\t\t\t\t\t\t\t\t\tbground_col_off-white\n\t\t\t\t\t\t\thover_bground_col_user-blue\n\t\t\t\t\t\t\tcol_user-blue\n\t\t\t\t\t\t\thover_col_off-white\n\t\t\t\t\t\t\t\t\t\t\t\t\t\t\t\t\"\n\t\t\t>\n\t\t\t\tAcheter des cr\u00e9dits\t\t\t\t\t\t\t<\/a>\n\t\t<\/div>\n\t\n\n<\/div>\n\t\t<\/div>\n\n<\/div>\n\n\n\n<\/section>\n\n\n\t\n\t<\/div>\n<\/section>\n\n\n<div class=\"uk-container uk-container-small\">\n\n\n\n<div class=\"block spacer padding_bottom_ padding_top_\"><\/div>\n\n\n\n<div class=\"block spacer padding_bottom_ padding_top_\"><\/div>\n\n\n\n<\/div>\n\n<section id=\"block_bf5d2712b88c54219d6450423a50e0ef\" class=\"block row_wrapper bground_colour_navy padding_top_large padding_bottom_large \" style=\"background-color: #1F305B;\" >\n\t<div class=\"uk-container uk-container-small\">\n\t\t\n\n\n\n\n\n<section id=\"block_28a7dd795d6a7985e8da4c6216f6f39a\" class=\"block columns_wrapper \">\n\n\t\n\n\n\n\n<div class=\"column_content flex bground_colour_none padding_top_medium padding_bottom_medium \" style=\"background-color: transparent;\" uk-scrollspy=\"cls: uk-animation-fade; delay: 500\">\n\t\t\t<div class=\"column_inner_content flex_center_vertical flex_center_horizontal\">\n\n\t\t\t\n\n<figure class=\"wp-block-image size-full\"><img decoding=\"async\" data-src=\"https:\/\/twr-web.s3.amazonaws.com\/uploads\/2023\/04\/Open_Safe.svg\" alt=\"\" class=\"wp-image-427796 lazyload\" src=\"data:image\/svg+xml;base64,PHN2ZyB3aWR0aD0iMSIgaGVpZ2h0PSIxIiB4bWxucz0iaHR0cDovL3d3dy53My5vcmcvMjAwMC9zdmciPjwvc3ZnPg==\" \/><\/figure>\n\n\t\t<\/div>\n\n<\/div>\n\n\n\n\n\n\n\n<div class=\"column_content bground_colour_none padding_top_medium padding_bottom_medium \" style=\"background-color: transparent;\" >\n\t\t\t<div class=\"column_inner_content \">\n\n\t\t\t\n\n<h2 class=\"wp-block-heading has-off-white-color has-text-color has-medium-font-size\">Enregistrer une montre perdue ou vol\u00e9e<\/h2>\n\n\n\n<h3 class=\"wp-block-heading has-off-white-color has-text-color\">Mettez toutes les chances de votre c\u00f4t\u00e9 pour retrouver votre montre<\/h3>\n\n\n<div class=\"p_wrap\">\n<p class=\"has-off-white-color has-text-color has-small-font-size\">Votre montre sera ajout\u00e9e \u00e0 la plus grande base de donn\u00e9es au monde, utilis\u00e9e par les marchands, les bijoutiers, les pr\u00eateurs sur gage et les maisons de ventes aux ench\u00e8res pour identifier les montres vol\u00e9es. Nous rechercherons activement votre montre sur le march\u00e9 international des montres d\u2019occasion jusqu\u2019\u00e0 ce que nous la retrouvions.<\/p>\n<\/div>\n\n<div class=\"p_wrap\">\n<p class=\"has-off-white-color has-text-color\"><strong>50\u00a0% des <strong>montres r\u00e9cup\u00e9r\u00e9es<\/strong> sont localis\u00e9es dans l\u2019ann\u00e9e suivant le vol, et 35\u00a0% dans les 6\u00a0mois.<\/strong><\/p>\n<\/div>\n\n\n\n\n\n<div class=\"block spacer padding_bottom_medium padding_top_medium\"><\/div>\n\n\n\n\t\t\t<div class=\"block button align_center\">\n\t\t\t<a\n\t\t\t\thref=\"https:\/\/dev.thewatchregister.com\/fr\/register-loss\/\"\n\t\t\t\ttarget=\"\"\n\t\t\t\tclass=\"uk-button\n\t\t\t\t\tbutton_size_medium\t\t\t\t\t\t\t\t\t\t\tbground_col_copy-grey\t\t\t\t\t\thover_bground_col_off-white\t\t\t\t\t\tcol_off-white\t\t\t\t\t\thover_col_orange\t\t\t\t\t\t\t\t\t\t\"\n\t\t\t>\n\t\t\t\tEnregistrer une montre perdue ou vol\u00e9e\t\t\t\t\t\t\t<\/a>\n\t\t<\/div>\n\t\n\t\t<\/div>\n\n<\/div>\n\n\n\n<\/section>\n\n\n\t\n\t<\/div>\n<\/section>\n\n\n<div class=\"uk-container uk-container-small\">","protected":false},"excerpt":{"rendered":"","protected":false},"author":21321,"featured_media":0,"parent":0,"menu_order":0,"comment_status":"closed","ping_status":"closed","template":"","meta":{"_acf_changed":false,"footnotes":""},"class_list":["post-441068","page","type-page","status-publish","hentry","odd"],"acf":[],"_links":{"self":[{"href":"https:\/\/dev.thewatchregister.com\/fr\/wp-json\/wp\/v2\/pages\/441068","targetHints":{"allow":["GET"]}}],"collection":[{"href":"https:\/\/dev.thewatchregister.com\/fr\/wp-json\/wp\/v2\/pages"}],"about":[{"href":"https:\/\/dev.thewatchregister.com\/fr\/wp-json\/wp\/v2\/types\/page"}],"author":[{"embeddable":true,"href":"https:\/\/dev.thewatchregister.com\/fr\/wp-json\/wp\/v2\/users\/21321"}],"replies":[{"embeddable":true,"href":"https:\/\/dev.thewatchregister.com\/fr\/wp-json\/wp\/v2\/comments?post=441068"}],"version-history":[{"count":7,"href":"https:\/\/dev.thewatchregister.com\/fr\/wp-json\/wp\/v2\/pages\/441068\/revisions"}],"predecessor-version":[{"id":442570,"href":"https:\/\/dev.thewatchregister.com\/fr\/wp-json\/wp\/v2\/pages\/441068\/revisions\/442570"}],"wp:attachment":[{"href":"https:\/\/dev.thewatchregister.com\/fr\/wp-json\/wp\/v2\/media?parent=441068"}],"curies":[{"name":"wp","href":"https:\/\/api.w.org\/{rel}","templated":true}]}}