{"id":440038,"date":"2018-05-04T10:22:05","date_gmt":"2018-05-04T09:22:05","guid":{"rendered":"https:\/\/dev.thewatchregister.com\/search-credit-bundles\/"},"modified":"2025-05-19T12:37:39","modified_gmt":"2025-05-19T11:37:39","slug":"search-credit-bundles","status":"publish","type":"page","link":"https:\/\/dev.thewatchregister.com\/fr\/search-credit-bundles\/","title":{"rendered":"Acheter des cr\u00e9dits de recherche"},"content":{"rendered":"<p>Nos offres de cr\u00e9dits de recherches pr\u00e9pay\u00e9s s\u2019adressent aux entreprises et aux particuliers qui souhaitent rechercher r\u00e9guli\u00e8rement des num\u00e9ros de s\u00e9rie dans notre base de donn\u00e9es internationale afin de v\u00e9rifier que leurs montres ne sont pas signal\u00e9es comme perdues, vol\u00e9es ou faisant l\u2019objet d\u2019un litige.<\/p>\n<p>Vous pouvez acheter des cr\u00e9dits pouvant \u00eatre utilis\u00e9s sur le site uniquement (cr\u00e9dits \u00ab\u00a0web uniquement\u00a0\u00bb), ou sur le site et par SMS ou WhatsApp (cr\u00e9dits \u00ab\u00a0web et SMS\u00a0\u00bb). Les clients qui effectuent leurs recherches par SMS ou WhatsApp seront \u00e9galement inform\u00e9s des r\u00e9sultats par email.<\/p>\n<p>Les tarifs ci-dessous sont indiqu\u00e9s hors TVA.<\/p>\n<p><strong>PR\u00c9CISION\u00a0: LES CR\u00c9DITS PR\u00c9PAY\u00c9S SONT VALIDES PENDANT 12\u00a0MOIS \u00c0 COMPTER DE LA DATE D\u2019ACHAT.&nbsp;<\/strong><\/p>\n","protected":false},"excerpt":{"rendered":"<p>Nos offres de cr\u00e9dits de recherches pr\u00e9pay\u00e9s s\u2019adressent aux entreprises et aux particuliers qui souhaitent rechercher r\u00e9guli\u00e8rement des num\u00e9ros de s\u00e9rie dans notre base de donn\u00e9es internationale afin de v\u00e9rifier que leurs montres ne sont pas signal\u00e9es comme perdues, vol\u00e9es ou faisant l\u2019objet d\u2019un litige. Vous pouvez acheter des cr\u00e9dits pouvant \u00eatre utilis\u00e9s sur le [&hellip;]<\/p>\n","protected":false},"author":1,"featured_media":0,"parent":0,"menu_order":26,"comment_status":"closed","ping_status":"closed","template":"thewatchregister-templates\/template-search-bundles.php","meta":{"_acf_changed":false,"footnotes":""},"class_list":["post-440038","page","type-page","status-publish","hentry","odd"],"acf":[],"_links":{"self":[{"href":"https:\/\/dev.thewatchregister.com\/fr\/wp-json\/wp\/v2\/pages\/440038","targetHints":{"allow":["GET"]}}],"collection":[{"href":"https:\/\/dev.thewatchregister.com\/fr\/wp-json\/wp\/v2\/pages"}],"about":[{"href":"https:\/\/dev.thewatchregister.com\/fr\/wp-json\/wp\/v2\/types\/page"}],"author":[{"embeddable":true,"href":"https:\/\/dev.thewatchregister.com\/fr\/wp-json\/wp\/v2\/users\/1"}],"replies":[{"embeddable":true,"href":"https:\/\/dev.thewatchregister.com\/fr\/wp-json\/wp\/v2\/comments?post=440038"}],"version-history":[{"count":3,"href":"https:\/\/dev.thewatchregister.com\/fr\/wp-json\/wp\/v2\/pages\/440038\/revisions"}],"predecessor-version":[{"id":442240,"href":"https:\/\/dev.thewatchregister.com\/fr\/wp-json\/wp\/v2\/pages\/440038\/revisions\/442240"}],"wp:attachment":[{"href":"https:\/\/dev.thewatchregister.com\/fr\/wp-json\/wp\/v2\/media?parent=440038"}],"curies":[{"name":"wp","href":"https:\/\/api.w.org\/{rel}","templated":true}]}}