{"id":440034,"date":"2018-04-30T15:38:28","date_gmt":"2018-04-30T14:38:28","guid":{"rendered":"https:\/\/dev.thewatchregister.com\/search\/"},"modified":"2025-03-17T09:57:03","modified_gmt":"2025-03-17T09:57:03","slug":"search","status":"publish","type":"page","link":"https:\/\/dev.thewatchregister.com\/fr\/search\/","title":{"rendered":"Rechercher une montre"},"content":{"rendered":"<div class=\"p_wrap\">\n<p><strong>Cette pr\u00e9caution s\u2019applique \u00e9galement aux montres vendues dans leur bo\u00eete et accompagn\u00e9es de leur documentation, et aux montres qui ont d\u00e9j\u00e0 \u00e9t\u00e9 recherch\u00e9es dans notre base de donn\u00e9es par leur pr\u00e9c\u00e9dent propri\u00e9taire. <\/strong>Cela inclut les montres vendues avec leur bo\u00eete et leurs papiers, ainsi que les montres d\u00e9j\u00e0 v\u00e9rifi\u00e9es dans notre base de donn\u00e9es par un ancien propri\u00e9taire.<\/p>\n<\/div><div class=\"p_wrap\">\n<p>Tous les num\u00e9ros d\u2019identification d\u2019une montre doivent \u00eatre communiqu\u00e9s pour garantir des r\u00e9sultats fiables.<\/p>\n<\/div><div class=\"p_wrap\">\n<p>Le certificat d\u00e9livr\u00e9 pour une montre n\u2019est valide que pour le(s) num\u00e9ro(s) d\u2019identification indiqu\u00e9(s).<\/p>\n<\/div><div class=\"p_wrap\">\n<p>Pour chaque montre, trois num\u00e9ros d\u2019identification peuvent \u00eatre fournis (num\u00e9ro de s\u00e9rie, num\u00e9ro de bo\u00eetier et num\u00e9ro de mouvement).<\/p>\n<\/div><div class=\"p_wrap\">\n<p>Chaque num\u00e9ro doit \u00eatre indiqu\u00e9 dans un champ distinct.<\/p>\n<\/div><div class=\"p_wrap\">\n<p>Saisissez les num\u00e9ros sans pr\u00e9fixes (omettez les \u00e9l\u00e9ments comme \u00ab n\u00b0 \u00bb, \u00ab bo\u00eetier \u00bb, \u00ab mouvement \u00bb, etc.<\/p>\n<\/div><div class=\"p_wrap\">\n<p>Les num\u00e9ros d\u2019\u00e9dition limit\u00e9e doivent \u00eatre saisis dans les champs pr\u00e9vus \u00e0 cet effet, et non dans celui r\u00e9serv\u00e9 au num\u00e9ro de s\u00e9rie. <\/p>\n<\/div><div class=\"p_wrap\">\n<p>Montre Patek Philippe : la d\u00e9livrance du certificat n\u00e9cessite le num\u00e9ro du bo\u00eetier et le num\u00e9ro du mouvement.<\/p>\n<\/div><div class=\"p_wrap\">\n<p>Lisez nos <a href=\"https:\/\/twr-web.s3.amazonaws.com\/uploads\/2023\/05\/Due-Diligence-Guidelines-2023.pdf\">Recommandations<\/a> pour conna\u00eetre les autres pr\u00e9cautions \u00e0 prendre pour vous prot\u00e9ger lors de l\u2019achat d\u2019une montre d\u2019occasion.<\/p>\n<\/div><div class=\"p_wrap\">\n<p>Chaque recherche co\u00fbte &pound;12(+ TVA le cas \u00e9ch\u00e9ant) ou un cr\u00e9dit de recherche. <br\/> Les professionnels peuvent acheter des cr\u00e9dits pr\u00e9pay\u00e9s <a href=\"https:\/\/dev.thewatchregister.com\/fr\/search-credit-bundles\/\">en cliquant ici.<\/a> <br\/><\/p>\n<\/div><div class=\"p_wrap\">\n<p>Pour rechercher des antiquit\u00e9s, des montres \u00e0 gousset ou des bijoux, utilisez le formulaire que vous trouverez sur le site The Art Loss Register <a href=\"https:\/\/dashboard.artloss.com\/account\/search\/add\/new\">en cliquant ici<\/a>.<\/p>\n<\/div><div class=\"p_wrap\">\n<p>Nota : si vous souhaitez signaler une montre perdue ou vol\u00e9e pour qu\u2019elle soit ajout\u00e9e \u00e0 notre base de donn\u00e9es, <a href=\"https:\/\/www.thewatchregister.com\/register-loss\/\" rel=\"noopener\">cliquez ici<\/a> et n\u2019utilisez PAS ce formulaire.<\/p>\n<\/div><div class=\"p_wrap\">\n<p><\/p>\n<\/div><div class=\"p_wrap\">\n<p><\/p>\n<\/div>","protected":false},"excerpt":{"rendered":"<p>Cette pr\u00e9caution s\u2019applique \u00e9galement aux montres vendues dans leur bo\u00eete et accompagn\u00e9es de leur documentation, et aux montres qui ont d\u00e9j\u00e0 \u00e9t\u00e9 recherch\u00e9es dans notre base de donn\u00e9es par leur pr\u00e9c\u00e9dent propri\u00e9taire. Cela inclut les montres vendues avec leur bo\u00eete et leurs papiers, ainsi que les montres d\u00e9j\u00e0 v\u00e9rifi\u00e9es dans notre base de donn\u00e9es par [&hellip;]<\/p>\n","protected":false},"author":1,"featured_media":0,"parent":0,"menu_order":25,"comment_status":"closed","ping_status":"closed","template":"thewatchregister-templates\/template-submit-search.php","meta":{"_acf_changed":false,"footnotes":""},"class_list":["post-440034","page","type-page","status-publish","hentry","odd"],"acf":[],"_links":{"self":[{"href":"https:\/\/dev.thewatchregister.com\/fr\/wp-json\/wp\/v2\/pages\/440034","targetHints":{"allow":["GET"]}}],"collection":[{"href":"https:\/\/dev.thewatchregister.com\/fr\/wp-json\/wp\/v2\/pages"}],"about":[{"href":"https:\/\/dev.thewatchregister.com\/fr\/wp-json\/wp\/v2\/types\/page"}],"author":[{"embeddable":true,"href":"https:\/\/dev.thewatchregister.com\/fr\/wp-json\/wp\/v2\/users\/1"}],"replies":[{"embeddable":true,"href":"https:\/\/dev.thewatchregister.com\/fr\/wp-json\/wp\/v2\/comments?post=440034"}],"version-history":[{"count":6,"href":"https:\/\/dev.thewatchregister.com\/fr\/wp-json\/wp\/v2\/pages\/440034\/revisions"}],"predecessor-version":[{"id":441780,"href":"https:\/\/dev.thewatchregister.com\/fr\/wp-json\/wp\/v2\/pages\/440034\/revisions\/441780"}],"wp:attachment":[{"href":"https:\/\/dev.thewatchregister.com\/fr\/wp-json\/wp\/v2\/media?parent=440034"}],"curies":[{"name":"wp","href":"https:\/\/api.w.org\/{rel}","templated":true}]}}