{"id":439978,"date":"2023-04-06T07:50:47","date_gmt":"2023-04-06T06:50:47","guid":{"rendered":"https:\/\/dev.thewatchregister.com\/the-art-loss-register\/"},"modified":"2024-12-03T11:55:03","modified_gmt":"2024-12-03T11:55:03","slug":"the-art-loss-register","status":"publish","type":"page","link":"https:\/\/dev.thewatchregister.com\/fr\/the-art-loss-register\/","title":{"rendered":"The\u00a0Art\u00a0Loss\u00a0Register"},"content":{"rendered":"\n\n<\/div>\n\n<section id=\"block_44ecce2ea6a13bb09d77aef59b3c10d1\" class=\"block row_wrapper bground_colour_none padding_top_medium padding_bottom_medium \" style=\"background-color: transparent;\" >\n\t<div class=\"uk-container uk-container-small\">\n\t\t\n\n\n\n\n<div class=\"block spacer padding_bottom_medium padding_top_medium\"><\/div>\n\n\n\n\n\n\n<section id=\"block_875048af862f1e1d60b988a8b6c649bc\" class=\"block columns_wrapper \">\n\n\t\n\n\n\n\n<div class=\"column_content bground_colour_none padding_top_medium padding_bottom_medium \" style=\"background-color: transparent;\" >\n\t\t\t<div class=\"column_inner_content \">\n\n\t\t\t\n<div class=\"p_wrap\">\n<p class=\"has-large-font-size\">THE\u00a0WATCH\u00a0REGISTER fait partie de The\u00a0Art\u00a0Loss\u00a0Register\u00a0(ALR). Fond\u00e9e \u00e0 Londres en 1990, The\u00a0Art\u00a0Loss\u00a0Register g\u00e8re la premi\u00e8re base de donn\u00e9es priv\u00e9e r\u00e9pertoriant les \u0153uvres d\u2019art, antiquit\u00e9s, bijoux et objets de collection vol\u00e9s, perdus ou spoli\u00e9s. Elle r\u00e9pertorie actuellement 700\u00a0000\u00a0objets. Chaque ann\u00e9e, plus de 500\u00a0000\u00a0pi\u00e8ces vendues sur le march\u00e9 international de l\u2019art et des bijoux sont recherch\u00e9es dans la base de donn\u00e9es The\u00a0Art\u00a0Loss\u00a0Register.<\/p>\n<\/div>\n\t\t<\/div>\n\n<\/div>\n\n\n\n\n\n\n\n<div class=\"column_content bground_colour_none padding_top_medium padding_bottom_medium \" style=\"background-color: transparent;\" >\n\t\t\t<div class=\"column_inner_content \">\n\n\t\t\t\n<div class=\"p_wrap\">\n<p>The\u00a0Art\u00a0Loss\u00a0Register collabore depuis de nombreuses ann\u00e9es avec les forces de l\u2019ordre, assureurs, marchands, mus\u00e9es et particuliers \u00e0 l\u2019international pour retrouver et r\u00e9cup\u00e9rer des objets vol\u00e9s, aider la police dans ses enqu\u00eates et proposer des services de contr\u00f4le de due diligence aux professionnels. La base de donn\u00e9es a \u00e9t\u00e9 cr\u00e9\u00e9e avec l\u2019appui des compagnies d\u2019assurance et des grandes maisons de ventes aux ench\u00e8res Sotheby\u2019s et Christie\u2019s. Elle a largement contribu\u00e9 \u00e0 l\u2019am\u00e9lioration des normes sur le march\u00e9 de l\u2019art. <\/p>\n<\/div>\n\n<div class=\"p_wrap\">\n<p>Avec ses 30\u00a0ans d\u2019exp\u00e9rience, The\u00a0Art\u00a0Loss\u00a0Register est une r\u00e9f\u00e9rence internationale en mati\u00e8re d\u2019\u0153uvres d\u2019art et de bijoux perdus et vol\u00e9s. The\u00a0Art\u00a0Loss\u00a0Register a d\u00e9j\u00e0 trait\u00e9 avec succ\u00e8s des centaines de cas et r\u00e9solu autant de litiges complexes, m\u00eame apr\u00e8s expiration des d\u00e9lais de prescription. Au total, la valeur des objets dont The\u00a0Art\u00a0Loss\u00a0Register a permis la r\u00e9cup\u00e9ration se compte en centaines de millions d\u2019euros.<\/p>\n<\/div>\n\t\t<\/div>\n\n<\/div>\n\n\n\n<\/section>\n\n\n\n\n\n\n\n<div class=\"block spacer padding_bottom_medium padding_top_medium\"><\/div>\n\n\n\n\t\t\t<div class=\"block button align_center\">\n\t\t\t<a\n\t\t\t\thref=\"https:\/\/www.artloss.com\/\"\n\t\t\t\ttarget=\"\"\n\t\t\t\tclass=\"uk-button\n\t\t\t\t\tbutton_size_medium\t\t\t\t\t\t\t\t\t\t\tbground_col_copy-grey\t\t\t\t\t\thover_bground_col_navy\t\t\t\t\t\tcol_off-white\t\t\t\t\t\thover_col_orange\t\t\t\t\t\t\t\t\t\t\"\n\t\t\t>\n\t\t\t\tVisit The Art Loss Register\t\t\t\t\t\t\t<\/a>\n\t\t<\/div>\n\t\n\n\n\n\n\n<div class=\"block spacer padding_bottom_xlarge padding_top_xlarge\"><\/div>\n\t\n\t<\/div>\n<\/section>\n\n\n<div class=\"uk-container uk-container-small\">","protected":false},"excerpt":{"rendered":"","protected":false},"author":21321,"featured_media":0,"parent":0,"menu_order":0,"comment_status":"closed","ping_status":"closed","template":"","meta":{"_acf_changed":false,"footnotes":""},"class_list":["post-439978","page","type-page","status-publish","hentry","odd"],"acf":[],"_links":{"self":[{"href":"https:\/\/dev.thewatchregister.com\/fr\/wp-json\/wp\/v2\/pages\/439978","targetHints":{"allow":["GET"]}}],"collection":[{"href":"https:\/\/dev.thewatchregister.com\/fr\/wp-json\/wp\/v2\/pages"}],"about":[{"href":"https:\/\/dev.thewatchregister.com\/fr\/wp-json\/wp\/v2\/types\/page"}],"author":[{"embeddable":true,"href":"https:\/\/dev.thewatchregister.com\/fr\/wp-json\/wp\/v2\/users\/21321"}],"replies":[{"embeddable":true,"href":"https:\/\/dev.thewatchregister.com\/fr\/wp-json\/wp\/v2\/comments?post=439978"}],"version-history":[{"count":18,"href":"https:\/\/dev.thewatchregister.com\/fr\/wp-json\/wp\/v2\/pages\/439978\/revisions"}],"predecessor-version":[{"id":441569,"href":"https:\/\/dev.thewatchregister.com\/fr\/wp-json\/wp\/v2\/pages\/439978\/revisions\/441569"}],"wp:attachment":[{"href":"https:\/\/dev.thewatchregister.com\/fr\/wp-json\/wp\/v2\/media?parent=439978"}],"curies":[{"name":"wp","href":"https:\/\/api.w.org\/{rel}","templated":true}]}}