{"id":439959,"date":"2018-12-20T14:14:27","date_gmt":"2018-12-20T14:14:27","guid":{"rendered":"https:\/\/dev.thewatchregister.com\/register-loss\/"},"modified":"2025-05-19T12:34:52","modified_gmt":"2025-05-19T11:34:52","slug":"register-loss","status":"publish","type":"page","link":"https:\/\/dev.thewatchregister.com\/fr\/register-loss\/","title":{"rendered":"Enregistrer une montre perdue ou vol\u00e9e"},"content":{"rendered":"<p>Enregistrez une montre dans la plus grande base de donn\u00e9es de montres perdues et vol\u00e9es au monde. Nous la rechercherons sur le march\u00e9 international. Si nous la retrouvons, nous vous en avertirons imm\u00e9diatement et, au besoin, nous vous aiderons \u00e0 la r\u00e9cup\u00e9rer.<\/p>\n<p>Notez que pour proc\u00e9der \u00e0 l\u2019enregistrement d\u2019une montre, nous avons imp\u00e9rativement besoin de <strong>son num\u00e9ro de s\u00e9rie unique et d\u2019un document attestant de sa disparition<\/strong>. Il s\u2019agit g\u00e9n\u00e9ralement de la r\u00e9f\u00e9rence de la plainte d\u00e9pos\u00e9e \u00e0 la police et\/ou de la d\u00e9claration \u00e0 l\u2019assureur. Si vous n\u2019\u00eates pas en mesure de fournir ces \u00e9l\u00e9ments, contactez-nous par t\u00e9l\u00e9phone pour en discuter.<\/p>\n<p>Vous pouvez remplir un seul formulaire pour enregistrer plusieurs montres vol\u00e9es en m\u00eame temps. Vous devrez toutefois remplir un nouveau formulaire d\u2019enregistrement pour chaque perte ou vol distinct.<\/p>\n<p>THE\u00a0WATCH\u00a0REGISTER facture des frais de gestion non remboursables de &pound;15 (+ TVA) par montre pour analyser et traiter votre demande d\u2019enregistrement. Si nous localisons votre montre et que le processus de r\u00e9cup\u00e9ration aboutit, des frais de localisation de 5\u00a0% de votre b\u00e9n\u00e9fice net final seront factur\u00e9s (reportez-vous aux <a href=\"https:\/\/dev.thewatchregister.com\/fr\/terms-and-conditions\/loss-registrations\/\">Conditions d\u2019utilisation<\/a> pour plus d\u2019informations sur ces frais et sur notre service de r\u00e9cup\u00e9ration facultatif).<\/p>\n<p>Pour enregistrer une antiquit\u00e9 ou une montre \u00e0 gousset, remplissez le formulaire que vous trouverez sur le site de The\u00a0Art\u00a0Loss\u00a0Register <a href=\"https:\/\/dashboard.artloss.com\/account\/register\/add\" target=\"_blank\" rel=\"noopener noreferrer\">en cliquant ici<\/a>.<\/p>\n<p>Nota\u00a0: les forces de l\u2019ordre et les assureurs peuvent enregistrer gratuitement des pertes et des vols de montres. Vous pouvez nous contacter en \u00e9crivant \u00e0 <a href=\"mailto:info@thewatchregister.com\">info@thewatchregister.com<\/a>.<\/p>\n","protected":false},"excerpt":{"rendered":"<p>Enregistrez une montre dans la plus grande base de donn\u00e9es de montres perdues et vol\u00e9es au monde. Nous la rechercherons sur le march\u00e9 international. Si nous la retrouvons, nous vous en avertirons imm\u00e9diatement et, au besoin, nous vous aiderons \u00e0 la r\u00e9cup\u00e9rer. Notez que pour proc\u00e9der \u00e0 l\u2019enregistrement d\u2019une montre, nous avons imp\u00e9rativement besoin de [&hellip;]<\/p>\n","protected":false},"author":1,"featured_media":0,"parent":0,"menu_order":0,"comment_status":"closed","ping_status":"closed","template":"thewatchregister-templates\/template-submit-loss-registration.php","meta":{"_acf_changed":false,"footnotes":""},"class_list":["post-439959","page","type-page","status-publish","hentry","odd"],"acf":[],"_links":{"self":[{"href":"https:\/\/dev.thewatchregister.com\/fr\/wp-json\/wp\/v2\/pages\/439959","targetHints":{"allow":["GET"]}}],"collection":[{"href":"https:\/\/dev.thewatchregister.com\/fr\/wp-json\/wp\/v2\/pages"}],"about":[{"href":"https:\/\/dev.thewatchregister.com\/fr\/wp-json\/wp\/v2\/types\/page"}],"author":[{"embeddable":true,"href":"https:\/\/dev.thewatchregister.com\/fr\/wp-json\/wp\/v2\/users\/1"}],"replies":[{"embeddable":true,"href":"https:\/\/dev.thewatchregister.com\/fr\/wp-json\/wp\/v2\/comments?post=439959"}],"version-history":[{"count":4,"href":"https:\/\/dev.thewatchregister.com\/fr\/wp-json\/wp\/v2\/pages\/439959\/revisions"}],"predecessor-version":[{"id":442224,"href":"https:\/\/dev.thewatchregister.com\/fr\/wp-json\/wp\/v2\/pages\/439959\/revisions\/442224"}],"wp:attachment":[{"href":"https:\/\/dev.thewatchregister.com\/fr\/wp-json\/wp\/v2\/media?parent=439959"}],"curies":[{"name":"wp","href":"https:\/\/api.w.org\/{rel}","templated":true}]}}