{"id":439955,"date":"2023-04-26T09:14:02","date_gmt":"2023-04-26T08:14:02","guid":{"rendered":"https:\/\/dev.thewatchregister.com\/recovery\/"},"modified":"2025-09-04T17:49:25","modified_gmt":"2025-09-04T16:49:25","slug":"recovery","status":"publish","type":"page","link":"https:\/\/dev.thewatchregister.com\/fr\/recovery\/","title":{"rendered":"R\u00e9cup\u00e9ration"},"content":{"rendered":"\n\n\n\n<div class=\"block spacer padding_bottom_large padding_top_large\"><\/div>\n\n<\/div>\n\n<section id=\"block_1b733e8dbeae37e527a5bf21670e2eb8\" class=\"block row_wrapper bground_colour_none padding_top_medium padding_bottom_medium \" style=\"background-color: transparent;\" >\n\t<div class=\"uk-container uk-container-small\">\n\t\t\n\n\n\n\n\n<section id=\"block_741e3f41f6bd3cef85a0861da3e6f3c0\" class=\"block columns_wrapper \">\n\n\t\n\n\n\n\n<div class=\"column_content bground_colour_none padding_top_medium padding_bottom_medium \" style=\"background-color: transparent;\" >\n\t\t\t<div class=\"column_inner_content \">\n\n\t\t\t\n<div class=\"p_wrap\">\n<p class=\"has-large-font-size\">Avec 5 000 montres perdues et vol\u00e9es retrouv\u00e9es au cours des 10 derni\u00e8res ann\u00e9es, l\u2019\u00e9quipe de THE WATCH REGISTER a une exp\u00e9rience in\u00e9gal\u00e9e dans la localisation et la r\u00e9cup\u00e9ration de montres. Nos experts sp\u00e9cialis\u00e9s interviennent pour r\u00e9cup\u00e9rer une montre vol\u00e9e d\u00e8s qu\u2019elle est localis\u00e9e. Nous prenons les mesures n\u00e9cessaires pour la mettre en s\u00e9curit\u00e9 et travaillons main dans la main avec les forces de l\u2019ordre tout au long du processus de r\u00e9cup\u00e9ration afin de maximiser les chances de restitution.<\/p>\n<\/div>\n\t\t<\/div>\n\n<\/div>\n\n\n\n\n\n\n\n<div class=\"column_content bground_colour_none padding_top_medium padding_bottom_medium \" style=\"background-color: transparent;\" >\n\t\t\t<div class=\"column_inner_content \">\n\n\t\t\t\n<div class=\"p_wrap\">\n<p>Les victimes de vol et les assureurs peuvent mandater nos experts pour r\u00e9cup\u00e9rer une montre vol\u00e9e. Lorsque la r\u00e9cup\u00e9ration d\u2019un objet nous est confi\u00e9e, nous engageons les d\u00e9marches pour le compte du propri\u00e9taire l\u00e9gitime et prenons contact avec toutes les parties concern\u00e9es (forces de l\u2019ordre, assureur, vendeur et victime) afin que la montre soit restitu\u00e9e \u00e0 qui de droit ou qu\u2019un accord financier soit trouv\u00e9. <\/p>\n<\/div>\n\n<div class=\"p_wrap\">\n<p>En 35 ans d\u2019activit\u00e9s dans le giron de notre soci\u00e9t\u00e9 m\u00e8re, <a href=\"https:\/\/www.artloss.com\/\">The\u00a0Art Loss Register<\/a>, nous avons acquis une expertise consid\u00e9rable dans la r\u00e9solution des litiges complexes li\u00e9s \u00e0 la propri\u00e9t\u00e9. Nos n\u00e9gociations sont fructueuses, m\u00eame apr\u00e8s expiration des d\u00e9lais de prescription. Gr\u00e2ce \u00e0 notre collaboration de longue date avec les forces de l\u2019ordre et les acteurs du march\u00e9 des montres \u00e0 l\u2019international, nous occupons une position privil\u00e9gi\u00e9e pour aider les victimes et les assureurs \u00e0 r\u00e9cup\u00e9rer les objets vol\u00e9s.<\/p>\n<\/div>\n\n<div class=\"p_wrap\">\n<p>Nos services sont factur\u00e9s uniquement en cas de succ\u00e8s.<\/p>\n<\/div>\n\n<div class=\"p_wrap\">\n<p>Si vous d\u00e9cidez de mandater THE\u00a0WATCH\u00a0REGISTER pour r\u00e9cup\u00e9rer votre montre, une commission de 20\u00a0% de votre b\u00e9n\u00e9fice net final (soit la valeur marchande actuelle de la montre) vous sera factur\u00e9e si le processus aboutit.  <\/p>\n<\/div>\n\n<div class=\"p_wrap\">\n<p>Si vous souhaitez proc\u00e9der vous-m\u00eame \u00e0 la r\u00e9cup\u00e9ration ou faire appel aux forces de police, des frais de localisation de 5\u00a0% de votre b\u00e9n\u00e9fice net final vous sont factur\u00e9s uniquement si le processus de r\u00e9cup\u00e9ration aboutit et que THE\u00a0WATCH\u00a0REGISTER est \u00e0 l&#8217;origine de la localisation. <\/p>\n<\/div>\n\n<div class=\"p_wrap\">\n<p>Vous pourrez choisir l\u2019option qui vous convient le mieux au moment o\u00f9 nous vous avertirons que votre montre a \u00e9t\u00e9 retrouv\u00e9e.<\/p>\n<\/div>\n\n\n\n\t\t\t<div class=\"block button align_center\">\n\t\t\t<a\n\t\t\t\thref=\"https:\/\/dev.thewatchregister.com\/fr\/terms-and-conditions\/loss-registrations\/\"\n\t\t\t\ttarget=\"\"\n\t\t\t\tclass=\"uk-button\n\t\t\t\t\tbutton_size_medium\t\t\t\t\t\t\t\t\t\t\tbground_col_copy-grey\t\t\t\t\t\thover_bground_col_navy\t\t\t\t\t\tcol_off-white\t\t\t\t\t\thover_col_orange\t\t\t\t\t\t\t\t\t\t\"\n\t\t\t>\n\t\t\t\tConditions d\u2019utilisation des enregistrements de biens perdus ou vol\u00e9s\t\t\t\t\t\t\t<\/a>\n\t\t<\/div>\n\t\n\t\t<\/div>\n\n<\/div>\n\n\n\n<\/section>\n\n\n\t\n\t<\/div>\n<\/section>\n\n\n<div class=\"uk-container uk-container-small\">\n\n\n\n<div class=\"block spacer padding_bottom_large padding_top_large\"><\/div>","protected":false},"excerpt":{"rendered":"","protected":false},"author":21321,"featured_media":0,"parent":0,"menu_order":0,"comment_status":"closed","ping_status":"closed","template":"","meta":{"_acf_changed":false,"footnotes":""},"class_list":["post-439955","page","type-page","status-publish","hentry","odd"],"acf":[],"_links":{"self":[{"href":"https:\/\/dev.thewatchregister.com\/fr\/wp-json\/wp\/v2\/pages\/439955","targetHints":{"allow":["GET"]}}],"collection":[{"href":"https:\/\/dev.thewatchregister.com\/fr\/wp-json\/wp\/v2\/pages"}],"about":[{"href":"https:\/\/dev.thewatchregister.com\/fr\/wp-json\/wp\/v2\/types\/page"}],"author":[{"embeddable":true,"href":"https:\/\/dev.thewatchregister.com\/fr\/wp-json\/wp\/v2\/users\/21321"}],"replies":[{"embeddable":true,"href":"https:\/\/dev.thewatchregister.com\/fr\/wp-json\/wp\/v2\/comments?post=439955"}],"version-history":[{"count":30,"href":"https:\/\/dev.thewatchregister.com\/fr\/wp-json\/wp\/v2\/pages\/439955\/revisions"}],"predecessor-version":[{"id":442782,"href":"https:\/\/dev.thewatchregister.com\/fr\/wp-json\/wp\/v2\/pages\/439955\/revisions\/442782"}],"wp:attachment":[{"href":"https:\/\/dev.thewatchregister.com\/fr\/wp-json\/wp\/v2\/media?parent=439955"}],"curies":[{"name":"wp","href":"https:\/\/api.w.org\/{rel}","templated":true}]}}