{"id":439951,"date":"2023-04-06T11:28:30","date_gmt":"2023-04-06T10:28:30","guid":{"rendered":"https:\/\/dev.thewatchregister.com\/private-individuals\/"},"modified":"2025-09-05T10:14:43","modified_gmt":"2025-09-05T09:14:43","slug":"private-individuals","status":"publish","type":"page","link":"https:\/\/dev.thewatchregister.com\/fr\/private-individuals\/","title":{"rendered":"Particuliers"},"content":{"rendered":"\n\n\n\n<div class=\"block spacer padding_bottom_medium padding_top_medium\"><\/div>\n\n<\/div>\n<div class=\"row_border\">\n<section id=\"block_6f57dd5f68cefaf7af2e3475821c018b\" class=\"block row_wrapper bground_colour_secondary-blue padding_top_xlarge padding_bottom_xlarge \" style=\"background-color: #E1EBEE;\" >\n\t<div class=\"uk-container uk-container-small\">\n\t\t\n\n\n\n\n\n<section id=\"block_05047b0aa47e837979aa9061d16f4f28\" class=\"block columns_wrapper \">\n\n\t\n\n\n\n\n<div class=\"column_content bground_colour_none padding_top_medium padding_bottom_medium \" style=\"background-color: transparent;\" >\n\t\t\t<div class=\"column_inner_content \">\n\n\t\t\t\n\n<h1 class=\"wp-block-heading has-navy-color has-text-color has-extra-large-font-size\" id=\"h-private-individuals\">Particuliers<\/h1>\n\n\t\t<\/div>\n\n<\/div>\n\n\n\n<\/section>\n\n\n\n\n\n\n\n\n<section id=\"block_05047b0aa47e837979aa9061d16f4f28\" class=\"block columns_wrapper \">\n\n\t\n\n\n\n\n<div class=\"column_content bground_colour_none padding_top_medium padding_bottom_medium \" style=\"background-color: transparent;\" >\n\t\t\t<div class=\"column_inner_content \">\n\n\t\t\t\n\n<figure class=\"wp-block-image alignleft size-full is-resized\"><img decoding=\"async\" data-src=\"https:\/\/twr-web.s3.amazonaws.com\/uploads\/2023\/04\/private_individuals-icon.svg\" alt=\"\" class=\"wp-image-427832 lazyload\" width=\"60\" src=\"data:image\/svg+xml;base64,PHN2ZyB3aWR0aD0iMSIgaGVpZ2h0PSIxIiB4bWxucz0iaHR0cDovL3d3dy53My5vcmcvMjAwMC9zdmciPjwvc3ZnPg==\" \/><\/figure>\n\n\t\t<\/div>\n\n<\/div>\n\n\n\n\n\n\n\n<div class=\"column_content bground_colour_none padding_top_medium padding_bottom_medium \" style=\"background-color: transparent;\" >\n\t\t\t<div class=\"column_inner_content \">\n\n\t\t\t\t\t<\/div>\n\n<\/div>\n\n\n\n<\/section>\n\n\n\n\n\n\n\n\n<section id=\"block_05047b0aa47e837979aa9061d16f4f28\" class=\"block columns_wrapper \">\n\n\t\n\n\n\n\n<div class=\"column_content bground_colour_none padding_top_medium padding_bottom_medium \" style=\"background-color: transparent;\" >\n\t\t\t<div class=\"column_inner_content \">\n\n\t\t\t\n<div class=\"p_wrap\">\n<p class=\"has-navy-color has-text-color has-extra-large-font-size\">R\u00e9cup\u00e9rez une montre vol\u00e9e ou perdue en l\u2019enregistrant dans la base de donn\u00e9es THE\u00a0WATCH\u00a0REGISTER et en faisant appel \u00e0 notre service de r\u00e9cup\u00e9ration sp\u00e9cialis\u00e9. Achetez en toute confiance en recherchant le num\u00e9ro de s\u00e9rie de montres d\u2019occasion dans la base de donn\u00e9es THE\u00a0WATCH\u00a0REGISTER. <\/p>\n<\/div>\n\t\t<\/div>\n\n<\/div>\n\n\n\n\n\n\n\n<div class=\"column_content bground_colour_none padding_top_medium padding_bottom_medium \" style=\"background-color: transparent;\" >\n\t\t\t<div class=\"column_inner_content \">\n\n\t\t\t\n<div class=\"p_wrap\">\n<p class=\"has-navy-color has-text-color\">Votre montre a disparu ou \u00e9t\u00e9 vol\u00e9e\u00a0? Enregistrez-la dans la base de donn\u00e9es THE\u00a0WATCH\u00a0REGISTER afin de mettre toutes les chances de votre c\u00f4t\u00e9 pour la r\u00e9cup\u00e9rer. Nous effectuons des recherches d\u2019ampleur sur le march\u00e9 international pour localiser les montres perdues et vol\u00e9es, m\u00eame lorsque celles-ci ont d\u00e9j\u00e0 travers\u00e9 les fronti\u00e8res.\u00a0<\/p>\n<\/div>\n\n<div class=\"p_wrap\">\n<p class=\"has-navy-color has-text-color\"><div class=\"p_wrap\">&#13;\n<p class=\"has-navy-color has-text-color\">Notre \u00e9quipe d\u2019experts propose des services de r\u00e9cup\u00e9ration sp\u00e9cialis\u00e9s depuis 35 ans et a fait ses preuves dans le domaine de la r\u00e9cup\u00e9ration de biens vol\u00e9s. Pour en savoir plus sur nos services de r\u00e9cup\u00e9ration,\u00a0<a href=\"https:\/\/dev.thewatchregister.com\/fr\/recovery\/\">cliquez ici<\/a>.<\/p>&#13;\n&#13;\n<\/div><\/p>\n<\/div>\n\n<div class=\"p_wrap\">\n<p class=\"has-navy-color has-text-color\">Si vous envisagez d\u2019acheter une montre d\u2019occasion, quelle que soit la marque, recherchez son num\u00e9ro de s\u00e9rie dans notre base de donn\u00e9es avant de franchir le pas. Cette v\u00e9rification est le moyen le plus efficace pour vous assurer d\u2019acqu\u00e9rir le titre de propri\u00e9t\u00e9 de l\u2019objet et de ne pas perdre votre investissement. Les montres vendues dans leur bo\u00eete et accompagn\u00e9es de leur documentation doivent \u00e9galement faire l\u2019objet d\u2019un contr\u00f4le pour vous prot\u00e9ger au mieux des risques li\u00e9s aux vols et \u00e0 la fraude. \u00c0 l\u2019issue de la v\u00e9rification, un certificat est d\u00e9livr\u00e9 pour chaque montre qui n\u2019est pas r\u00e9pertori\u00e9e dans notre base de donn\u00e9es. Ce document atteste que la provenance de l\u2019objet a \u00e9t\u00e9 v\u00e9rifi\u00e9e et constitue un gage de bonne foi.\u00a0<\/p>\n<\/div>\n\t\t<\/div>\n\n<\/div>\n\n\n\n<\/section>\n\n\n\t\n\t<\/div>\n<\/section>\n\n<\/div>\n<div class=\"uk-container uk-container-small\">\n\n<\/div>\n\n<section id=\"block_db43cf2434aa48ea527c3280e1e4a6ca\" class=\"block row_wrapper bground_colour_navy padding_top_large padding_bottom_large \" style=\"background-color: #1F305B;\" >\n\t<div class=\"uk-container uk-container-small\">\n\t\t\n\n\n\n\n\n<section id=\"block_cd9a79902f2b0814f398ea7c2103a473\" class=\"block columns_wrapper \">\n\n\t\n\n\n\n\n<div class=\"column_content flex bground_colour_none padding_top_medium padding_bottom_medium \" style=\"background-color: transparent;\" uk-scrollspy=\"cls: uk-animation-fade; delay: 500\">\n\t\t\t<div class=\"column_inner_content flex_center_vertical flex_center_horizontal\">\n\n\t\t\t\n\n<figure class=\"wp-block-image size-full\"><img decoding=\"async\" data-src=\"https:\/\/twr-web.s3.amazonaws.com\/uploads\/2023\/04\/Open_Safe.svg\" alt=\"\" class=\"wp-image-427796 lazyload\" src=\"data:image\/svg+xml;base64,PHN2ZyB3aWR0aD0iMSIgaGVpZ2h0PSIxIiB4bWxucz0iaHR0cDovL3d3dy53My5vcmcvMjAwMC9zdmciPjwvc3ZnPg==\" \/><\/figure>\n\n\t\t<\/div>\n\n<\/div>\n\n\n\n\n\n\n\n<div class=\"column_content bground_colour_none padding_top_medium padding_bottom_medium \" style=\"background-color: transparent;\" >\n\t\t\t<div class=\"column_inner_content \">\n\n\t\t\t\n\n<h2 class=\"wp-block-heading has-off-white-color has-text-color has-medium-font-size\">Enregistrer une montre perdue ou vol\u00e9e<\/h2>\n\n\n\n<h3 class=\"wp-block-heading has-off-white-color has-text-color\">Mettez toutes les chances de votre c\u00f4t\u00e9 pour retrouver votre montre<\/h3>\n\n\n<div class=\"p_wrap\">\n<p class=\"has-off-white-color has-text-color has-small-font-size\">Votre montre sera ajout\u00e9e \u00e0 la plus grande base de donn\u00e9es au monde, utilis\u00e9e par les marchands, les bijoutiers, les pr\u00eateurs sur gage et les maisons de ventes aux ench\u00e8res pour identifier les montres vol\u00e9es. Nous rechercherons activement votre montre sur le march\u00e9 international des montres d\u2019occasion jusqu\u2019\u00e0 ce que nous la retrouvions.<\/p>\n<\/div>\n\n<div class=\"p_wrap\">\n<p class=\"has-off-white-color has-text-color\"><strong>50\u00a0% des <strong>montres r\u00e9cup\u00e9r\u00e9es<\/strong> sont localis\u00e9es dans l\u2019ann\u00e9e suivant le vol, et 35\u00a0% dans les 6\u00a0mois.<\/strong><\/p>\n<\/div>\n\n\n\n\n\n<div class=\"block spacer padding_bottom_medium padding_top_medium\"><\/div>\n\n\n\n\t\t\t<div class=\"block button align_center\">\n\t\t\t<a\n\t\t\t\thref=\"https:\/\/dev.thewatchregister.com\/fr\/register-loss\/\"\n\t\t\t\ttarget=\"\"\n\t\t\t\tclass=\"uk-button\n\t\t\t\t\tbutton_size_medium\t\t\t\t\t\t\t\t\t\t\tbground_col_copy-grey\t\t\t\t\t\thover_bground_col_off-white\t\t\t\t\t\tcol_off-white\t\t\t\t\t\thover_col_orange\t\t\t\t\t\t\t\t\t\t\"\n\t\t\t>\n\t\t\t\tEnregistrer une montre perdue ou vol\u00e9e\t\t\t\t\t\t\t<\/a>\n\t\t<\/div>\n\t\n\t\t<\/div>\n\n<\/div>\n\n\n\n<\/section>\n\n\n\t\n\t<\/div>\n<\/section>\n\n\n<div class=\"uk-container uk-container-small\">\n\n<\/div>\n\n<section id=\"block_197805b65996fc3c9f8b53b592364902\" class=\"block row_wrapper bground_colour_white padding_top_large padding_bottom_large \" style=\"background-color: #FFFFFF;\" >\n\t<div class=\"uk-container uk-container-small\">\n\t\t\n\n\n\n\n\n<section id=\"block_cd9a79902f2b0814f398ea7c2103a473\" class=\"block columns_wrapper \">\n\n\t\n\n\n\n\n<div class=\"column_content padding_top_medium padding_bottom_medium \" style=\"\" >\n\t\t\t<div class=\"column_inner_content \">\n\n\t\t\t\n\n<h2 class=\"wp-block-heading has-navy-color has-text-color has-medium-font-size\">Effectuer une recherche dans la base de donn\u00e9es<\/h2>\n\n\n\n<h3 class=\"wp-block-heading has-navy-color has-text-color\">V\u00e9rifiez qu\u2019une montre n\u2019est pas perdue, vol\u00e9e ni contrefaite<\/h3>\n\n\n\n\n\n\n<div class=\"block spacer padding_bottom_xsmall padding_top_xsmall\"><\/div>\n\n<div class=\"li_wrap\">\n<ul class=\"wp-block-list\">\n<li>Achetez et vendez l\u2019esprit tranquille<\/li>\n\n\n\n<li>\u00c9vitez les pertes financi\u00e8res<\/li>\n\n\n\n<li>Prot\u00e9gez votre r\u00e9putation<\/li>\n\n\n\n<li>Obtenez un certificat attestant que les v\u00e9rifications ont \u00e9t\u00e9 faites<\/li>\n<\/ul>\n<\/div>\n\n<div class=\"p_wrap\">\n<p><strong>Recherche de num\u00e9ros de s\u00e9rie Rolex et d\u2019autres marques. Recherches par SMS, sur WhatsApp ou sur le site. R\u00e9sultats en quelques minutes.<\/strong><\/p>\n<\/div>\n\n\n\n\n\n<div class=\"block spacer padding_bottom_small padding_top_small\"><\/div>\n\n\n\n\t\t\t<div class=\"block button align_center\">\n\t\t\t<a\n\t\t\t\thref=\"https:\/\/dev.thewatchregister.com\/fr\/search\/\"\n\t\t\t\ttarget=\"\"\n\t\t\t\tclass=\"uk-button\n\t\t\t\t\tbutton_size_medium\t\t\t\t\t\t\t\t\t\t\tbground_col_copy-grey\t\t\t\t\t\thover_bground_col_off-white\t\t\t\t\t\tcol_off-white\t\t\t\t\t\thover_col_orange\t\t\t\t\t\t\t\t\t\t\"\n\t\t\t>\n\t\t\t\tLancer une recherche\t\t\t\t\t\t\t<\/a>\n\t\t<\/div>\n\t\n\t\t<\/div>\n\n<\/div>\n\n\n\n\n\n\n\n<div class=\"column_content flex bground_colour_none padding_top_medium padding_bottom_medium \" style=\"background-color: transparent;\" uk-scrollspy=\"cls: uk-animation-fade; delay: 500\">\n\t\t\t<div class=\"column_inner_content flex_center_vertical fill_column_width \">\n\n\t\t\t\n\n\n<div class=\"client_content_wrapper padding_large bground_col_user-blue\">\n\n\t\n\n<h2 class=\"wp-block-heading has-off-white-color has-text-color has-medium-font-size\">Inscription<\/h2>\n\n\n\n\n\t\t\t<div class=\"block button align_center\">\n\t\t\t<a\n\t\t\t\thref=\"https:\/\/dev.thewatchregister.com\/fr\/create-account\/\"\n\t\t\t\ttarget=\"\"\n\t\t\t\tclass=\"uk-button\n\t\t\t\t\tbutton_size_medium\t\t\t\t\t\t\t\t\t\t\tclient_button\n\t\t\t\t\t\t\t\t\t\t\t\t\tbground_col_off-white\n\t\t\t\t\t\t\thover_bground_col_user-blue\n\t\t\t\t\t\t\tcol_user-blue\n\t\t\t\t\t\t\thover_col_off-white\n\t\t\t\t\t\t\t\t\t\t\t\t\t\t\t\t\"\n\t\t\t>\n\t\t\t\tCr\u00e9er un compte\t\t\t\t\t\t\t<\/a>\n\t\t<\/div>\n\t\n\n<div class=\"p_wrap\">\n<p class=\"has-off-white-color has-text-color has-small-font-size\"><a href=\"https:\/\/dev.thewatchregister.com\/fr\/login\/\">Vous connecter \u00e0 votre compte<\/a><\/p>\n<\/div>\n\n\n\n\n\n<div class=\"block spacer padding_bottom_xsmall padding_top_xsmall\"><\/div>\n\n\n\n\t\t\t<div class=\"block button align_center\">\n\t\t\t<a\n\t\t\t\thref=\"https:\/\/dev.thewatchregister.com\/fr\/my-account\/view-search-credit-subscriptions\/\"\n\t\t\t\ttarget=\"\"\n\t\t\t\tclass=\"uk-button\n\t\t\t\t\tbutton_size_medium\t\t\t\t\t\t\t\t\t\t\tclient_button\n\t\t\t\t\t\t\t\t\t\t\t\t\tbground_col_off-white\n\t\t\t\t\t\t\thover_bground_col_user-blue\n\t\t\t\t\t\t\tcol_user-blue\n\t\t\t\t\t\t\thover_col_off-white\n\t\t\t\t\t\t\t\t\t\t\t\t\t\t\t\t\"\n\t\t\t>\n\t\t\t\tAcheter des cr\u00e9dits\t\t\t\t\t\t\t<\/a>\n\t\t<\/div>\n\t\n\n<\/div>\n\t\t<\/div>\n\n<\/div>\n\n\n\n<\/section>\n\n\n\t\n\t<\/div>\n<\/section>\n\n\n<div class=\"uk-container uk-container-small\">\n\n\n\n<div class=\"block spacer padding_bottom_ padding_top_\"><\/div>\n\n\n\n<div class=\"block spacer padding_bottom_ padding_top_\"><\/div>","protected":false},"excerpt":{"rendered":"","protected":false},"author":21321,"featured_media":0,"parent":0,"menu_order":0,"comment_status":"closed","ping_status":"closed","template":"","meta":{"_acf_changed":false,"footnotes":""},"class_list":["post-439951","page","type-page","status-publish","hentry","odd"],"acf":[],"_links":{"self":[{"href":"https:\/\/dev.thewatchregister.com\/fr\/wp-json\/wp\/v2\/pages\/439951","targetHints":{"allow":["GET"]}}],"collection":[{"href":"https:\/\/dev.thewatchregister.com\/fr\/wp-json\/wp\/v2\/pages"}],"about":[{"href":"https:\/\/dev.thewatchregister.com\/fr\/wp-json\/wp\/v2\/types\/page"}],"author":[{"embeddable":true,"href":"https:\/\/dev.thewatchregister.com\/fr\/wp-json\/wp\/v2\/users\/21321"}],"replies":[{"embeddable":true,"href":"https:\/\/dev.thewatchregister.com\/fr\/wp-json\/wp\/v2\/comments?post=439951"}],"version-history":[{"count":48,"href":"https:\/\/dev.thewatchregister.com\/fr\/wp-json\/wp\/v2\/pages\/439951\/revisions"}],"predecessor-version":[{"id":442830,"href":"https:\/\/dev.thewatchregister.com\/fr\/wp-json\/wp\/v2\/pages\/439951\/revisions\/442830"}],"wp:attachment":[{"href":"https:\/\/dev.thewatchregister.com\/fr\/wp-json\/wp\/v2\/media?parent=439951"}],"curies":[{"name":"wp","href":"https:\/\/api.w.org\/{rel}","templated":true}]}}