{"id":439935,"date":"2023-04-06T11:00:41","date_gmt":"2023-04-06T10:00:41","guid":{"rendered":"https:\/\/dev.thewatchregister.com\/insurers\/"},"modified":"2025-05-19T10:52:32","modified_gmt":"2025-05-19T09:52:32","slug":"insurers","status":"publish","type":"page","link":"https:\/\/dev.thewatchregister.com\/fr\/insurers\/","title":{"rendered":"Assureurs"},"content":{"rendered":"\n\n\n\n<div class=\"block spacer padding_bottom_medium padding_top_medium\"><\/div>\n\n<\/div>\n<div class=\"row_border\">\n<section id=\"block_47399df1971295773ec7ee0b42541786\" class=\"block row_wrapper bground_colour_secondary-blue padding_top_xlarge padding_bottom_xlarge \" style=\"background-color: #E1EBEE;\" >\n\t<div class=\"uk-container uk-container-small\">\n\t\t\n\n\n\n\n\n<section id=\"block_480652de5a703d873eb5f649bed4a979\" class=\"block columns_wrapper \">\n\n\t\n\n\n\n\n<div class=\"column_content bground_colour_none padding_top_medium padding_bottom_medium \" style=\"background-color: transparent;\" >\n\t\t\t<div class=\"column_inner_content \">\n\n\t\t\t\n\n<h2 class=\"wp-block-heading has-navy-color has-text-color has-extra-large-font-size\" id=\"h-insurers\">Assureurs<\/h2>\n\n\t\t<\/div>\n\n<\/div>\n\n\n\n<\/section>\n\n\n\n\n\n\n\n\n<section id=\"block_480652de5a703d873eb5f649bed4a979\" class=\"block columns_wrapper \">\n\n\t\n\n\n\n\n<div class=\"column_content bground_colour_none padding_top_medium padding_bottom_medium \" style=\"background-color: transparent;\" >\n\t\t\t<div class=\"column_inner_content \">\n\n\t\t\t\n\n<figure class=\"wp-block-image size-full is-resized\"><img decoding=\"async\" data-src=\"https:\/\/twr-web.s3.amazonaws.com\/uploads\/2023\/04\/insurers-icon.svg\" alt=\"\" class=\"wp-image-427826 lazyload\" width=\"60\" src=\"data:image\/svg+xml;base64,PHN2ZyB3aWR0aD0iMSIgaGVpZ2h0PSIxIiB4bWxucz0iaHR0cDovL3d3dy53My5vcmcvMjAwMC9zdmciPjwvc3ZnPg==\" \/><\/figure>\n\n\t\t<\/div>\n\n<\/div>\n\n\n\n\n\n\n\n<div class=\"column_content bground_colour_none padding_top_medium padding_bottom_medium \" style=\"background-color: transparent;\" >\n\t\t\t<div class=\"column_inner_content \">\n\n\t\t\t\t\t<\/div>\n\n<\/div>\n\n\n\n<\/section>\n\n\n\n\n\n\n\n\n<section id=\"block_480652de5a703d873eb5f649bed4a979\" class=\"block columns_wrapper \">\n\n\t\n\n\n\n\n<div class=\"column_content bground_colour_none padding_top_medium padding_bottom_medium \" style=\"background-color: transparent;\" >\n\t\t\t<div class=\"column_inner_content \">\n\n\t\t\t\n<div class=\"p_wrap\">\n<p class=\"has-navy-color has-text-color has-extra-large-font-size\">THE\u00a0WATCH\u00a0REGISTER permet aux assureurs d&#8217;enregistrer les montres, bijoux et \u0153uvres d\u2019art perdus et vol\u00e9s pour qu&#8217;ils puissent \u00eatre ajout\u00e9s gratuitement \u00e0 la base de donn\u00e9es. Ce service constitue l&#8217;outil le plus efficace pour aider les assureurs \u00e0 optimiser leurs chances de restituer les objets \u00e0 leur propri\u00e9taire, r\u00e9duire facilement leur taux de pertes et d\u00e9tecter la fraude.<\/p>\n<\/div>\n\t\t<\/div>\n\n<\/div>\n\n\n\n\n\n\n\n<div class=\"column_content bground_colour_none padding_top_medium padding_bottom_medium \" style=\"background-color: transparent;\" >\n\t\t\t<div class=\"column_inner_content \">\n\n\t\t\t\n<div class=\"p_wrap\">\n<p class=\"has-navy-color has-text-color\">Notre \u00e9quipe recherche activement les montres sur le march\u00e9 international en analysant les transactions des pr\u00eateurs sur gages, marchands, maisons de ventes aux ench\u00e8res et collectionneurs. <\/p>\n<\/div>\n\n<div class=\"p_wrap\">\n<p class=\"has-navy-color has-text-color\">Une fois les montres retrouv\u00e9es, nous agissons rapidement pour les mettre en s\u00e9curit\u00e9. Nos experts proposent aux assureurs et \u00e0 leurs agents un service facultatif pour faciliter la r\u00e9cup\u00e9ration des montres. Pour en savoir plus sur notre service de r\u00e9cup\u00e9ration, <a href=\"https:\/\/dev.thewatchregister.com\/fr\/recovery\/\">cliquez ici<\/a>.<\/p>\n<\/div>\n\n<div class=\"p_wrap\">\n<p class=\"has-navy-color has-text-color\">N\u2019h\u00e9sitez pas \u00e0 nous contacter pour discuter de vos besoins et vous entretenir avec notre service de r\u00e9cup\u00e9ration d\u2019objets perdus.<\/p>\n<\/div>\n\n\n\n\t\t\t<div class=\"block button align_center\">\n\t\t\t<a\n\t\t\t\thref=\"https:\/\/dev.thewatchregister.com\/fr\/contact-us\/\"\n\t\t\t\ttarget=\"\"\n\t\t\t\tclass=\"uk-button\n\t\t\t\t\tbutton_size_medium\t\t\t\t\t\t\t\t\t\t\tbground_col_copy-grey\t\t\t\t\t\thover_bground_col_navy\t\t\t\t\t\tcol_off-white\t\t\t\t\t\thover_col_orange\t\t\t\t\t\t\t\t\t\t\"\n\t\t\t>\n\t\t\t\tNous contacter\t\t\t\t\t\t\t<\/a>\n\t\t<\/div>\n\t\n\t\t<\/div>\n\n<\/div>\n\n\n\n<\/section>\n\n\n\t\n\t<\/div>\n<\/section>\n\n<\/div>\n<div class=\"uk-container uk-container-small\">\n\n<\/div>\n\n<section id=\"block_6aea31f1e02e3c5b9b4bcd5321ac2dff\" class=\"block row_wrapper bground_colour_navy padding_top_large padding_bottom_large \" style=\"background-color: #1F305B;\" >\n\t<div class=\"uk-container uk-container-small\">\n\t\t\n\n\n\n\n\n<section id=\"block_af12172d592b5a6926ff87828c52a275\" class=\"block columns_wrapper \">\n\n\t\n\n\n\n\n<div class=\"column_content flex bground_colour_none padding_top_medium padding_bottom_medium \" style=\"background-color: transparent;\" uk-scrollspy=\"cls: uk-animation-fade; delay: 500\">\n\t\t\t<div class=\"column_inner_content flex_center_vertical flex_center_horizontal\">\n\n\t\t\t\n\n<figure class=\"wp-block-image size-full\"><img decoding=\"async\" data-src=\"https:\/\/twr-web.s3.amazonaws.com\/uploads\/2023\/04\/Open_Safe.svg\" alt=\"\" class=\"wp-image-427796 lazyload\" src=\"data:image\/svg+xml;base64,PHN2ZyB3aWR0aD0iMSIgaGVpZ2h0PSIxIiB4bWxucz0iaHR0cDovL3d3dy53My5vcmcvMjAwMC9zdmciPjwvc3ZnPg==\" \/><\/figure>\n\n\t\t<\/div>\n\n<\/div>\n\n\n\n\n\n\n\n<div class=\"column_content bground_colour_none padding_top_medium padding_bottom_medium \" style=\"background-color: transparent;\" >\n\t\t\t<div class=\"column_inner_content \">\n\n\t\t\t\n\n<h2 class=\"wp-block-heading has-off-white-color has-text-color has-medium-font-size\">Enregistrer une montre perdue ou vol\u00e9e<\/h2>\n\n\n\n<h3 class=\"wp-block-heading has-off-white-color has-text-color\">Mettez toutes les chances de votre c\u00f4t\u00e9 pour retrouver votre montre<\/h3>\n\n\n<div class=\"p_wrap\">\n<p class=\"has-off-white-color has-text-color has-small-font-size\">Votre montre sera ajout\u00e9e \u00e0 la plus grande base de donn\u00e9es au monde, utilis\u00e9e par les marchands, les bijoutiers, les pr\u00eateurs sur gage et les maisons de ventes aux ench\u00e8res pour identifier les montres vol\u00e9es. Nous rechercherons activement votre montre sur le march\u00e9 international des montres d\u2019occasion jusqu\u2019\u00e0 ce que nous la retrouvions.<\/p>\n<\/div>\n\n<div class=\"p_wrap\">\n<p class=\"has-off-white-color has-text-color\"><strong>50\u00a0% des <strong>montres r\u00e9cup\u00e9r\u00e9es<\/strong> sont localis\u00e9es dans l\u2019ann\u00e9e suivant le vol, et 35\u00a0% dans les 6\u00a0mois.<\/strong><\/p>\n<\/div>\n\n\n\n\n\n<div class=\"block spacer padding_bottom_medium padding_top_medium\"><\/div>\n\n\n\n\t\t\t<div class=\"block button align_center\">\n\t\t\t<a\n\t\t\t\thref=\"https:\/\/dev.thewatchregister.com\/fr\/register-loss\/\"\n\t\t\t\ttarget=\"\"\n\t\t\t\tclass=\"uk-button\n\t\t\t\t\tbutton_size_medium\t\t\t\t\t\t\t\t\t\t\tbground_col_copy-grey\t\t\t\t\t\thover_bground_col_off-white\t\t\t\t\t\tcol_off-white\t\t\t\t\t\thover_col_orange\t\t\t\t\t\t\t\t\t\t\"\n\t\t\t>\n\t\t\t\tEnregistrer une montre perdue ou vol\u00e9e\t\t\t\t\t\t\t<\/a>\n\t\t<\/div>\n\t\n\t\t<\/div>\n\n<\/div>\n\n\n\n<\/section>\n\n\n\t\n\t<\/div>\n<\/section>\n\n\n<div class=\"uk-container uk-container-small\">\n\n<\/div>\n\n<section id=\"block_9fdeae0d5a86d8a776cb8a5dedc2d58b\" class=\"block row_wrapper bground_colour_white padding_top_large padding_bottom_large \" style=\"background-color: #FFFFFF;\" >\n\t<div class=\"uk-container uk-container-small\">\n\t\t\n\n\n\n\n\n<section id=\"block_af12172d592b5a6926ff87828c52a275\" class=\"block columns_wrapper \">\n\n\t\n\n\n\n\n<div class=\"column_content padding_top_medium padding_bottom_medium \" style=\"\" >\n\t\t\t<div class=\"column_inner_content \">\n\n\t\t\t\n\n<h2 class=\"wp-block-heading has-navy-color has-text-color has-medium-font-size\">Effectuer une recherche dans la base de donn\u00e9es<\/h2>\n\n\n\n<h3 class=\"wp-block-heading has-navy-color has-text-color\">V\u00e9rifiez qu\u2019une montre n\u2019est pas perdue, vol\u00e9e ni contrefaite<\/h3>\n\n\n\n\n\n\n<div class=\"block spacer padding_bottom_xsmall padding_top_xsmall\"><\/div>\n\n<div class=\"li_wrap\">\n<ul class=\"wp-block-list\">\n<li>Achetez et vendez l\u2019esprit tranquille<\/li>\n\n\n\n<li>\u00c9vitez les pertes financi\u00e8res<\/li>\n\n\n\n<li>Prot\u00e9gez votre r\u00e9putation<\/li>\n\n\n\n<li>Obtenez un certificat attestant que les v\u00e9rifications ont \u00e9t\u00e9 faites<\/li>\n<\/ul>\n<\/div>\n\n<div class=\"p_wrap\">\n<p><strong>Recherche de num\u00e9ros de s\u00e9rie Rolex et d\u2019autres marques. Recherches par SMS, sur WhatsApp ou sur le site. R\u00e9sultats en quelques minutes.<\/strong><\/p>\n<\/div>\n\n\n\n\n\n<div class=\"block spacer padding_bottom_small padding_top_small\"><\/div>\n\n\n\n\t\t\t<div class=\"block button align_center\">\n\t\t\t<a\n\t\t\t\thref=\"https:\/\/dev.thewatchregister.com\/fr\/search\/\"\n\t\t\t\ttarget=\"\"\n\t\t\t\tclass=\"uk-button\n\t\t\t\t\tbutton_size_medium\t\t\t\t\t\t\t\t\t\t\tbground_col_copy-grey\t\t\t\t\t\thover_bground_col_off-white\t\t\t\t\t\tcol_off-white\t\t\t\t\t\thover_col_orange\t\t\t\t\t\t\t\t\t\t\"\n\t\t\t>\n\t\t\t\tLancer une recherche\t\t\t\t\t\t\t<\/a>\n\t\t<\/div>\n\t\n\t\t<\/div>\n\n<\/div>\n\n\n\n\n\n\n\n<div class=\"column_content flex bground_colour_none padding_top_medium padding_bottom_medium \" style=\"background-color: transparent;\" uk-scrollspy=\"cls: uk-animation-fade; delay: 500\">\n\t\t\t<div class=\"column_inner_content flex_center_vertical fill_column_width \">\n\n\t\t\t\n\n\n<div class=\"client_content_wrapper padding_large bground_col_user-blue\">\n\n\t\n\n<h2 class=\"wp-block-heading has-off-white-color has-text-color has-medium-font-size\">Inscription<\/h2>\n\n\n\n\n\t\t\t<div class=\"block button align_center\">\n\t\t\t<a\n\t\t\t\thref=\"https:\/\/dev.thewatchregister.com\/fr\/create-account\/\"\n\t\t\t\ttarget=\"\"\n\t\t\t\tclass=\"uk-button\n\t\t\t\t\tbutton_size_medium\t\t\t\t\t\t\t\t\t\t\tclient_button\n\t\t\t\t\t\t\t\t\t\t\t\t\tbground_col_off-white\n\t\t\t\t\t\t\thover_bground_col_user-blue\n\t\t\t\t\t\t\tcol_user-blue\n\t\t\t\t\t\t\thover_col_off-white\n\t\t\t\t\t\t\t\t\t\t\t\t\t\t\t\t\"\n\t\t\t>\n\t\t\t\tCr\u00e9er un compte\t\t\t\t\t\t\t<\/a>\n\t\t<\/div>\n\t\n\n<div class=\"p_wrap\">\n<p class=\"has-off-white-color has-text-color has-small-font-size\"><a href=\"https:\/\/dev.thewatchregister.com\/fr\/login\/\">Vous connecter \u00e0 votre compte<\/a><\/p>\n<\/div>\n\n\n\n\n\n<div class=\"block spacer padding_bottom_xsmall padding_top_xsmall\"><\/div>\n\n\n\n\t\t\t<div class=\"block button align_center\">\n\t\t\t<a\n\t\t\t\thref=\"https:\/\/dev.thewatchregister.com\/fr\/my-account\/view-search-credit-subscriptions\/\"\n\t\t\t\ttarget=\"\"\n\t\t\t\tclass=\"uk-button\n\t\t\t\t\tbutton_size_medium\t\t\t\t\t\t\t\t\t\t\tclient_button\n\t\t\t\t\t\t\t\t\t\t\t\t\tbground_col_off-white\n\t\t\t\t\t\t\thover_bground_col_user-blue\n\t\t\t\t\t\t\tcol_user-blue\n\t\t\t\t\t\t\thover_col_off-white\n\t\t\t\t\t\t\t\t\t\t\t\t\t\t\t\t\"\n\t\t\t>\n\t\t\t\tAcheter des cr\u00e9dits\t\t\t\t\t\t\t<\/a>\n\t\t<\/div>\n\t\n\n<\/div>\n\t\t<\/div>\n\n<\/div>\n\n\n\n<\/section>\n\n\n\t\n\t<\/div>\n<\/section>\n\n\n<div class=\"uk-container uk-container-small\">\n\n\n\n<div class=\"block spacer padding_bottom_ padding_top_\"><\/div>\n\n\n\n<div class=\"block spacer padding_bottom_ padding_top_\"><\/div>\n\n\n\n<div class=\"block spacer padding_bottom_medium padding_top_medium\"><\/div>","protected":false},"excerpt":{"rendered":"","protected":false},"author":21321,"featured_media":0,"parent":0,"menu_order":0,"comment_status":"closed","ping_status":"closed","template":"","meta":{"_acf_changed":false,"footnotes":""},"class_list":["post-439935","page","type-page","status-publish","hentry","odd"],"acf":[],"_links":{"self":[{"href":"https:\/\/dev.thewatchregister.com\/fr\/wp-json\/wp\/v2\/pages\/439935","targetHints":{"allow":["GET"]}}],"collection":[{"href":"https:\/\/dev.thewatchregister.com\/fr\/wp-json\/wp\/v2\/pages"}],"about":[{"href":"https:\/\/dev.thewatchregister.com\/fr\/wp-json\/wp\/v2\/types\/page"}],"author":[{"embeddable":true,"href":"https:\/\/dev.thewatchregister.com\/fr\/wp-json\/wp\/v2\/users\/21321"}],"replies":[{"embeddable":true,"href":"https:\/\/dev.thewatchregister.com\/fr\/wp-json\/wp\/v2\/comments?post=439935"}],"version-history":[{"count":48,"href":"https:\/\/dev.thewatchregister.com\/fr\/wp-json\/wp\/v2\/pages\/439935\/revisions"}],"predecessor-version":[{"id":442214,"href":"https:\/\/dev.thewatchregister.com\/fr\/wp-json\/wp\/v2\/pages\/439935\/revisions\/442214"}],"wp:attachment":[{"href":"https:\/\/dev.thewatchregister.com\/fr\/wp-json\/wp\/v2\/media?parent=439935"}],"curies":[{"name":"wp","href":"https:\/\/api.w.org\/{rel}","templated":true}]}}