{"id":439923,"date":"2023-04-06T09:49:16","date_gmt":"2023-04-06T08:49:16","guid":{"rendered":"https:\/\/dev.thewatchregister.com\/dealers\/"},"modified":"2025-09-05T09:40:22","modified_gmt":"2025-09-05T08:40:22","slug":"dealers","status":"publish","type":"page","link":"https:\/\/dev.thewatchregister.com\/fr\/dealers\/","title":{"rendered":"Marchands"},"content":{"rendered":"\n\n\n\n<div class=\"block spacer padding_bottom_medium padding_top_medium\"><\/div>\n\n<\/div>\n<div class=\"row_border\">\n<section id=\"block_43ee855dc43ac66f7983d1679985707b\" class=\"block row_wrapper flex bground_colour_secondary-blue padding_top_xlarge padding_bottom_xlarge \" style=\"background-color: #E1EBEE;\" >\n\t<div class=\"uk-container uk-container-small\">\n\t\t\n\n<h2 class=\"wp-block-heading has-navy-color has-text-color has-extra-large-font-size\" id=\"h-dealers\">Marchands<\/h2>\n\n\n\n\n\n\n\n<section id=\"block_4f8a1bdd1c851e17489584a354e4feb2\" class=\"block columns_wrapper \">\n\n\t\n\n\n\n\n<div class=\"column_content bground_colour_none padding_top_medium padding_bottom_medium \" style=\"background-color: transparent;\" >\n\t\t\t<div class=\"column_inner_content \">\n\n\t\t\t\n\n<figure class=\"wp-block-image alignleft size-full is-resized\"><img decoding=\"async\" data-src=\"https:\/\/twr-web.s3.amazonaws.com\/uploads\/2023\/04\/dealers-icon.svg\" alt=\"\" class=\"wp-image-427835 lazyload\" style=\"width:60px\" src=\"data:image\/svg+xml;base64,PHN2ZyB3aWR0aD0iMSIgaGVpZ2h0PSIxIiB4bWxucz0iaHR0cDovL3d3dy53My5vcmcvMjAwMC9zdmciPjwvc3ZnPg==\" \/><\/figure>\n\n\t\t<\/div>\n\n<\/div>\n\n\n\n\n\n\n\n<div class=\"column_content bground_colour_none padding_top_medium padding_bottom_medium \" style=\"background-color: transparent;\" >\n\t\t\t<div class=\"column_inner_content \">\n\n\t\t\t\t\t<\/div>\n\n<\/div>\n\n\n\n<\/section>\n\n\n\n\n\n\n\n\n<section id=\"block_4f8a1bdd1c851e17489584a354e4feb2\" class=\"block columns_wrapper \">\n\n\t\n\n\n\n\n<div class=\"column_content bground_colour_none padding_top_medium padding_bottom_medium \" style=\"background-color: transparent;\" >\n\t\t\t<div class=\"column_inner_content \">\n\n\t\t\t\n<div class=\"p_wrap\">\n<p class=\"has-navy-color has-text-color has-extra-large-font-size\">THE\u00a0WATCH\u00a0REGISTER repr\u00e9sente la base de donn\u00e9es de montres vol\u00e9es, perdues et contrefaites la plus fiable et la plus r\u00e9put\u00e9e au monde. Les vendeurs de montres d\u2019occasion et les bijoutiers peuvent v\u00e9rifier qu\u2019une montre n\u2019est pas vol\u00e9e en quelques secondes et obtenir un certificat attestant que les v\u00e9rifications n\u00e9cessaires ont \u00e9t\u00e9 faites concernant sa provenance.<\/p>\n<\/div>\n\t\t<\/div>\n\n<\/div>\n\n\n\n\n\n\n\n<div class=\"column_content bground_colour_none padding_top_medium padding_bottom_medium \" style=\"background-color: transparent;\" >\n\t\t\t<div class=\"column_inner_content \">\n\n\t\t\t\n<div class=\"p_wrap\">\n<p class=\"has-navy-color has-text-color\">Recherchez des num\u00e9ros de s\u00e9rie Rolex et d\u2019autres marques. Toutes les montres de luxe d\u2019occasion, m\u00eame lorsqu\u2019elles sont vendues dans leur bo\u00eete et accompagn\u00e9es de leur certification, doivent \u00eatre recherch\u00e9es dans la base afin de se pr\u00e9munir au mieux contre les risques li\u00e9s aux objets vol\u00e9s et \u00e0 la fraude.<\/p>\n<\/div>\n\n<div class=\"p_wrap\">\n<p class=\"has-navy-color has-text-color\">Nous d\u00e9livrons un certificat THE\u00a0WATCH\u00a0REGISTER pour toutes les montres recherch\u00e9es qui n&#8217;apparaissent pas dans la base de donn\u00e9es. Ce document, qui repr\u00e9sente un gage de bonne foi et peut \u00eatre fourni aux acheteurs en guise de garantie, ajoute de la valeur \u00e0 votre bien.\u00a0<\/p>\n<\/div>\n\n<div class=\"li_wrap\">\n<ul class=\"wp-block-list has-navy-color has-text-color\">\n<li>Prot\u00e9gez-vous des risques li\u00e9s aux objets vol\u00e9s et contrefaits<\/li>\n\n\n\n<li>Prot\u00e9gez-vous du risque de perte financi\u00e8re<\/li>\n\n\n\n<li>Consolidez votre r\u00e9putation<\/li>\n\n\n\n<li>Inspirez la confiance chez les acheteurs<\/li>\n\n\n\n<li>\u00c9vitez les poursuites<\/li>\n<\/ul>\n<\/div>\n\n<div class=\"p_wrap\">\n<p class=\"has-navy-color has-text-color\">Les recherches peuvent \u00eatre effectu\u00e9es sur le site, sur WhatsApp ou par SMS. Les int\u00e9grations d\u2019API sont aussi propos\u00e9es aux grandes entreprises.<\/p>\n<\/div>\n\t\t<\/div>\n\n<\/div>\n\n\n\n<\/section>\n\n\n\t\n\t<\/div>\n<\/section>\n\n<\/div>\n<div class=\"uk-container uk-container-small\"><div class=\"p_wrap\">\n<p><\/p>\n<\/div>\n\n<\/div>\n\n<section id=\"block_ac7e1290a68728b87b2dbb82b3dfbbd1\" class=\"block row_wrapper bground_colour_white padding_top_large padding_bottom_large \" style=\"background-color: #FFFFFF;\" >\n\t<div class=\"uk-container uk-container-small\">\n\t\t\n\n\n\n\n\n<section id=\"block_7cfe63be2cc38ff0ec6fd44ab579d18f\" class=\"block columns_wrapper \">\n\n\t\n\n\n\n\n<div class=\"column_content padding_top_medium padding_bottom_medium \" style=\"\" >\n\t\t\t<div class=\"column_inner_content \">\n\n\t\t\t\n\n<h2 class=\"wp-block-heading has-navy-color has-text-color has-medium-font-size\">Effectuer une recherche dans la base de donn\u00e9es<\/h2>\n\n\n\n<h3 class=\"wp-block-heading has-navy-color has-text-color\">V\u00e9rifiez qu\u2019une montre n\u2019est pas perdue, vol\u00e9e ni contrefaite<\/h3>\n\n\n\n\n\n\n<div class=\"block spacer padding_bottom_xsmall padding_top_xsmall\"><\/div>\n\n<div class=\"li_wrap\">\n<ul class=\"wp-block-list\">\n<li>Achetez et vendez l\u2019esprit tranquille<\/li>\n\n\n\n<li>\u00c9vitez les pertes financi\u00e8res<\/li>\n\n\n\n<li>Prot\u00e9gez votre r\u00e9putation<\/li>\n\n\n\n<li>Obtenez un certificat attestant que les v\u00e9rifications ont \u00e9t\u00e9 faites<\/li>\n<\/ul>\n<\/div>\n\n<div class=\"p_wrap\">\n<p><strong>Recherche de num\u00e9ros de s\u00e9rie Rolex et d\u2019autres marques. Recherches par SMS, sur WhatsApp ou sur le site. R\u00e9sultats en quelques minutes.<\/strong><\/p>\n<\/div>\n\n\n\n\n\n<div class=\"block spacer padding_bottom_small padding_top_small\"><\/div>\n\n\n\n\t\t\t<div class=\"block button align_center\">\n\t\t\t<a\n\t\t\t\thref=\"https:\/\/dev.thewatchregister.com\/fr\/search\/\"\n\t\t\t\ttarget=\"\"\n\t\t\t\tclass=\"uk-button\n\t\t\t\t\tbutton_size_medium\t\t\t\t\t\t\t\t\t\t\tbground_col_copy-grey\t\t\t\t\t\thover_bground_col_off-white\t\t\t\t\t\tcol_off-white\t\t\t\t\t\thover_col_orange\t\t\t\t\t\t\t\t\t\t\"\n\t\t\t>\n\t\t\t\tLancer une recherche\t\t\t\t\t\t\t<\/a>\n\t\t<\/div>\n\t\n\t\t<\/div>\n\n<\/div>\n\n\n\n\n\n\n\n<div class=\"column_content flex bground_colour_none padding_top_medium padding_bottom_medium \" style=\"background-color: transparent;\" uk-scrollspy=\"cls: uk-animation-fade; delay: 500\">\n\t\t\t<div class=\"column_inner_content flex_center_vertical fill_column_width \">\n\n\t\t\t\n\n\n<div class=\"client_content_wrapper padding_large bground_col_user-blue\">\n\n\t\n\n<h2 class=\"wp-block-heading has-off-white-color has-text-color has-medium-font-size\">Inscription<\/h2>\n\n\n\n\n\t\t\t<div class=\"block button align_center\">\n\t\t\t<a\n\t\t\t\thref=\"https:\/\/dev.thewatchregister.com\/fr\/create-account\/\"\n\t\t\t\ttarget=\"\"\n\t\t\t\tclass=\"uk-button\n\t\t\t\t\tbutton_size_medium\t\t\t\t\t\t\t\t\t\t\tclient_button\n\t\t\t\t\t\t\t\t\t\t\t\t\tbground_col_off-white\n\t\t\t\t\t\t\thover_bground_col_user-blue\n\t\t\t\t\t\t\tcol_user-blue\n\t\t\t\t\t\t\thover_col_off-white\n\t\t\t\t\t\t\t\t\t\t\t\t\t\t\t\t\"\n\t\t\t>\n\t\t\t\tCr\u00e9er un compte\t\t\t\t\t\t\t<\/a>\n\t\t<\/div>\n\t\n\n<div class=\"p_wrap\">\n<p class=\"has-off-white-color has-text-color has-small-font-size\"><a href=\"https:\/\/dev.thewatchregister.com\/fr\/login\/\">Vous connecter \u00e0 votre compte<\/a><\/p>\n<\/div>\n\n\n\n\n\n<div class=\"block spacer padding_bottom_xsmall padding_top_xsmall\"><\/div>\n\n\n\n\t\t\t<div class=\"block button align_center\">\n\t\t\t<a\n\t\t\t\thref=\"https:\/\/dev.thewatchregister.com\/fr\/my-account\/view-search-credit-subscriptions\/\"\n\t\t\t\ttarget=\"\"\n\t\t\t\tclass=\"uk-button\n\t\t\t\t\tbutton_size_medium\t\t\t\t\t\t\t\t\t\t\tclient_button\n\t\t\t\t\t\t\t\t\t\t\t\t\tbground_col_off-white\n\t\t\t\t\t\t\thover_bground_col_user-blue\n\t\t\t\t\t\t\tcol_user-blue\n\t\t\t\t\t\t\thover_col_off-white\n\t\t\t\t\t\t\t\t\t\t\t\t\t\t\t\t\"\n\t\t\t>\n\t\t\t\tAcheter des cr\u00e9dits\t\t\t\t\t\t\t<\/a>\n\t\t<\/div>\n\t\n\n<\/div>\n\t\t<\/div>\n\n<\/div>\n\n\n\n<\/section>\n\n\n\t\n\t<\/div>\n<\/section>\n\n\n<div class=\"uk-container uk-container-small\">\n\n\n\n<div class=\"block spacer padding_bottom_ padding_top_\"><\/div>\n\n\n\n<div class=\"block spacer padding_bottom_ padding_top_\"><\/div>","protected":false},"excerpt":{"rendered":"","protected":false},"author":21321,"featured_media":0,"parent":0,"menu_order":0,"comment_status":"closed","ping_status":"closed","template":"","meta":{"_acf_changed":false,"footnotes":""},"class_list":["post-439923","page","type-page","status-publish","hentry","odd"],"acf":[],"_links":{"self":[{"href":"https:\/\/dev.thewatchregister.com\/fr\/wp-json\/wp\/v2\/pages\/439923","targetHints":{"allow":["GET"]}}],"collection":[{"href":"https:\/\/dev.thewatchregister.com\/fr\/wp-json\/wp\/v2\/pages"}],"about":[{"href":"https:\/\/dev.thewatchregister.com\/fr\/wp-json\/wp\/v2\/types\/page"}],"author":[{"embeddable":true,"href":"https:\/\/dev.thewatchregister.com\/fr\/wp-json\/wp\/v2\/users\/21321"}],"replies":[{"embeddable":true,"href":"https:\/\/dev.thewatchregister.com\/fr\/wp-json\/wp\/v2\/comments?post=439923"}],"version-history":[{"count":16,"href":"https:\/\/dev.thewatchregister.com\/fr\/wp-json\/wp\/v2\/pages\/439923\/revisions"}],"predecessor-version":[{"id":442804,"href":"https:\/\/dev.thewatchregister.com\/fr\/wp-json\/wp\/v2\/pages\/439923\/revisions\/442804"}],"wp:attachment":[{"href":"https:\/\/dev.thewatchregister.com\/fr\/wp-json\/wp\/v2\/media?parent=439923"}],"curies":[{"name":"wp","href":"https:\/\/api.w.org\/{rel}","templated":true}]}}