{"id":439906,"date":"2023-04-06T11:04:21","date_gmt":"2023-04-06T10:04:21","guid":{"rendered":"https:\/\/dev.thewatchregister.com\/auction-houses\/"},"modified":"2025-09-04T18:00:49","modified_gmt":"2025-09-04T17:00:49","slug":"auction-houses","status":"publish","type":"page","link":"https:\/\/dev.thewatchregister.com\/fr\/auction-houses\/","title":{"rendered":"Maisons de ventes aux ench\u00e8res"},"content":{"rendered":"\n\n\n\n<div class=\"block spacer padding_bottom_medium padding_top_medium\"><\/div>\n\n<\/div>\n<div class=\"row_border\">\n<section id=\"block_7fd61d19bdc1f97a5c0aef1617850e1a\" class=\"block row_wrapper bground_colour_secondary-blue padding_top_xlarge padding_bottom_xlarge \" style=\"background-color: #E1EBEE;\" >\n\t<div class=\"uk-container uk-container-small\">\n\t\t\n\n\n\n\n\n<section id=\"block_bd36c96f671712006aa11b07ede975cb\" class=\"block columns_wrapper \">\n\n\t\n\n\n\n\n<div class=\"column_content bground_colour_none padding_top_medium padding_bottom_medium \" style=\"background-color: transparent;\" >\n\t\t\t<div class=\"column_inner_content \">\n\n\t\t\t\n\n<h1 class=\"wp-block-heading has-navy-color has-text-color has-extra-large-font-size\" id=\"h-auction-houses\">Maisons de ventes aux ench\u00e8res<\/h1>\n\n\t\t<\/div>\n\n<\/div>\n\n\n\n<\/section>\n\n\n\n\n\n\n\n\n<section id=\"block_bd36c96f671712006aa11b07ede975cb\" class=\"block columns_wrapper \">\n\n\t\n\n\n\n\n<div class=\"column_content bground_colour_none padding_top_medium padding_bottom_medium \" style=\"background-color: transparent;\" >\n\t\t\t<div class=\"column_inner_content \">\n\n\t\t\t\n\n<figure class=\"wp-block-image alignleft size-full is-resized\"><img decoding=\"async\" data-src=\"https:\/\/twr-web.s3.amazonaws.com\/uploads\/2023\/04\/auction_houses-icon.svg\" alt=\"\" class=\"wp-image-427843 lazyload\" style=\"width:60px\" src=\"data:image\/svg+xml;base64,PHN2ZyB3aWR0aD0iMSIgaGVpZ2h0PSIxIiB4bWxucz0iaHR0cDovL3d3dy53My5vcmcvMjAwMC9zdmciPjwvc3ZnPg==\" \/><\/figure>\n\n\t\t<\/div>\n\n<\/div>\n\n\n\n\n\n\n\n<div class=\"column_content bground_colour_none padding_top_medium padding_bottom_medium \" style=\"background-color: transparent;\" >\n\t\t\t<div class=\"column_inner_content \">\n\n\t\t\t\t\t<\/div>\n\n<\/div>\n\n\n\n<\/section>\n\n\n\n\n\n\n\n\n<section id=\"block_bd36c96f671712006aa11b07ede975cb\" class=\"block columns_wrapper \">\n\n\t\n\n\n\n\n<div class=\"column_content bground_colour_none padding_top_medium padding_bottom_medium \" style=\"background-color: transparent;\" >\n\t\t\t<div class=\"column_inner_content \">\n\n\t\t\t\n<div class=\"p_wrap\">\n<p class=\"has-navy-color has-text-color has-extra-large-font-size\">THE\u00a0WATCH\u00a0REGISTER et sa soci\u00e9t\u00e9 m\u00e8re, <a href=\"https:\/\/www.artloss.com\/\">The\u00a0Art\u00a0Loss\u00a0Register<\/a>, proposent aux maisons de ventes aux ench\u00e8res un service de v\u00e9rifications r\u00e9guli\u00e8res permettant de syst\u00e9matiser les contr\u00f4les de due diligence sur les catalogues. Des certificats sont d\u00e9livr\u00e9s par THE\u00a0WATCH\u00a0REGISTER pour toutes les montres v\u00e9rifi\u00e9es dans le cadre de ventes sp\u00e9cialis\u00e9es.<\/p>\n<\/div>\n\t\t<\/div>\n\n<\/div>\n\n\n\n\n\n\n\n<div class=\"column_content bground_colour_none padding_top_medium padding_bottom_medium \" style=\"background-color: transparent;\" >\n\t\t\t<div class=\"column_inner_content \">\n\n\t\t\t\n<div class=\"p_wrap\">\n<p class=\"has-navy-color has-text-color\">Tous les lots de votre catalogue dont la valeur d\u00e9passe 2000\u00a0\u20ac font l\u2019objet d\u2019une recherche dans notre base de donn\u00e9es.<\/p>\n<\/div>\n\n<div class=\"li_wrap\">\n<ul class=\"has-navy-color has-text-color wp-block-list\">\n<li>Prot\u00e9gez-vous des risques li\u00e9s aux objets vol\u00e9s et contrefaits<\/li>\n\n\n\n<li>Consolidez votre r\u00e9putation<\/li>\n\n\n\n<li>Limitez le risque de perte financi\u00e8re<\/li>\n\n\n\n<li>Ajoutez de la valeur aux lots avec un certificat attestant que les contr\u00f4les de due diligence ont \u00e9t\u00e9 effectu\u00e9s<\/li>\n\n\n\n<li>Contribuez \u00e0 garantir le transfert du titre de propri\u00e9t\u00e9 des biens<\/li>\n<\/ul>\n<\/div>\n\n<div class=\"p_wrap\">\n<p class=\"has-navy-color has-text-color\">Les services suivants sont propos\u00e9s gratuitement aux clients qui souscrivent un abonnement\u00a0:<\/p>\n<\/div>\n\n<div class=\"li_wrap\">\n<ul class=\"has-navy-color has-text-color wp-block-list\">\n<li>Contr\u00f4le des objets \u00e0 la provenance suspecte sur le lieu de consignation<\/li>\n\n\n\n<li>Assistance de nos experts sp\u00e9cialis\u00e9s dans la r\u00e9cup\u00e9ration pour la r\u00e9solution des litiges li\u00e9s aux droits de propri\u00e9t\u00e9<\/li>\n\n\n\n<li>D\u00e9livrance d\u2019un certificat pour toutes les montres contr\u00f4l\u00e9es du catalogue\u00a0; ce certificat apporte une valeur ajout\u00e9e pour les acheteurs en prouvant que la provenance de l\u2019objet a \u00e9t\u00e9 v\u00e9rifi\u00e9e<\/li>\n\n\n\n<li>Visibilit\u00e9 sur le site de The\u00a0Art\u00a0Loss\u00a0Register\u00a0: votre soci\u00e9t\u00e9 est ajout\u00e9e \u00e0 notre r\u00e9seau de maisons de ventes aux ench\u00e8res de confiance<\/li>\n\n\n\n<li>Possibilit\u00e9 d\u2019utiliser notre logo dans vos catalogues et sur votre site pour informer de vos pratiques de contr\u00f4le de due diligence et renforcer votre cr\u00e9dibilit\u00e9<\/li>\n<\/ul>\n<\/div>\n\n<div class=\"p_wrap\">\n<p class=\"has-navy-color has-text-color\">Le prix de l\u2019abonnement d\u00e9pend du nombre d\u2019objets v\u00e9rifi\u00e9s dans vos catalogues. N\u2019h\u00e9sitez pas \u00e0 nous contacter pour discuter de vos besoins.<\/p>\n<\/div>\n\n\n\n\t\t\t<div class=\"block button align_center\">\n\t\t\t<a\n\t\t\t\thref=\"https:\/\/dev.thewatchregister.com\/fr\/contact-us\/\"\n\t\t\t\ttarget=\"\"\n\t\t\t\tclass=\"uk-button\n\t\t\t\t\tbutton_size_medium\t\t\t\t\t\t\t\t\t\t\tbground_col_copy-grey\t\t\t\t\t\thover_bground_col_navy\t\t\t\t\t\tcol_off-white\t\t\t\t\t\thover_col_orange\t\t\t\t\t\t\t\t\t\t\"\n\t\t\t>\n\t\t\t\tNous contacter\t\t\t\t\t\t\t<\/a>\n\t\t<\/div>\n\t\n\t\t<\/div>\n\n<\/div>\n\n\n\n<\/section>\n\n\n\t\n\t<\/div>\n<\/section>\n\n<\/div>\n<div class=\"uk-container uk-container-small\">\n\n<\/div>\n\n<section id=\"block_b3cf7a9a94121b4d6249dbf9e7c6fbed\" class=\"block row_wrapper bground_colour_white padding_top_large padding_bottom_large \" style=\"background-color: #FFFFFF;\" >\n\t<div class=\"uk-container uk-container-small\">\n\t\t\n\n\n\n\n\n<section id=\"block_d9bde41f3cb0ff941605d3332adbbb0d\" class=\"block columns_wrapper \">\n\n\t\n\n\n\n\n<div class=\"column_content padding_top_medium padding_bottom_medium \" style=\"\" >\n\t\t\t<div class=\"column_inner_content \">\n\n\t\t\t\n\n<h2 class=\"wp-block-heading has-navy-color has-text-color has-medium-font-size\">Effectuer une recherche dans la base de donn\u00e9es<\/h2>\n\n\n\n<h3 class=\"wp-block-heading has-navy-color has-text-color\">V\u00e9rifiez qu\u2019une montre n\u2019est pas perdue, vol\u00e9e ni contrefaite<\/h3>\n\n\n\n\n\n\n<div class=\"block spacer padding_bottom_xsmall padding_top_xsmall\"><\/div>\n\n<div class=\"li_wrap\">\n<ul class=\"wp-block-list\">\n<li>Achetez et vendez l\u2019esprit tranquille<\/li>\n\n\n\n<li>\u00c9vitez les pertes financi\u00e8res<\/li>\n\n\n\n<li>Prot\u00e9gez votre r\u00e9putation<\/li>\n\n\n\n<li>Obtenez un certificat attestant que les v\u00e9rifications ont \u00e9t\u00e9 faites<\/li>\n<\/ul>\n<\/div>\n\n<div class=\"p_wrap\">\n<p><strong>Recherche de num\u00e9ros de s\u00e9rie Rolex et d\u2019autres marques. Recherches par SMS, sur WhatsApp ou sur le site. R\u00e9sultats en quelques minutes.<\/strong><\/p>\n<\/div>\n\n\n\n\n\n<div class=\"block spacer padding_bottom_small padding_top_small\"><\/div>\n\n\n\n\t\t\t<div class=\"block button align_center\">\n\t\t\t<a\n\t\t\t\thref=\"https:\/\/dev.thewatchregister.com\/fr\/search\/\"\n\t\t\t\ttarget=\"\"\n\t\t\t\tclass=\"uk-button\n\t\t\t\t\tbutton_size_medium\t\t\t\t\t\t\t\t\t\t\tbground_col_copy-grey\t\t\t\t\t\thover_bground_col_off-white\t\t\t\t\t\tcol_off-white\t\t\t\t\t\thover_col_orange\t\t\t\t\t\t\t\t\t\t\"\n\t\t\t>\n\t\t\t\tLancer une recherche\t\t\t\t\t\t\t<\/a>\n\t\t<\/div>\n\t\n\t\t<\/div>\n\n<\/div>\n\n\n\n\n\n\n\n<div class=\"column_content flex bground_colour_none padding_top_medium padding_bottom_medium \" style=\"background-color: transparent;\" uk-scrollspy=\"cls: uk-animation-fade; delay: 500\">\n\t\t\t<div class=\"column_inner_content flex_center_vertical fill_column_width \">\n\n\t\t\t\n\n\n<div class=\"client_content_wrapper padding_large bground_col_user-blue\">\n\n\t\n\n<h2 class=\"wp-block-heading has-off-white-color has-text-color has-medium-font-size\">Inscription<\/h2>\n\n\n\n\n\t\t\t<div class=\"block button align_center\">\n\t\t\t<a\n\t\t\t\thref=\"https:\/\/dev.thewatchregister.com\/fr\/create-account\/\"\n\t\t\t\ttarget=\"\"\n\t\t\t\tclass=\"uk-button\n\t\t\t\t\tbutton_size_medium\t\t\t\t\t\t\t\t\t\t\tclient_button\n\t\t\t\t\t\t\t\t\t\t\t\t\tbground_col_off-white\n\t\t\t\t\t\t\thover_bground_col_user-blue\n\t\t\t\t\t\t\tcol_user-blue\n\t\t\t\t\t\t\thover_col_off-white\n\t\t\t\t\t\t\t\t\t\t\t\t\t\t\t\t\"\n\t\t\t>\n\t\t\t\tCr\u00e9er un compte\t\t\t\t\t\t\t<\/a>\n\t\t<\/div>\n\t\n\n<div class=\"p_wrap\">\n<p class=\"has-off-white-color has-text-color has-small-font-size\"><a href=\"https:\/\/dev.thewatchregister.com\/fr\/login\/\">Vous connecter \u00e0 votre compte<\/a><\/p>\n<\/div>\n\n\n\n\n\n<div class=\"block spacer padding_bottom_xsmall padding_top_xsmall\"><\/div>\n\n\n\n\t\t\t<div class=\"block button align_center\">\n\t\t\t<a\n\t\t\t\thref=\"https:\/\/dev.thewatchregister.com\/fr\/my-account\/view-search-credit-subscriptions\/\"\n\t\t\t\ttarget=\"\"\n\t\t\t\tclass=\"uk-button\n\t\t\t\t\tbutton_size_medium\t\t\t\t\t\t\t\t\t\t\tclient_button\n\t\t\t\t\t\t\t\t\t\t\t\t\tbground_col_off-white\n\t\t\t\t\t\t\thover_bground_col_user-blue\n\t\t\t\t\t\t\tcol_user-blue\n\t\t\t\t\t\t\thover_col_off-white\n\t\t\t\t\t\t\t\t\t\t\t\t\t\t\t\t\"\n\t\t\t>\n\t\t\t\tAcheter des cr\u00e9dits\t\t\t\t\t\t\t<\/a>\n\t\t<\/div>\n\t\n\n<\/div>\n\t\t<\/div>\n\n<\/div>\n\n\n\n<\/section>\n\n\n\t\n\t<\/div>\n<\/section>\n\n\n<div class=\"uk-container uk-container-small\">\n\n\n\n<div class=\"block spacer padding_bottom_ padding_top_\"><\/div>\n\n\n\n<div class=\"block spacer padding_bottom_ padding_top_\"><\/div>","protected":false},"excerpt":{"rendered":"","protected":false},"author":21321,"featured_media":0,"parent":0,"menu_order":0,"comment_status":"closed","ping_status":"closed","template":"","meta":{"_acf_changed":false,"footnotes":""},"class_list":["post-439906","page","type-page","status-publish","hentry","odd"],"acf":[],"_links":{"self":[{"href":"https:\/\/dev.thewatchregister.com\/fr\/wp-json\/wp\/v2\/pages\/439906","targetHints":{"allow":["GET"]}}],"collection":[{"href":"https:\/\/dev.thewatchregister.com\/fr\/wp-json\/wp\/v2\/pages"}],"about":[{"href":"https:\/\/dev.thewatchregister.com\/fr\/wp-json\/wp\/v2\/types\/page"}],"author":[{"embeddable":true,"href":"https:\/\/dev.thewatchregister.com\/fr\/wp-json\/wp\/v2\/users\/21321"}],"replies":[{"embeddable":true,"href":"https:\/\/dev.thewatchregister.com\/fr\/wp-json\/wp\/v2\/comments?post=439906"}],"version-history":[{"count":24,"href":"https:\/\/dev.thewatchregister.com\/fr\/wp-json\/wp\/v2\/pages\/439906\/revisions"}],"predecessor-version":[{"id":442799,"href":"https:\/\/dev.thewatchregister.com\/fr\/wp-json\/wp\/v2\/pages\/439906\/revisions\/442799"}],"wp:attachment":[{"href":"https:\/\/dev.thewatchregister.com\/fr\/wp-json\/wp\/v2\/media?parent=439906"}],"curies":[{"name":"wp","href":"https:\/\/api.w.org\/{rel}","templated":true}]}}