{"id":440041,"date":"2018-05-04T10:22:05","date_gmt":"2018-05-04T09:22:05","guid":{"rendered":"https:\/\/dev.thewatchregister.com\/search-credit-bundles\/"},"modified":"2025-05-20T16:21:44","modified_gmt":"2025-05-20T15:21:44","slug":"search-credit-bundles","status":"publish","type":"page","link":"https:\/\/dev.thewatchregister.com\/es\/search-credit-bundles\/","title":{"rendered":"Comprar cr\u00e9ditos de b\u00fasqueda"},"content":{"rendered":"<p>Ofrecemos paquetes de cr\u00e9ditos de b\u00fasqueda para empresas y particulares que deseen verificar relojes de forma habitual en nuestra base de datos internacional. Estas b\u00fasquedas permiten comprobar si un reloj est\u00e1 registrado como perdido, robado o si est\u00e1 implicado en alguna reclamaci\u00f3n.<\/p>\n<p>Puedes elegir entre cr\u00e9ditos \u00absolo web\u00bb para b\u00fasquedas exclusivamente en nuestro sitio web, o cr\u00e9ditos \u00abmensaje o web\u00bb, que permiten realizar b\u00fasquedas tanto en l\u00ednea como por SMS o WhatsApp. Quienes usen el sistema por SMS\/WhatsApp recibir\u00e1 tambi\u00e9n los resultados por correo electr\u00f3nico.<\/p>\n<p>Los precios indicados no incluyen IVA.<\/p>\n<p><strong>IMPORTANTE: LOS PAQUETES DE CR\u00c9DITOS SON V\u00c1LIDOS DURANTE 12\u00a0MESES A PARTIR DE LA FECHA DE COMPRA.<\/strong><\/p>\n","protected":false},"excerpt":{"rendered":"<p>Ofrecemos paquetes de cr\u00e9ditos de b\u00fasqueda para empresas y particulares que deseen verificar relojes de forma habitual en nuestra base de datos internacional. Estas b\u00fasquedas permiten comprobar si un reloj est\u00e1 registrado como perdido, robado o si est\u00e1 implicado en alguna reclamaci\u00f3n. Puedes elegir entre cr\u00e9ditos \u00absolo web\u00bb para b\u00fasquedas exclusivamente en nuestro sitio web, [&hellip;]<\/p>\n","protected":false},"author":1,"featured_media":0,"parent":0,"menu_order":26,"comment_status":"closed","ping_status":"closed","template":"thewatchregister-templates\/template-search-bundles.php","meta":{"_acf_changed":false,"footnotes":""},"class_list":["post-440041","page","type-page","status-publish","hentry","odd"],"acf":[],"_links":{"self":[{"href":"https:\/\/dev.thewatchregister.com\/es\/wp-json\/wp\/v2\/pages\/440041","targetHints":{"allow":["GET"]}}],"collection":[{"href":"https:\/\/dev.thewatchregister.com\/es\/wp-json\/wp\/v2\/pages"}],"about":[{"href":"https:\/\/dev.thewatchregister.com\/es\/wp-json\/wp\/v2\/types\/page"}],"author":[{"embeddable":true,"href":"https:\/\/dev.thewatchregister.com\/es\/wp-json\/wp\/v2\/users\/1"}],"replies":[{"embeddable":true,"href":"https:\/\/dev.thewatchregister.com\/es\/wp-json\/wp\/v2\/comments?post=440041"}],"version-history":[{"count":1,"href":"https:\/\/dev.thewatchregister.com\/es\/wp-json\/wp\/v2\/pages\/440041\/revisions"}],"predecessor-version":[{"id":442334,"href":"https:\/\/dev.thewatchregister.com\/es\/wp-json\/wp\/v2\/pages\/440041\/revisions\/442334"}],"wp:attachment":[{"href":"https:\/\/dev.thewatchregister.com\/es\/wp-json\/wp\/v2\/media?parent=440041"}],"curies":[{"name":"wp","href":"https:\/\/api.w.org\/{rel}","templated":true}]}}