{"id":440037,"date":"2018-04-30T15:38:28","date_gmt":"2018-04-30T14:38:28","guid":{"rendered":"https:\/\/dev.thewatchregister.com\/search\/"},"modified":"2025-05-20T16:20:09","modified_gmt":"2025-05-20T15:20:09","slug":"search","status":"publish","type":"page","link":"https:\/\/dev.thewatchregister.com\/es\/search\/","title":{"rendered":"Verificar un reloj"},"content":{"rendered":"<div class=\"p_wrap\">\n<p><strong>Todos los relojes de lujo de segunda mano debe verificarse en la base de datos de THE WATCH REGISTER antes de cada transacci\u00f3n para garantizar la mejor protecci\u00f3n frente a relojes robados y falsificados. <\/strong>Esto incluye tanto los que se venden con caja y documentaci\u00f3n como aquellos que ya hayan sido verificados en nuestra base de datos por un propietario anterior.<\/p>\n<\/div><div class=\"p_wrap\">\n<p>Para garantizar resultados precisos, proporciona todos los n\u00fameros exclusivos del reloj.<\/p>\n<\/div><div class=\"p_wrap\">\n<p>El certificado que emitimos para un reloj tiene validez \u00fanicamente para el n\u00famero o n\u00fameros exclusivos que nos proporciones del reloj en cuesti\u00f3n.<\/p>\n<\/div><div class=\"p_wrap\">\n<p>Se pueden introducir hasta tres identificadores de serie \u00fanicos por reloj (p. ej. serie, caja, movimiento).<\/p>\n<\/div><div class=\"p_wrap\">\n<p>Cada n\u00famero debe introducirse en un campo separado.<\/p>\n<\/div><div class=\"p_wrap\">\n<p>Introduce solo el n\u00famero sin prefijos, es decir, omite palabras como \u00abn.\u00ba\u00bb, \u00abcaja\u00bb, \u00abmovimiento\u00bb, etc.<\/p>\n<\/div><div class=\"p_wrap\">\n<p>Los n\u00fameros de la edici\u00f3n deben introducirse en los campos Edici\u00f3n, no en el campo Identificador de serie. <\/p>\n<\/div><div class=\"p_wrap\">\n<p>Patek Philippe: para emitir un certificado, se requieren tanto el n\u00famero de caja como el de movimiento.<\/p>\n<\/div><div class=\"p_wrap\">\n<p>Consulta nuestras <a href=\"https:\/\/twr-web.s3.amazonaws.com\/uploads\/2023\/05\/Due-Diligence-Guidelines-2023.pdf\">directrices<\/a> (en ingl\u00e9s) para obtener m\u00e1s indicaciones sobre c\u00f3mo protegerte al adquirir un reloj de segunda mano.<\/p>\n<\/div><div class=\"p_wrap\">\n<p>Las verificaciones cuestan &pound;12 (m\u00e1s IVA si se aplica) o 1\u00a0cr\u00e9dito de b\u00fasqueda. Los comerciantes pueden adquirir paquetes de cr\u00e9ditos <a href=\"https:\/\/dev.thewatchregister.com\/es\/search-credit-bundles\/\">aqu\u00ed<\/a>.<\/p>\n<\/div><div class=\"p_wrap\">\n<p>Para verificar relojes antiguos\/de bolsillo o joyas, utiliza el formulario de nuestra web Art Loss Register <a href=\"https:\/\/dashboard.artloss.com\/account\/search\/add\/new\">aqu\u00ed<\/a>.<\/p>\n<\/div><div class=\"p_wrap\">\n<p>Nota: si deseas registrar un reloj perdido o robado en nuestra base de datos, <a href=\"https:\/\/www.thewatchregister.com\/register-loss\/\" rel=\"noopener\">haz clic aqu\u00ed<\/a> y NO utilices este formulario.<\/p>\n<\/div><div class=\"p_wrap\">\n<p><\/p>\n<\/div><div class=\"p_wrap\">\n<p><\/p>\n<\/div>","protected":false},"excerpt":{"rendered":"<p>Todos los relojes de lujo de segunda mano debe verificarse en la base de datos de THE WATCH REGISTER antes de cada transacci\u00f3n para garantizar la mejor protecci\u00f3n frente a relojes robados y falsificados. Esto incluye tanto los que se venden con caja y documentaci\u00f3n como aquellos que ya hayan sido verificados en nuestra base [&hellip;]<\/p>\n","protected":false},"author":1,"featured_media":0,"parent":0,"menu_order":25,"comment_status":"closed","ping_status":"closed","template":"thewatchregister-templates\/template-submit-search.php","meta":{"_acf_changed":false,"footnotes":""},"class_list":["post-440037","page","type-page","status-publish","hentry","odd"],"acf":[],"_links":{"self":[{"href":"https:\/\/dev.thewatchregister.com\/es\/wp-json\/wp\/v2\/pages\/440037","targetHints":{"allow":["GET"]}}],"collection":[{"href":"https:\/\/dev.thewatchregister.com\/es\/wp-json\/wp\/v2\/pages"}],"about":[{"href":"https:\/\/dev.thewatchregister.com\/es\/wp-json\/wp\/v2\/types\/page"}],"author":[{"embeddable":true,"href":"https:\/\/dev.thewatchregister.com\/es\/wp-json\/wp\/v2\/users\/1"}],"replies":[{"embeddable":true,"href":"https:\/\/dev.thewatchregister.com\/es\/wp-json\/wp\/v2\/comments?post=440037"}],"version-history":[{"count":3,"href":"https:\/\/dev.thewatchregister.com\/es\/wp-json\/wp\/v2\/pages\/440037\/revisions"}],"predecessor-version":[{"id":442326,"href":"https:\/\/dev.thewatchregister.com\/es\/wp-json\/wp\/v2\/pages\/440037\/revisions\/442326"}],"wp:attachment":[{"href":"https:\/\/dev.thewatchregister.com\/es\/wp-json\/wp\/v2\/media?parent=440037"}],"curies":[{"name":"wp","href":"https:\/\/api.w.org\/{rel}","templated":true}]}}