{"id":439984,"date":"2023-04-06T07:50:47","date_gmt":"2023-04-06T06:50:47","guid":{"rendered":"https:\/\/dev.thewatchregister.com\/the-art-loss-register\/"},"modified":"2025-05-20T16:23:45","modified_gmt":"2025-05-20T15:23:45","slug":"the-art-loss-register","status":"publish","type":"page","link":"https:\/\/dev.thewatchregister.com\/es\/the-art-loss-register\/","title":{"rendered":"The Art Loss Register"},"content":{"rendered":"\n\n<\/div>\n\n<section id=\"block_9f18a66c1fe1bc539e7fd79a03e8724d\" class=\"block row_wrapper bground_colour_none padding_top_medium padding_bottom_medium \" style=\"background-color: transparent;\" >\n\t<div class=\"uk-container uk-container-small\">\n\t\t\n\n\n\n\n<div class=\"block spacer padding_bottom_medium padding_top_medium\"><\/div>\n\n\n\n\n\n\n<section id=\"block_12fe3a70d143e70a153b19d9eebe7f2b\" class=\"block columns_wrapper \">\n\n\t\n\n\n\n\n<div class=\"column_content bground_colour_none padding_top_medium padding_bottom_medium \" style=\"background-color: transparent;\" >\n\t\t\t<div class=\"column_inner_content \">\n\n\t\t\t\n<div class=\"p_wrap\">\n<p class=\"has-large-font-size\">La base de datos de THE WATCH REGISTER forma parte de Art Loss Register (ALR), la mayor base de datos privada del mundo sobre obras de arte, antig\u00fcedades, joyas y objetos de colecci\u00f3n perdidos, robados o saqueados. Fundada en Londres en 1990, actualmente contiene informaci\u00f3n sobre 700\u00a0000\u00a0objetos. Cada a\u00f1o, ALR verifica m\u00e1s de 500\u00a0000\u00a0piezas que se venden en los mercados internacionales de arte y joyer\u00eda.<\/p>\n<\/div>\n\t\t<\/div>\n\n<\/div>\n\n\n\n\n\n\n\n<div class=\"column_content bground_colour_none padding_top_medium padding_bottom_medium \" style=\"background-color: transparent;\" >\n\t\t\t<div class=\"column_inner_content \">\n\n\t\t\t\n<div class=\"p_wrap\">\n<p>ALR cuenta con una amplia trayectoria de colaboraci\u00f3n con fuerzas policiales internacionales, aseguradoras, profesionales del sector, museos y particulares de todo el mundo, con el objetivo de recuperar bienes robados, ofrecer una herramienta de investigaci\u00f3n a las autoridades y proporcionar servicios de diligencia debida para el comercio. La base de datos se cre\u00f3 con el respaldo del sector de los seguros y de las principales casas de subastas, Sotheby&#8217;s y Christie&#8217;s, y ha sido clave para mejorar los est\u00e1ndares del mercado del arte. <\/p>\n<\/div>\n\n<div class=\"p_wrap\">\n<p>La experiencia acumulada durante los 30\u00a0a\u00f1os de historia de ALR nos ha posicionado como la autoridad mundial en arte y joyas perdidas y robadas. ALR ha resuelto con \u00e9xito cientos de recuperaciones y complejos litigios de titularidad, incluso una vez vencidos los plazos legales de reclamaci\u00f3n. En total, la empresa ha participado en la recuperaci\u00f3n de objetos valorados en cientos de millones de euros.<\/p>\n<\/div>\n\t\t<\/div>\n\n<\/div>\n\n\n\n<\/section>\n\n\n\n\n\n\n\n<div class=\"block spacer padding_bottom_medium padding_top_medium\"><\/div>\n\n\n\n\t\t\t<div class=\"block button align_center\">\n\t\t\t<a\n\t\t\t\thref=\"https:\/\/www.artloss.com\/\"\n\t\t\t\ttarget=\"\"\n\t\t\t\tclass=\"uk-button\n\t\t\t\t\tbutton_size_medium\t\t\t\t\t\t\t\t\t\t\tbground_col_copy-grey\t\t\t\t\t\thover_bground_col_navy\t\t\t\t\t\tcol_off-white\t\t\t\t\t\thover_col_orange\t\t\t\t\t\t\t\t\t\t\"\n\t\t\t>\n\t\t\t\tVisita The Art Loss Register\t\t\t\t\t\t\t<\/a>\n\t\t<\/div>\n\t\n\n\n\n\n\n<div class=\"block spacer padding_bottom_xlarge padding_top_xlarge\"><\/div>\n\t\n\t<\/div>\n<\/section>\n\n\n<div class=\"uk-container uk-container-small\">","protected":false},"excerpt":{"rendered":"","protected":false},"author":21321,"featured_media":0,"parent":0,"menu_order":0,"comment_status":"closed","ping_status":"closed","template":"","meta":{"_acf_changed":false,"footnotes":""},"class_list":["post-439984","page","type-page","status-publish","hentry","odd"],"acf":[],"_links":{"self":[{"href":"https:\/\/dev.thewatchregister.com\/es\/wp-json\/wp\/v2\/pages\/439984","targetHints":{"allow":["GET"]}}],"collection":[{"href":"https:\/\/dev.thewatchregister.com\/es\/wp-json\/wp\/v2\/pages"}],"about":[{"href":"https:\/\/dev.thewatchregister.com\/es\/wp-json\/wp\/v2\/types\/page"}],"author":[{"embeddable":true,"href":"https:\/\/dev.thewatchregister.com\/es\/wp-json\/wp\/v2\/users\/21321"}],"replies":[{"embeddable":true,"href":"https:\/\/dev.thewatchregister.com\/es\/wp-json\/wp\/v2\/comments?post=439984"}],"version-history":[{"count":27,"href":"https:\/\/dev.thewatchregister.com\/es\/wp-json\/wp\/v2\/pages\/439984\/revisions"}],"predecessor-version":[{"id":442349,"href":"https:\/\/dev.thewatchregister.com\/es\/wp-json\/wp\/v2\/pages\/439984\/revisions\/442349"}],"wp:attachment":[{"href":"https:\/\/dev.thewatchregister.com\/es\/wp-json\/wp\/v2\/media?parent=439984"}],"curies":[{"name":"wp","href":"https:\/\/api.w.org\/{rel}","templated":true}]}}