{"id":439965,"date":"2018-12-20T14:14:27","date_gmt":"2018-12-20T14:14:27","guid":{"rendered":"https:\/\/dev.thewatchregister.com\/register-loss\/"},"modified":"2025-05-20T16:22:22","modified_gmt":"2025-05-20T15:22:22","slug":"register-loss","status":"publish","type":"page","link":"https:\/\/dev.thewatchregister.com\/es\/register-loss\/","title":{"rendered":"Registrar un reloj perdido o robado"},"content":{"rendered":"<p>Registra tu reloj en la mayor base de datos internacional de relojes perdidos y robados. Lo buscaremos activamente en el mercado internacional y, si lo localizamos, te avisaremos de inmediato, ofreci\u00e9ndote asistencia para su recuperaci\u00f3n si lo necesitas.<\/p>\n<p>Para poder registrar un reloj, necesitamos su <strong>n\u00famero de serie \u00fanico y una prueba de p\u00e9rdida<\/strong>. En la mayor\u00eda de los casos, esto debe presentarse en forma de n\u00famero de referencia policial o la documentaci\u00f3n del seguro. Si no dispones de esta informaci\u00f3n, contacta con nosotros para analizar tu caso.<\/p>\n<p>Puedes registrar varios relojes de un mismo siniestro en un solo formulario. Si se trata de incidentes distintos, deber\u00e1s presentar un formulario nuevo para cada caso.<\/p>\n<p>Cobramos una tasa administrativa no reembolsable de &pound;15 por reloj (+ IVA) para revisar y procesar tu solicitud de registro. Si localizamos tu reloj y conseguimos recuperarlo con \u00e9xito, aplicamos una comisi\u00f3n por localizaci\u00f3n del 5\u00a0% sobre el beneficio neto final para ti (consulta nuestros <a href=\"https:\/\/dev.thewatchregister.com\/terms-and-conditions\/loss-registrations\/\">t\u00e9rminos y condiciones<\/a> para m\u00e1s informaci\u00f3n sobre esta comisi\u00f3n y sobre nuestro servicio opcional de recuperaci\u00f3n).<\/p>\n<p>Para registrar un reloj antiguo o de bolsillo, utiliza el formulario disponible en el sitio web de Art Loss Register <a href=\"https:\/\/dashboard.artloss.com\/account\/register\/add\" target=\"_blank\" rel=\"noopener noreferrer\">aqu\u00ed<\/a>.<\/p>\n<p>Nota: la polic\u00eda y las aseguradoras pueden registrar p\u00e9rdidas de forma gratuita. Puedes escribirnos a <a href=\"mailto:info@thewatchregister.com\">info@thewatchregister.com<\/a>.<\/p>\n","protected":false},"excerpt":{"rendered":"<p>Registra tu reloj en la mayor base de datos internacional de relojes perdidos y robados. Lo buscaremos activamente en el mercado internacional y, si lo localizamos, te avisaremos de inmediato, ofreci\u00e9ndote asistencia para su recuperaci\u00f3n si lo necesitas. Para poder registrar un reloj, necesitamos su n\u00famero de serie \u00fanico y una prueba de p\u00e9rdida. En [&hellip;]<\/p>\n","protected":false},"author":1,"featured_media":0,"parent":0,"menu_order":0,"comment_status":"closed","ping_status":"closed","template":"thewatchregister-templates\/template-submit-loss-registration.php","meta":{"_acf_changed":false,"footnotes":""},"class_list":["post-439965","page","type-page","status-publish","hentry","odd"],"acf":[],"_links":{"self":[{"href":"https:\/\/dev.thewatchregister.com\/es\/wp-json\/wp\/v2\/pages\/439965","targetHints":{"allow":["GET"]}}],"collection":[{"href":"https:\/\/dev.thewatchregister.com\/es\/wp-json\/wp\/v2\/pages"}],"about":[{"href":"https:\/\/dev.thewatchregister.com\/es\/wp-json\/wp\/v2\/types\/page"}],"author":[{"embeddable":true,"href":"https:\/\/dev.thewatchregister.com\/es\/wp-json\/wp\/v2\/users\/1"}],"replies":[{"embeddable":true,"href":"https:\/\/dev.thewatchregister.com\/es\/wp-json\/wp\/v2\/comments?post=439965"}],"version-history":[{"count":2,"href":"https:\/\/dev.thewatchregister.com\/es\/wp-json\/wp\/v2\/pages\/439965\/revisions"}],"predecessor-version":[{"id":442339,"href":"https:\/\/dev.thewatchregister.com\/es\/wp-json\/wp\/v2\/pages\/439965\/revisions\/442339"}],"wp:attachment":[{"href":"https:\/\/dev.thewatchregister.com\/es\/wp-json\/wp\/v2\/media?parent=439965"}],"curies":[{"name":"wp","href":"https:\/\/api.w.org\/{rel}","templated":true}]}}