{"id":439961,"date":"2023-04-26T09:14:02","date_gmt":"2023-04-26T08:14:02","guid":{"rendered":"https:\/\/dev.thewatchregister.com\/recovery\/"},"modified":"2025-09-04T17:49:06","modified_gmt":"2025-09-04T16:49:06","slug":"recovery","status":"publish","type":"page","link":"https:\/\/dev.thewatchregister.com\/es\/recovery\/","title":{"rendered":"Recuperaci\u00f3n"},"content":{"rendered":"\n\n\n\n<div class=\"block spacer padding_bottom_large padding_top_large\"><\/div>\n\n<\/div>\n\n<section id=\"block_8a7afc79240b125ad1a77af8f964b80d\" class=\"block row_wrapper bground_colour_none padding_top_medium padding_bottom_medium \" style=\"background-color: transparent;\" >\n\t<div class=\"uk-container uk-container-small\">\n\t\t\n\n\n\n\n\n<section id=\"block_5c7fa5ce032b5a188f07dacece923d19\" class=\"block columns_wrapper \">\n\n\t\n\n\n\n\n<div class=\"column_content bground_colour_none padding_top_medium padding_bottom_medium \" style=\"background-color: transparent;\" >\n\t\t\t<div class=\"column_inner_content \">\n\n\t\t\t\n<div class=\"p_wrap\">\n<p class=\"has-large-font-size\">El equipo de THE WATCH REGISTER cuenta con un historial excepcional en la recuperaci\u00f3n de relojes, habiendo localizado 5000 piezas perdidas y robadas en la \u00faltima d\u00e9cada. Nuestros especialistas en recuperaciones act\u00faan con rapidez al detectar un reloj sustra\u00eddo. Aplicamos medidas de seguridad para proteger el reloj y mantenemos una estrecha colaboraci\u00f3n con las autoridades durante todo el proceso, maximizando as\u00ed las probabilidades de recuperaci\u00f3n.<\/p>\n<\/div>\n\t\t<\/div>\n\n<\/div>\n\n\n\n\n\n\n\n<div class=\"column_content bground_colour_none padding_top_medium padding_bottom_medium \" style=\"background-color: transparent;\" >\n\t\t\t<div class=\"column_inner_content \">\n\n\t\t\t\n<div class=\"p_wrap\">\n<p>Las v\u00edctimas de robos y las compa\u00f1\u00edas aseguradoras pueden recurrir a nuestro equipo especializado en recuperaciones para localizar relojes robados. Una vez recibimos un encargo, presentamos una reclamaci\u00f3n formal en nombre del propietario leg\u00edtimo y nos coordinamos de forma proactiva con todas las partes implicadas: autoridades, aseguradoras, vendedores y la propia v\u00edctima. Nuestro objetivo es devolverte el reloj o lograr un acuerdo econ\u00f3mico satisfactorio. <\/p>\n<\/div>\n\n<div class=\"p_wrap\">\n<p>Durante tres d\u00e9cadas, como parte de nuestra empresa matriz, <a href=\"https:\/\/www.artloss.com\/\">Art Loss Register<\/a>, hemos acumulado una amplia experiencia resolviendo complejos litigios sobre la titularidad de relojes. Nuestras negociaciones logran resultados positivos incluso en casos donde los plazos de reclamaci\u00f3n ya hab\u00edan vencido. Nuestras estrechas relaciones con las autoridades internacionales y nuestros contactos en la industria relojera nos sit\u00faan en una posici\u00f3n privilegiada para lograr recuperaciones satisfactorias tanto para las v\u00edctimas como para las aseguradoras.<\/p>\n<\/div>\n\n<div class=\"p_wrap\">\n<p>Operamos sin cargos iniciales ni honorarios anticipados.<\/p>\n<\/div>\n\n<div class=\"p_wrap\">\n<p>Si nos encargas una recuperaci\u00f3n, aplicamos una comisi\u00f3n del 20\u00a0% sobre el beneficio neto final que obtengas, \u00fanicamente si se recupera el reloj con \u00e9xito. Este beneficio se calcula seg\u00fan el valor de mercado actual del reloj. <\/p>\n<\/div>\n\n<div class=\"p_wrap\">\n<p>Alternativamente, si prefieres gestionar la recuperaci\u00f3n por tu cuenta o con ayuda de la polic\u00eda, aplicamos una comisi\u00f3n por localizaci\u00f3n del 5\u00a0% sobre el beneficio neto final. Esta comisi\u00f3n solo se cobra si la recuperaci\u00f3n tiene \u00e9xito y si fuimos nosotros quienes localizamos inicialmente el reloj. <\/p>\n<\/div>\n\n<div class=\"p_wrap\">\n<p>Podr\u00e1s decidir qu\u00e9 opci\u00f3n prefieres en el momento en que te notifiquemos que hemos encontrado tu reloj.<\/p>\n<\/div>\n\n\n\n\t\t\t<div class=\"block button align_center\">\n\t\t\t<a\n\t\t\t\thref=\"https:\/\/dev.thewatchregister.com\/es\/terms-and-conditions\/loss-registrations\/\"\n\t\t\t\ttarget=\"\"\n\t\t\t\tclass=\"uk-button\n\t\t\t\t\tbutton_size_medium\t\t\t\t\t\t\t\t\t\t\tbground_col_copy-grey\t\t\t\t\t\thover_bground_col_navy\t\t\t\t\t\tcol_off-white\t\t\t\t\t\thover_col_orange\t\t\t\t\t\t\t\t\t\t\"\n\t\t\t>\n\t\t\t\tT\u00e9rminos y condiciones del registro de p\u00e9rdidas\t\t\t\t\t\t\t<\/a>\n\t\t<\/div>\n\t\n\t\t<\/div>\n\n<\/div>\n\n\n\n<\/section>\n\n\n\t\n\t<\/div>\n<\/section>\n\n\n<div class=\"uk-container uk-container-small\">\n\n\n\n<div class=\"block spacer padding_bottom_large padding_top_large\"><\/div>","protected":false},"excerpt":{"rendered":"","protected":false},"author":21321,"featured_media":0,"parent":0,"menu_order":0,"comment_status":"closed","ping_status":"closed","template":"","meta":{"_acf_changed":false,"footnotes":""},"class_list":["post-439961","page","type-page","status-publish","hentry","odd"],"acf":[],"_links":{"self":[{"href":"https:\/\/dev.thewatchregister.com\/es\/wp-json\/wp\/v2\/pages\/439961","targetHints":{"allow":["GET"]}}],"collection":[{"href":"https:\/\/dev.thewatchregister.com\/es\/wp-json\/wp\/v2\/pages"}],"about":[{"href":"https:\/\/dev.thewatchregister.com\/es\/wp-json\/wp\/v2\/types\/page"}],"author":[{"embeddable":true,"href":"https:\/\/dev.thewatchregister.com\/es\/wp-json\/wp\/v2\/users\/21321"}],"replies":[{"embeddable":true,"href":"https:\/\/dev.thewatchregister.com\/es\/wp-json\/wp\/v2\/comments?post=439961"}],"version-history":[{"count":31,"href":"https:\/\/dev.thewatchregister.com\/es\/wp-json\/wp\/v2\/pages\/439961\/revisions"}],"predecessor-version":[{"id":442780,"href":"https:\/\/dev.thewatchregister.com\/es\/wp-json\/wp\/v2\/pages\/439961\/revisions\/442780"}],"wp:attachment":[{"href":"https:\/\/dev.thewatchregister.com\/es\/wp-json\/wp\/v2\/media?parent=439961"}],"curies":[{"name":"wp","href":"https:\/\/api.w.org\/{rel}","templated":true}]}}