{"id":439945,"date":"2023-04-06T14:18:45","date_gmt":"2023-04-06T13:18:45","guid":{"rendered":"https:\/\/dev.thewatchregister.com\/law-enforcement\/"},"modified":"2025-09-05T09:58:25","modified_gmt":"2025-09-05T08:58:25","slug":"law-enforcement","status":"publish","type":"page","link":"https:\/\/dev.thewatchregister.com\/es\/law-enforcement\/","title":{"rendered":"Fuerzas policiales"},"content":{"rendered":"\n\n\n\n<div class=\"block spacer padding_bottom_medium padding_top_medium\"><\/div>\n\n<\/div>\n<div class=\"row_border\">\n<section id=\"block_c48f10ebf6ab13641bc08e0aec59594b\" class=\"block row_wrapper bground_colour_secondary-blue padding_top_xlarge padding_bottom_xlarge \" style=\"background-color: #E1EBEE;\" >\n\t<div class=\"uk-container uk-container-small\">\n\t\t\n\n\n\n\n\n<section id=\"block_2275ee1d25b52235125232f98afd216a\" class=\"block columns_wrapper \">\n\n\t\n\n\n\n\n<div class=\"column_content bground_colour_none padding_top_medium padding_bottom_medium \" style=\"background-color: transparent;\" >\n\t\t\t<div class=\"column_inner_content \">\n\n\t\t\t\n\n<h2 class=\"wp-block-heading has-navy-color has-text-color has-extra-large-font-size\" id=\"h-law-enforcement\">Fuerzas policiales<\/h2>\n\n\t\t<\/div>\n\n<\/div>\n\n\n\n<\/section>\n\n\n\n\n\n\n\n\n<section id=\"block_2275ee1d25b52235125232f98afd216a\" class=\"block columns_wrapper \">\n\n\t\n\n\n\n\n<div class=\"column_content bground_colour_none padding_top_medium padding_bottom_medium \" style=\"background-color: transparent;\" >\n\t\t\t<div class=\"column_inner_content \">\n\n\t\t\t\n\n<figure class=\"wp-block-image alignleft size-full is-resized\"><img decoding=\"async\" data-src=\"https:\/\/twr-web.s3.amazonaws.com\/uploads\/2023\/04\/law_enforcement-icon.svg\" alt=\"\" class=\"wp-image-427828 lazyload\" style=\"width:60px\" src=\"data:image\/svg+xml;base64,PHN2ZyB3aWR0aD0iMSIgaGVpZ2h0PSIxIiB4bWxucz0iaHR0cDovL3d3dy53My5vcmcvMjAwMC9zdmciPjwvc3ZnPg==\" \/><\/figure>\n\n\t\t<\/div>\n\n<\/div>\n\n\n\n\n\n\n\n<div class=\"column_content bground_colour_none padding_top_medium padding_bottom_medium \" style=\"background-color: transparent;\" >\n\t\t\t<div class=\"column_inner_content \">\n\n\t\t\t\t\t<\/div>\n\n<\/div>\n\n\n\n<\/section>\n\n\n\n\n\n\n\n\n<section id=\"block_2275ee1d25b52235125232f98afd216a\" class=\"block columns_wrapper \">\n\n\t\n\n\n\n\n<div class=\"column_content bground_colour_none padding_top_medium padding_bottom_medium \" style=\"background-color: transparent;\" >\n\t\t\t<div class=\"column_inner_content \">\n\n\t\t\t\n<div class=\"p_wrap\">\n<p class=\"has-navy-color has-text-color has-extra-large-font-size\">La base de datos de THE WATCH REGISTER es una herramienta eficaz para la recuperaci\u00f3n de relojes robados y un valioso recurso de investigaci\u00f3n para cuerpos policiales de todo el mundo. Todos nuestros servicios dirigidos a las autoridades son completamente gratuitos. Contamos con una amplia trayectoria de colaboraci\u00f3n con organismos internacionales de renombre, como el FBI, NYPD, Interpol y la Polic\u00eda Metropolitana de Londres.<\/p>\n<\/div>\n\t\t<\/div>\n\n<\/div>\n\n\n\n\n\n\n\n<div class=\"column_content bground_colour_none padding_top_medium padding_bottom_medium \" style=\"background-color: transparent;\" >\n\t\t\t<div class=\"column_inner_content \">\n\n\t\t\t\n<div class=\"p_wrap\">\n<p class=\"has-navy-color has-text-color\">Las fuerzas policiales a nivel mundial utilizan nuestra base de datos para registrar relojes sustra\u00eddos en diversos delitos, incluyendo atracos, robos con fuerza, hurtos, estafas y fraudes. Gracias a nuestras extensas operaciones de b\u00fasqueda en el mercado de relojes, logramos localizar piezas incluso despu\u00e9s de que hayan cruzado fronteras internacionales. <\/p>\n<\/div>\n\n<div class=\"p_wrap\">\n<p class=\"has-navy-color has-text-color\">El valor total de los bienes recuperados por THE WATCH REGISTER y nuestra empresa matriz, Art Loss Register, a lo largo de los \u00faltimos 35\u00a0a\u00f1os, asciende a cientos de millones de euros. La informaci\u00f3n proporcionada a las autoridades como resultado de nuestras recuperaciones ha contribuido a decenas de detenciones y condenas.<\/p>\n<\/div>\n\n<div class=\"p_wrap\">\n<p class=\"has-navy-color has-text-color\">Los agentes de polic\u00eda tambi\u00e9n pueden buscar relojes recuperados en nuestra base de datos para verificar si se ha denunciado su robo con el fin de devolverlos a sus leg\u00edtimos propietarios.<\/p>\n<\/div>\n\t\t<\/div>\n\n<\/div>\n\n\n\n<\/section>\n\n\n\t\n\t<\/div>\n<\/section>\n\n<\/div>\n<div class=\"uk-container uk-container-small\">\n\n<\/div>\n\n<section id=\"block_996ab41b136440be1d3d7ffbb41664da\" class=\"block row_wrapper bground_colour_navy padding_top_large padding_bottom_large \" style=\"background-color: #1F305B;\" >\n\t<div class=\"uk-container uk-container-small\">\n\t\t\n\n\n\n\n\n<section id=\"block_a700b1cb433a7607b48ca147a99a9979\" class=\"block columns_wrapper \">\n\n\t\n\n\n\n\n<div class=\"column_content flex bground_colour_none padding_top_medium padding_bottom_medium \" style=\"background-color: transparent;\" uk-scrollspy=\"cls: uk-animation-fade; delay: 500\">\n\t\t\t<div class=\"column_inner_content flex_center_vertical flex_center_horizontal\">\n\n\t\t\t\n\n<figure class=\"wp-block-image size-full\"><img decoding=\"async\" data-src=\"https:\/\/twr-web.s3.amazonaws.com\/uploads\/2023\/04\/Open_Safe.svg\" alt=\"\" class=\"wp-image-427796 lazyload\" src=\"data:image\/svg+xml;base64,PHN2ZyB3aWR0aD0iMSIgaGVpZ2h0PSIxIiB4bWxucz0iaHR0cDovL3d3dy53My5vcmcvMjAwMC9zdmciPjwvc3ZnPg==\" \/><\/figure>\n\n\t\t<\/div>\n\n<\/div>\n\n\n\n\n\n\n\n<div class=\"column_content bground_colour_none padding_top_medium padding_bottom_medium \" style=\"background-color: transparent;\" >\n\t\t\t<div class=\"column_inner_content \">\n\n\t\t\t\n\n<h2 class=\"wp-block-heading has-off-white-color has-text-color has-medium-font-size\">Registrar un objeto perdido<\/h2>\n\n\n\n<h3 class=\"wp-block-heading has-off-white-color has-text-color\">Maximiza las posibilidades de recuperaci\u00f3n<\/h3>\n\n\n<div class=\"p_wrap\">\n<p class=\"has-off-white-color has-text-color has-small-font-size\">Tu reloj se registrar\u00e1 en la mayor base de datos internacional de relojes robados, utilizada por comerciantes, joyeros, casas de empe\u00f1o y casas de subastas para identificar relojes sustra\u00eddos. Nuestro equipo buscar\u00e1 activamente tu reloj en el mercado global de relojes de segunda mano hasta lograr su recuperaci\u00f3n.<\/p>\n<\/div>\n\n<div class=\"p_wrap\">\n<p class=\"has-off-white-color has-text-color\"><strong>El 50\u00a0% de los <strong>relojes recuperados<\/strong> se localizan en el primer a\u00f1o tras el robo, y el 35\u00a0% en los 6\u00a0primeros meses.<\/strong><\/p>\n<\/div>\n\n\n\n\n\n<div class=\"block spacer padding_bottom_medium padding_top_medium\"><\/div>\n\n\n\n\t\t\t<div class=\"block button align_center\">\n\t\t\t<a\n\t\t\t\thref=\"https:\/\/dev.thewatchregister.com\/es\/register-loss\/\"\n\t\t\t\ttarget=\"\"\n\t\t\t\tclass=\"uk-button\n\t\t\t\t\tbutton_size_medium\t\t\t\t\t\t\t\t\t\t\tbground_col_copy-grey\t\t\t\t\t\thover_bground_col_off-white\t\t\t\t\t\tcol_off-white\t\t\t\t\t\thover_col_orange\t\t\t\t\t\t\t\t\t\t\"\n\t\t\t>\n\t\t\t\tRegistrar un objeto perdido\t\t\t\t\t\t\t<\/a>\n\t\t<\/div>\n\t\n\t\t<\/div>\n\n<\/div>\n\n\n\n<\/section>\n\n\n\t\n\t<\/div>\n<\/section>\n\n\n<div class=\"uk-container uk-container-small\">\n\n<\/div>\n\n<section id=\"block_909151a1a958fed43c3118d4938b76c6\" class=\"block row_wrapper bground_colour_white padding_top_large padding_bottom_large \" style=\"background-color: #FFFFFF;\" >\n\t<div class=\"uk-container uk-container-small\">\n\t\t\n\n\n\n\n\n<section id=\"block_a700b1cb433a7607b48ca147a99a9979\" class=\"block columns_wrapper \">\n\n\t\n\n\n\n\n<div class=\"column_content padding_top_medium padding_bottom_medium \" style=\"\" >\n\t\t\t<div class=\"column_inner_content \">\n\n\t\t\t\n\n<h2 class=\"wp-block-heading has-navy-color has-text-color has-medium-font-size\">Busca en la base de datos<\/h2>\n\n\n\n<h3 class=\"wp-block-heading has-navy-color has-text-color\">Verifica si un reloj est\u00e1 registrado como perdido, robado o falsificado<\/h3>\n\n\n\n\n\n\n<div class=\"block spacer padding_bottom_xsmall padding_top_xsmall\"><\/div>\n\n<div class=\"li_wrap\">\n<ul class=\"wp-block-list\">\n<li>Compra y vende con total confianza<\/li>\n\n\n\n<li>Evita p\u00e9rdidas econ\u00f3micas<\/li>\n\n\n\n<li>Protege tu reputaci\u00f3n<\/li>\n\n\n\n<li>Certificado de b\u00fasqueda como prueba de diligencia debida<\/li>\n<\/ul>\n<\/div>\n\n<div class=\"p_wrap\">\n<p><strong>Verificaci\u00f3n de n\u00fameros de serie de Rolex y otras marcas. B\u00fasquedas por SMS, WhatsApp o en nuestra web. Resultados en cuesti\u00f3n de minutos.<\/strong><\/p>\n<\/div>\n\n\n\n\n\n<div class=\"block spacer padding_bottom_small padding_top_small\"><\/div>\n\n\n\n\t\t\t<div class=\"block button align_center\">\n\t\t\t<a\n\t\t\t\thref=\"https:\/\/dev.thewatchregister.com\/es\/search\/\"\n\t\t\t\ttarget=\"\"\n\t\t\t\tclass=\"uk-button\n\t\t\t\t\tbutton_size_medium\t\t\t\t\t\t\t\t\t\t\tbground_col_copy-grey\t\t\t\t\t\thover_bground_col_off-white\t\t\t\t\t\tcol_off-white\t\t\t\t\t\thover_col_orange\t\t\t\t\t\t\t\t\t\t\"\n\t\t\t>\n\t\t\t\tIniciar una b\u00fasqueda\t\t\t\t\t\t\t<\/a>\n\t\t<\/div>\n\t\n\t\t<\/div>\n\n<\/div>\n\n\n\n\n\n\n\n<div class=\"column_content flex bground_colour_none padding_top_medium padding_bottom_medium \" style=\"background-color: transparent;\" uk-scrollspy=\"cls: uk-animation-fade; delay: 500\">\n\t\t\t<div class=\"column_inner_content flex_center_vertical fill_column_width \">\n\n\t\t\t\n\n\n<div class=\"client_content_wrapper padding_large bground_col_user-blue\">\n\n\t\n\n<h2 class=\"wp-block-heading has-off-white-color has-text-color has-medium-font-size\">Registrarse<\/h2>\n\n\n\n\n\t\t\t<div class=\"block button align_center\">\n\t\t\t<a\n\t\t\t\thref=\"https:\/\/dev.thewatchregister.com\/es\/create-account\/\"\n\t\t\t\ttarget=\"\"\n\t\t\t\tclass=\"uk-button\n\t\t\t\t\tbutton_size_medium\t\t\t\t\t\t\t\t\t\t\tclient_button\n\t\t\t\t\t\t\t\t\t\t\t\t\tbground_col_off-white\n\t\t\t\t\t\t\thover_bground_col_user-blue\n\t\t\t\t\t\t\tcol_user-blue\n\t\t\t\t\t\t\thover_col_off-white\n\t\t\t\t\t\t\t\t\t\t\t\t\t\t\t\t\"\n\t\t\t>\n\t\t\t\tCrear una cuenta\t\t\t\t\t\t\t<\/a>\n\t\t<\/div>\n\t\n\n<div class=\"p_wrap\">\n<p class=\"has-off-white-color has-text-color has-small-font-size\"><a href=\"https:\/\/dev.thewatchregister.com\/login\/\">Inicia sesi\u00f3n en tu cuenta<\/a><\/p>\n<\/div>\n\n\n\n\n\n<div class=\"block spacer padding_bottom_xsmall padding_top_xsmall\"><\/div>\n\n\n\n\t\t\t<div class=\"block button align_center\">\n\t\t\t<a\n\t\t\t\thref=\"https:\/\/dev.thewatchregister.com\/es\/my-account\/view-search-credit-subscriptions\/\"\n\t\t\t\ttarget=\"\"\n\t\t\t\tclass=\"uk-button\n\t\t\t\t\tbutton_size_medium\t\t\t\t\t\t\t\t\t\t\tclient_button\n\t\t\t\t\t\t\t\t\t\t\t\t\tbground_col_off-white\n\t\t\t\t\t\t\thover_bground_col_user-blue\n\t\t\t\t\t\t\tcol_user-blue\n\t\t\t\t\t\t\thover_col_off-white\n\t\t\t\t\t\t\t\t\t\t\t\t\t\t\t\t\"\n\t\t\t>\n\t\t\t\tComprar cr\u00e9ditos\t\t\t\t\t\t\t<\/a>\n\t\t<\/div>\n\t\n\n<\/div>\n\t\t<\/div>\n\n<\/div>\n\n\n\n<\/section>\n\n\n\t\n\t<\/div>\n<\/section>\n\n\n<div class=\"uk-container uk-container-small\">\n\n\n\n<div class=\"block spacer padding_bottom_ padding_top_\"><\/div>\n\n\n\n<div class=\"block spacer padding_bottom_ padding_top_\"><\/div>","protected":false},"excerpt":{"rendered":"","protected":false},"author":21321,"featured_media":0,"parent":0,"menu_order":0,"comment_status":"closed","ping_status":"closed","template":"","meta":{"_acf_changed":false,"footnotes":""},"class_list":["post-439945","page","type-page","status-publish","hentry","odd"],"acf":[],"_links":{"self":[{"href":"https:\/\/dev.thewatchregister.com\/es\/wp-json\/wp\/v2\/pages\/439945","targetHints":{"allow":["GET"]}}],"collection":[{"href":"https:\/\/dev.thewatchregister.com\/es\/wp-json\/wp\/v2\/pages"}],"about":[{"href":"https:\/\/dev.thewatchregister.com\/es\/wp-json\/wp\/v2\/types\/page"}],"author":[{"embeddable":true,"href":"https:\/\/dev.thewatchregister.com\/es\/wp-json\/wp\/v2\/users\/21321"}],"replies":[{"embeddable":true,"href":"https:\/\/dev.thewatchregister.com\/es\/wp-json\/wp\/v2\/comments?post=439945"}],"version-history":[{"count":23,"href":"https:\/\/dev.thewatchregister.com\/es\/wp-json\/wp\/v2\/pages\/439945\/revisions"}],"predecessor-version":[{"id":442822,"href":"https:\/\/dev.thewatchregister.com\/es\/wp-json\/wp\/v2\/pages\/439945\/revisions\/442822"}],"wp:attachment":[{"href":"https:\/\/dev.thewatchregister.com\/es\/wp-json\/wp\/v2\/media?parent=439945"}],"curies":[{"name":"wp","href":"https:\/\/api.w.org\/{rel}","templated":true}]}}