{"id":439942,"date":"2023-04-06T11:00:41","date_gmt":"2023-04-06T10:00:41","guid":{"rendered":"https:\/\/dev.thewatchregister.com\/insurers\/"},"modified":"2025-05-20T16:24:44","modified_gmt":"2025-05-20T15:24:44","slug":"insurers","status":"publish","type":"page","link":"https:\/\/dev.thewatchregister.com\/es\/insurers\/","title":{"rendered":"Aseguradoras"},"content":{"rendered":"\n\n\n\n<div class=\"block spacer padding_bottom_medium padding_top_medium\"><\/div>\n\n<\/div>\n<div class=\"row_border\">\n<section id=\"block_f6660b46e9ac74b6e2c1af31ef80238b\" class=\"block row_wrapper bground_colour_secondary-blue padding_top_xlarge padding_bottom_xlarge \" style=\"background-color: #E1EBEE;\" >\n\t<div class=\"uk-container uk-container-small\">\n\t\t\n\n\n\n\n\n<section id=\"block_ad663ef2624d15e46506d431532df18b\" class=\"block columns_wrapper \">\n\n\t\n\n\n\n\n<div class=\"column_content bground_colour_none padding_top_medium padding_bottom_medium \" style=\"background-color: transparent;\" >\n\t\t\t<div class=\"column_inner_content \">\n\n\t\t\t\n\n<h2 class=\"wp-block-heading has-navy-color has-text-color has-extra-large-font-size\" id=\"h-insurers\">Aseguradoras<\/h2>\n\n\t\t<\/div>\n\n<\/div>\n\n\n\n<\/section>\n\n\n\n\n\n\n\n\n<section id=\"block_ad663ef2624d15e46506d431532df18b\" class=\"block columns_wrapper \">\n\n\t\n\n\n\n\n<div class=\"column_content bground_colour_none padding_top_medium padding_bottom_medium \" style=\"background-color: transparent;\" >\n\t\t\t<div class=\"column_inner_content \">\n\n\t\t\t\n\n<figure class=\"wp-block-image size-full is-resized\"><img decoding=\"async\" data-src=\"https:\/\/twr-web.s3.amazonaws.com\/uploads\/2023\/04\/insurers-icon.svg\" alt=\"\" class=\"wp-image-427826 lazyload\" width=\"60\" src=\"data:image\/svg+xml;base64,PHN2ZyB3aWR0aD0iMSIgaGVpZ2h0PSIxIiB4bWxucz0iaHR0cDovL3d3dy53My5vcmcvMjAwMC9zdmciPjwvc3ZnPg==\" \/><\/figure>\n\n\t\t<\/div>\n\n<\/div>\n\n\n\n\n\n\n\n<div class=\"column_content bground_colour_none padding_top_medium padding_bottom_medium \" style=\"background-color: transparent;\" >\n\t\t\t<div class=\"column_inner_content \">\n\n\t\t\t\t\t<\/div>\n\n<\/div>\n\n\n\n<\/section>\n\n\n\n\n\n\n\n\n<section id=\"block_ad663ef2624d15e46506d431532df18b\" class=\"block columns_wrapper \">\n\n\t\n\n\n\n\n<div class=\"column_content bground_colour_none padding_top_medium padding_bottom_medium \" style=\"background-color: transparent;\" >\n\t\t\t<div class=\"column_inner_content \">\n\n\t\t\t\n<div class=\"p_wrap\">\n<p class=\"has-navy-color has-text-color has-extra-large-font-size\">THE WATCH REGISTER ofrece a las aseguradoras el registro gratuito de relojes, joyas y obras de arte perdidos y robados en nuestra base de datos. Nuestro servicio es la herramienta m\u00e1s eficaz para que las aseguradoras maximicen sus recuperaciones y reduzcan su \u00edndice de siniestralidad con el m\u00ednimo esfuerzo, adem\u00e1s de detectar posibles fraudes.<\/p>\n<\/div>\n\t\t<\/div>\n\n<\/div>\n\n\n\n\n\n\n\n<div class=\"column_content bground_colour_none padding_top_medium padding_bottom_medium \" style=\"background-color: transparent;\" >\n\t\t\t<div class=\"column_inner_content \">\n\n\t\t\t\n<div class=\"p_wrap\">\n<p class=\"has-navy-color has-text-color\">Nuestro equipo lleva a cabo b\u00fasquedas proactivas en el mercado internacional hasta recuperar los objetos, verificando las transacciones de prestamistas, comerciantes, casas de subastas y coleccionistas. <\/p>\n<\/div>\n\n<div class=\"p_wrap\">\n<p class=\"has-navy-color has-text-color\">Actuamos con rapidez para asegurar las piezas en cuanto son localizadas. Nuestro equipo especializado en recuperaciones ofrece un servicio opcional para aseguradoras y sus agentes con el fin de facilitar la recuperaci\u00f3n. Puedes obtener m\u00e1s informaci\u00f3n sobre este servicio <a href=\"https:\/\/dev.thewatchregister.com\/es\/recovery\/\">aqu\u00ed<\/a>. <\/p>\n<\/div>\n\n<div class=\"p_wrap\">\n<p class=\"has-navy-color has-text-color\">Contacta con nosotros para analizar tus necesidades y conocer nuestros servicios de recuperaci\u00f3n para siniestros.<\/p>\n<\/div>\n\n\n\n\t\t\t<div class=\"block button align_center\">\n\t\t\t<a\n\t\t\t\thref=\"https:\/\/dev.thewatchregister.com\/es\/contact-us\/\"\n\t\t\t\ttarget=\"\"\n\t\t\t\tclass=\"uk-button\n\t\t\t\t\tbutton_size_medium\t\t\t\t\t\t\t\t\t\t\tbground_col_copy-grey\t\t\t\t\t\thover_bground_col_navy\t\t\t\t\t\tcol_off-white\t\t\t\t\t\thover_col_orange\t\t\t\t\t\t\t\t\t\t\"\n\t\t\t>\n\t\t\t\tContacta con nosotros\t\t\t\t\t\t\t<\/a>\n\t\t<\/div>\n\t\n\t\t<\/div>\n\n<\/div>\n\n\n\n<\/section>\n\n\n\t\n\t<\/div>\n<\/section>\n\n<\/div>\n<div class=\"uk-container uk-container-small\">\n\n<\/div>\n\n<section id=\"block_847c367e816654eaac6fdd0bc7287f0e\" class=\"block row_wrapper bground_colour_navy padding_top_large padding_bottom_large \" style=\"background-color: #1F305B;\" >\n\t<div class=\"uk-container uk-container-small\">\n\t\t\n\n\n\n\n\n<section id=\"block_59f9f097c2f59a24d4038919d805ebdc\" class=\"block columns_wrapper \">\n\n\t\n\n\n\n\n<div class=\"column_content flex bground_colour_none padding_top_medium padding_bottom_medium \" style=\"background-color: transparent;\" uk-scrollspy=\"cls: uk-animation-fade; delay: 500\">\n\t\t\t<div class=\"column_inner_content flex_center_vertical flex_center_horizontal\">\n\n\t\t\t\n\n<figure class=\"wp-block-image size-full\"><img decoding=\"async\" data-src=\"https:\/\/twr-web.s3.amazonaws.com\/uploads\/2023\/04\/Open_Safe.svg\" alt=\"\" class=\"wp-image-427796 lazyload\" src=\"data:image\/svg+xml;base64,PHN2ZyB3aWR0aD0iMSIgaGVpZ2h0PSIxIiB4bWxucz0iaHR0cDovL3d3dy53My5vcmcvMjAwMC9zdmciPjwvc3ZnPg==\" \/><\/figure>\n\n\t\t<\/div>\n\n<\/div>\n\n\n\n\n\n\n\n<div class=\"column_content bground_colour_none padding_top_medium padding_bottom_medium \" style=\"background-color: transparent;\" >\n\t\t\t<div class=\"column_inner_content \">\n\n\t\t\t\n\n<h2 class=\"wp-block-heading has-off-white-color has-text-color has-medium-font-size\">Registrar un objeto perdido<\/h2>\n\n\n\n<h3 class=\"wp-block-heading has-off-white-color has-text-color\">Maximiza las posibilidades de recuperaci\u00f3n<\/h3>\n\n\n<div class=\"p_wrap\">\n<p class=\"has-off-white-color has-text-color has-small-font-size\">Tu reloj se registrar\u00e1 en la mayor base de datos internacional de relojes robados, utilizada por comerciantes, joyeros, casas de empe\u00f1o y casas de subastas para identificar relojes sustra\u00eddos. Nuestro equipo buscar\u00e1 activamente tu reloj en el mercado global de relojes de segunda mano hasta lograr su recuperaci\u00f3n.<\/p>\n<\/div>\n\n<div class=\"p_wrap\">\n<p class=\"has-off-white-color has-text-color\"><strong>El 50\u00a0% de los <strong>relojes recuperados<\/strong> se localizan en el primer a\u00f1o tras el robo, y el 35\u00a0% en los 6\u00a0primeros meses.<\/strong><\/p>\n<\/div>\n\n\n\n\n\n<div class=\"block spacer padding_bottom_medium padding_top_medium\"><\/div>\n\n\n\n\t\t\t<div class=\"block button align_center\">\n\t\t\t<a\n\t\t\t\thref=\"https:\/\/dev.thewatchregister.com\/es\/register-loss\/\"\n\t\t\t\ttarget=\"\"\n\t\t\t\tclass=\"uk-button\n\t\t\t\t\tbutton_size_medium\t\t\t\t\t\t\t\t\t\t\tbground_col_copy-grey\t\t\t\t\t\thover_bground_col_off-white\t\t\t\t\t\tcol_off-white\t\t\t\t\t\thover_col_orange\t\t\t\t\t\t\t\t\t\t\"\n\t\t\t>\n\t\t\t\tRegistrar un objeto perdido\t\t\t\t\t\t\t<\/a>\n\t\t<\/div>\n\t\n\t\t<\/div>\n\n<\/div>\n\n\n\n<\/section>\n\n\n\t\n\t<\/div>\n<\/section>\n\n\n<div class=\"uk-container uk-container-small\">\n\n<\/div>\n\n<section id=\"block_50f90852354b7257e13cdffa2332f0c3\" class=\"block row_wrapper bground_colour_white padding_top_large padding_bottom_large \" style=\"background-color: #FFFFFF;\" >\n\t<div class=\"uk-container uk-container-small\">\n\t\t\n\n\n\n\n\n<section id=\"block_59f9f097c2f59a24d4038919d805ebdc\" class=\"block columns_wrapper \">\n\n\t\n\n\n\n\n<div class=\"column_content padding_top_medium padding_bottom_medium \" style=\"\" >\n\t\t\t<div class=\"column_inner_content \">\n\n\t\t\t\n\n<h2 class=\"wp-block-heading has-navy-color has-text-color has-medium-font-size\">Busca en la base de datos<\/h2>\n\n\n\n<h3 class=\"wp-block-heading has-navy-color has-text-color\">Verifica si un reloj est\u00e1 registrado como perdido, robado o falsificado<\/h3>\n\n\n\n\n\n\n<div class=\"block spacer padding_bottom_xsmall padding_top_xsmall\"><\/div>\n\n<div class=\"li_wrap\">\n<ul class=\"wp-block-list\">\n<li>Compra y vende con total confianza<\/li>\n\n\n\n<li>Evita p\u00e9rdidas econ\u00f3micas<\/li>\n\n\n\n<li>Protege tu reputaci\u00f3n<\/li>\n\n\n\n<li>Certificado de b\u00fasqueda como prueba de diligencia debida<\/li>\n<\/ul>\n<\/div>\n\n<div class=\"p_wrap\">\n<p><strong>Verificaci\u00f3n de n\u00fameros de serie de Rolex y otras marcas. B\u00fasquedas por SMS, WhatsApp o en nuestra web. Resultados en cuesti\u00f3n de minutos.<\/strong><\/p>\n<\/div>\n\n\n\n\n\n<div class=\"block spacer padding_bottom_small padding_top_small\"><\/div>\n\n\n\n\t\t\t<div class=\"block button align_center\">\n\t\t\t<a\n\t\t\t\thref=\"https:\/\/dev.thewatchregister.com\/es\/search\/\"\n\t\t\t\ttarget=\"\"\n\t\t\t\tclass=\"uk-button\n\t\t\t\t\tbutton_size_medium\t\t\t\t\t\t\t\t\t\t\tbground_col_copy-grey\t\t\t\t\t\thover_bground_col_off-white\t\t\t\t\t\tcol_off-white\t\t\t\t\t\thover_col_orange\t\t\t\t\t\t\t\t\t\t\"\n\t\t\t>\n\t\t\t\tIniciar una b\u00fasqueda\t\t\t\t\t\t\t<\/a>\n\t\t<\/div>\n\t\n\t\t<\/div>\n\n<\/div>\n\n\n\n\n\n\n\n<div class=\"column_content flex bground_colour_none padding_top_medium padding_bottom_medium \" style=\"background-color: transparent;\" uk-scrollspy=\"cls: uk-animation-fade; delay: 500\">\n\t\t\t<div class=\"column_inner_content flex_center_vertical fill_column_width \">\n\n\t\t\t\n\n\n<div class=\"client_content_wrapper padding_large bground_col_user-blue\">\n\n\t\n\n<h2 class=\"wp-block-heading has-off-white-color has-text-color has-medium-font-size\">Registrarse<\/h2>\n\n\n\n\n\t\t\t<div class=\"block button align_center\">\n\t\t\t<a\n\t\t\t\thref=\"https:\/\/dev.thewatchregister.com\/es\/create-account\/\"\n\t\t\t\ttarget=\"\"\n\t\t\t\tclass=\"uk-button\n\t\t\t\t\tbutton_size_medium\t\t\t\t\t\t\t\t\t\t\tclient_button\n\t\t\t\t\t\t\t\t\t\t\t\t\tbground_col_off-white\n\t\t\t\t\t\t\thover_bground_col_user-blue\n\t\t\t\t\t\t\tcol_user-blue\n\t\t\t\t\t\t\thover_col_off-white\n\t\t\t\t\t\t\t\t\t\t\t\t\t\t\t\t\"\n\t\t\t>\n\t\t\t\tCrear una cuenta\t\t\t\t\t\t\t<\/a>\n\t\t<\/div>\n\t\n\n<div class=\"p_wrap\">\n<p class=\"has-off-white-color has-text-color has-small-font-size\"><a href=\"https:\/\/dev.thewatchregister.com\/login\/\">Inicia sesi\u00f3n en tu cuenta<\/a><\/p>\n<\/div>\n\n\n\n\n\n<div class=\"block spacer padding_bottom_xsmall padding_top_xsmall\"><\/div>\n\n\n\n\t\t\t<div class=\"block button align_center\">\n\t\t\t<a\n\t\t\t\thref=\"https:\/\/dev.thewatchregister.com\/es\/my-account\/view-search-credit-subscriptions\/\"\n\t\t\t\ttarget=\"\"\n\t\t\t\tclass=\"uk-button\n\t\t\t\t\tbutton_size_medium\t\t\t\t\t\t\t\t\t\t\tclient_button\n\t\t\t\t\t\t\t\t\t\t\t\t\tbground_col_off-white\n\t\t\t\t\t\t\thover_bground_col_user-blue\n\t\t\t\t\t\t\tcol_user-blue\n\t\t\t\t\t\t\thover_col_off-white\n\t\t\t\t\t\t\t\t\t\t\t\t\t\t\t\t\"\n\t\t\t>\n\t\t\t\tComprar cr\u00e9ditos\t\t\t\t\t\t\t<\/a>\n\t\t<\/div>\n\t\n\n<\/div>\n\t\t<\/div>\n\n<\/div>\n\n\n\n<\/section>\n\n\n\t\n\t<\/div>\n<\/section>\n\n\n<div class=\"uk-container uk-container-small\">\n\n\n\n<div class=\"block spacer padding_bottom_ padding_top_\"><\/div>\n\n\n\n<div class=\"block spacer padding_bottom_ padding_top_\"><\/div>\n\n\n\n<div class=\"block spacer padding_bottom_medium padding_top_medium\"><\/div>","protected":false},"excerpt":{"rendered":"","protected":false},"author":21321,"featured_media":0,"parent":0,"menu_order":0,"comment_status":"closed","ping_status":"closed","template":"","meta":{"_acf_changed":false,"footnotes":""},"class_list":["post-439942","page","type-page","status-publish","hentry","odd"],"acf":[],"_links":{"self":[{"href":"https:\/\/dev.thewatchregister.com\/es\/wp-json\/wp\/v2\/pages\/439942","targetHints":{"allow":["GET"]}}],"collection":[{"href":"https:\/\/dev.thewatchregister.com\/es\/wp-json\/wp\/v2\/pages"}],"about":[{"href":"https:\/\/dev.thewatchregister.com\/es\/wp-json\/wp\/v2\/types\/page"}],"author":[{"embeddable":true,"href":"https:\/\/dev.thewatchregister.com\/es\/wp-json\/wp\/v2\/users\/21321"}],"replies":[{"embeddable":true,"href":"https:\/\/dev.thewatchregister.com\/es\/wp-json\/wp\/v2\/comments?post=439942"}],"version-history":[{"count":28,"href":"https:\/\/dev.thewatchregister.com\/es\/wp-json\/wp\/v2\/pages\/439942\/revisions"}],"predecessor-version":[{"id":442357,"href":"https:\/\/dev.thewatchregister.com\/es\/wp-json\/wp\/v2\/pages\/439942\/revisions\/442357"}],"wp:attachment":[{"href":"https:\/\/dev.thewatchregister.com\/es\/wp-json\/wp\/v2\/media?parent=439942"}],"curies":[{"name":"wp","href":"https:\/\/api.w.org\/{rel}","templated":true}]}}