{"id":439916,"date":"2023-03-27T09:47:12","date_gmt":"2023-03-27T08:47:12","guid":{"rendered":"https:\/\/dev.thewatchregister.com\/about-the-watch-register\/"},"modified":"2025-08-13T17:14:45","modified_gmt":"2025-08-13T16:14:45","slug":"about-the-watch-register","status":"publish","type":"page","link":"https:\/\/dev.thewatchregister.com\/es\/about-the-watch-register\/","title":{"rendered":"Acerca de THE WATCH REGISTER"},"content":{"rendered":"\n\n<\/div>\n\n<section id=\"block_10d16e897df6afe6e207499eada272d0\" class=\"block row_wrapper bground_colour_none padding_top_medium padding_bottom_medium \" style=\"background-color: transparent;\" >\n\t<div class=\"uk-container uk-container-small\">\n\t\t\n\n\n\n\n<div class=\"block spacer padding_bottom_large padding_top_large\"><\/div>\n\n\n\n\n\n\n<section id=\"block_9432fba5ea92365d6ea3475b92091861\" class=\"block columns_wrapper \">\n\n\t\n\n\n\n\n<div class=\"column_content bground_colour_none padding_top_medium padding_bottom_medium \" style=\"background-color: transparent;\" >\n\t\t\t<div class=\"column_inner_content \">\n\n\t\t\t\n<div class=\"p_wrap\">\n<p class=\"has-large-font-size\">La base de datos de THE WATCH REGISTER es l\u00edder mundial en diligencia debida y prevenci\u00f3n del delito en el mercado de relojes de lujo. Contamos con la base de datos internacional m\u00e1s grande y consolidada de relojes perdidos, robados y falsificados, con informaci\u00f3n recopilada durante 30&nbsp;a\u00f1os. Ofrecemos verificaciones de robo auditadas por expertos para comerciantes y compradores de relojes, as\u00ed como servicios especializados de recuperaci\u00f3n de relojes para v\u00edctimas y aseguradoras.<\/p>\n<\/div>\n\t\t<\/div>\n\n<\/div>\n\n\n\n\n\n\n\n<div class=\"column_content bground_colour_none padding_top_medium padding_bottom_medium \" style=\"background-color: transparent;\" >\n\t\t\t<div class=\"column_inner_content \">\n\n\t\t\t\n<div class=\"p_wrap\">\n<p>THE WATCH REGISTER tiene su sede en Londres y forma parte de <a href=\"https:\/\/dev.thewatchregister.com\/es\/the-art-loss-register\/\">Art Loss Register<\/a> (ALR), la mayor base de datos privada del mundo sobre obras de arte, antig\u00fcedades y objetos de colecci\u00f3n perdidos y robados (<a href=\"https:\/\/www.artloss.com\/\">www.artloss.com<\/a>). Entre los accionistas fundadores se incluyen Lloyd&#8217;s of London y a las principales casas de subastas internacionales, Christie&#8217;s y Sotheby&#8217;s, que siguen siendo clientes destacados a d\u00eda de hoy.<\/p>\n<\/div>\n\n<div class=\"p_wrap\">\n<p>Nuestra base de datos se cre\u00f3 con el objetivo de proteger el mercado frente a bienes robados y ayudar a aseguradoras y v\u00edctimas a recuperar sus p\u00e9rdidas. Desde la fundaci\u00f3n de ALR en 1990, la empresa ha participado en la recuperaci\u00f3n de bienes valorados en cientos de millones de euros. Gracias a la experiencia acumulada durante m\u00e1s de tres d\u00e9cadas, el equipo de THE WATCH REGISTER puede ofrecer un servicio de recuperaci\u00f3n inigualable para las v\u00edctimas de robo y una herramienta de diligencia debida eficaz para el sector relojero.<\/p>\n<\/div>\n\n<div class=\"p_wrap\">\n<p>THE WATCH REGISTER mantiene una base de datos completamente independiente de marcas o distribuidores. Nuestro \u00fanico prop\u00f3sito es proteger el mercado de relojes de segunda mano, asistir a las v\u00edctimas de robos y apoyar a las fuerzas policiales.<\/p>\n<\/div>\n\t\t<\/div>\n\n<\/div>\n\n\n\n<\/section>\n\n\n\t\n\t<\/div>\n<\/section>\n\n\n<div class=\"uk-container uk-container-small\">\n\n\n\n<\/div>\n\n<section id=\"block_08345bcdff2ad4c76ee054d185ae8798\" class=\"block row_wrapper bground_colour_secondary-blue padding_top_medium padding_bottom_medium \" style=\"background-color: #E1EBEE;\" >\n\t<div class=\"uk-container uk-container-small\">\n\t\t\n\n\n\n\n<div class=\"block spacer padding_bottom_large padding_top_large\"><\/div>\n\n\n<h2 class=\"wp-block-heading has-navy-color has-text-color has-large-font-size\" id=\"h-la-base-de-datos\">La base de datos<\/h2>\n\n\n\n\n\n\n\n<section id=\"block_9432fba5ea92365d6ea3475b92091861\" class=\"block columns_wrapper \">\n\n\t\n\n\n\n\n<div class=\"column_content bground_colour_none padding_top_medium padding_bottom_medium \" style=\"background-color: transparent;\" >\n\t\t\t<div class=\"column_inner_content \">\n\n\t\t\t\n<div class=\"p_wrap\">\n<p class=\"has-navy-color has-text-color has-large-font-size\">THE WATCH REGISTER combina una trayectoria de m\u00e1s de 30&nbsp;a\u00f1os con conocimientos especializados y tecnolog\u00eda avanzada. Todos los relojes registrados y todas las b\u00fasquedas realizadas se revisan cuidadosamente por expertos para garantizar su exactitud y validez. La calidad de nuestros datos y el seguimiento continuo nos permiten ofrecer la verificaci\u00f3n m\u00e1s fiable del mercado frente al robo de relojes. Nuestros certificados de b\u00fasqueda est\u00e1n legalmente reconocidos como prueba de diligencia debida y acreditan que la transacci\u00f3n se ha realizado de buena fe.<\/p>\n<\/div>\n\t\t<\/div>\n\n<\/div>\n\n\n\n\n\n\n\n<div class=\"column_content bground_colour_none padding_top_medium padding_bottom_medium \" style=\"background-color: transparent;\" >\n\t\t\t<div class=\"column_inner_content \">\n\n\t\t\t\n<div class=\"p_wrap\">\n<p class=\"has-navy-color has-text-color\">Actualmente, la base de datos incluye m\u00e1s de 80&nbsp;000&nbsp;relojes perdidos o robados, y sigue creciendo a gran ritmo. Contiene informaci\u00f3n sobre m\u00e1s de 850&nbsp;marcas y fabricantes de relojes, como Rolex, Omega, Cartier, Audemars Piguet, Patek Philippe, Richard Mille, Breitling, TAG Heuer, IWC, Jaeger-LeCoultre y muchos m\u00e1s. Tambi\u00e9n incluye relojes antiguos, de \u00e9poca y de bolsillo.<\/p>\n<\/div>\n\n<div class=\"p_wrap\">\n<p class=\"has-navy-color has-text-color\">Nuestra base de datos cubre una amplia variedad de incidentes y riesgos, como atracos, robos con violencia, allanamientos, fraudes, extrav\u00edos durante el env\u00edo, p\u00e9rdidas accidentales y falsificaciones. <\/p>\n<\/div>\n\n<div class=\"p_wrap\">\n<p class=\"has-navy-color has-text-color\">Este verano lanzaremos una nueva base de datos de \u00faltima generaci\u00f3n que combina algoritmos especializados con la intervenci\u00f3n de nuestro equipo. El sistema ser\u00e1 semiautomatizado y permitir\u00e1 obtener resultados instant\u00e1neos, las 24&nbsp;horas del d\u00eda, para usuarios de todo el mundo, sin renunciar a la supervisi\u00f3n y el apoyo humano que caracterizan nuestro servicio.<\/p>\n<\/div>\n\t\t<\/div>\n\n<\/div>\n\n\n\n<\/section>\n\n\n\n\n\n\n\n<div class=\"block spacer padding_bottom_xlarge padding_top_xlarge\"><\/div>\n\t\n\t<\/div>\n<\/section>\n\n\n<div class=\"uk-container uk-container-small\">\n\n\n\n<\/div>\n\n<section id=\"block_698c87ed77406b2503332e4c54d568b0\" class=\"block row_wrapper bground_colour_secondary-purple padding_top_medium padding_bottom_medium \" style=\"background-color: #405769;\" >\n\t<div class=\"uk-container uk-container-small\">\n\t\t\n\n\n\n\n<div class=\"block spacer padding_bottom_large padding_top_large\"><\/div>\n\n\n<h2 class=\"wp-block-heading has-off-white-color has-text-color has-large-font-size\" id=\"h-la-experiencia\"><strong>La experiencia<\/strong><\/h2>\n\n\n\n\n\n\n\n<section id=\"block_9432fba5ea92365d6ea3475b92091861\" class=\"block columns_wrapper \">\n\n\t\n\n\n\n\n<div class=\"column_content bground_colour_none padding_top_medium padding_bottom_medium \" style=\"background-color: transparent;\" >\n\t\t\t<div class=\"column_inner_content \">\n\n\t\t\t\n<div class=\"p_wrap\">\n<p class=\"has-off-white-color has-text-color has-extra-large-font-size\">El \u00e9xito de nuestras operaciones se basa en la experiencia de nuestro equipo. Proporcionamos asistencia integral desde el momento en el que se pierde un reloj hasta su recuperaci\u00f3n. <\/p>\n<\/div>\n\t\t<\/div>\n\n<\/div>\n\n\n\n\n\n\n\n<div class=\"column_content bground_colour_none padding_top_medium padding_bottom_medium \" style=\"background-color: transparent;\" >\n\t\t\t<div class=\"column_inner_content \">\n\n\t\t\t\n<div class=\"p_wrap\">\n<p class=\"has-off-white-color has-text-color\">Sabemos por experiencia que cada paso en el proceso de identificaci\u00f3n de relojes robados requiere supervisi\u00f3n humana y conocimiento experto. Por ello, todas las entradas de datos y verificaciones de n\u00fameros de serie son revisadas por especialistas, lo que garantiza un riguroso control de calidad. Nuestro equipo est\u00e1 disponible para atender a los clientes por tel\u00e9fono y correo electr\u00f3nico. La dedicaci\u00f3n y el conocimiento de nuestro personal aseguran que los resultados de b\u00fasqueda que ofrecemos est\u00e9n a la altura de los est\u00e1ndares m\u00e1s exigentes. <\/p>\n<\/div>\n\n<div class=\"p_wrap\">\n<p class=\"has-off-white-color has-text-color\">Desde el momento en que se localiza un reloj perdido o robado, nuestro equipo especializado en recuperaciones entra en acci\u00f3n. Intervenimos de inmediato para asegurar el reloj y facilitar su recuperaci\u00f3n, colaborando activamente con la polic\u00eda, las aseguradoras, los vendedores y la v\u00edctima. Puedes obtener m\u00e1s informaci\u00f3n sobre nuestro servicio de recuperaci\u00f3n <a href=\"https:\/\/dev.thewatchregister.com\/es\/recovery\/\">aqu\u00ed<\/a>.<\/p>\n<\/div>\n\n<div class=\"p_wrap\">\n<p class=\"has-off-white-color has-text-color\"><a href=\"https:\/\/dev.thewatchregister.com\/es\/contact-us\/\">Contacta con nosotros<\/a> para tratar con nuestro equipo cualquier consulta relacionada con el registro de una p\u00e9rdida, una b\u00fasqueda en la base de datos o una recuperaci\u00f3n.<\/p>\n<\/div>\n\t\t<\/div>\n\n<\/div>\n\n\n\n<\/section>\n\n\n\n\n\n\n\n<div class=\"block spacer padding_bottom_large padding_top_large\"><\/div>\n\t\n\t<\/div>\n<\/section>\n\n\n<div class=\"uk-container uk-container-small\">\n\n\n\n\n\n<div class=\"block spacer padding_bottom_large padding_top_large\"><\/div>\n\n\n\n<\/div>\n<div class=\"row_border\">\n<section id=\"block_7986573abef40ed403f2e01d2cef1688\" class=\"block row_wrapper bground_colour_none padding_top_xlarge padding_bottom_xlarge \" style=\"background-color: transparent;\" >\n\t<div class=\"uk-container uk-container-small\">\n\t\t\n\n<h2 class=\"wp-block-heading has-navy-color has-text-color has-large-font-size\" id=\"h-la-vision\"><strong><strong><strong>La visi\u00f3n<\/strong><\/strong><\/strong><\/h2>\n\n\n\n\n\n\n\n<section id=\"block_9432fba5ea92365d6ea3475b92091861\" class=\"block columns_wrapper \">\n\n\t\n\n\n\n\n<div class=\"column_content bground_colour_none padding_top_medium padding_bottom_medium \" style=\"background-color: transparent;\" >\n\t\t\t<div class=\"column_inner_content \">\n\n\t\t\t\n<div class=\"p_wrap\">\n<p class=\"has-copy-grey-color has-text-color has-extra-large-font-size\">Creemos que el mercado de relojes de segunda mano debe ser un espacio donde todo el mundo pueda comerciar con tranquilidad. <\/p>\n<\/div>\n\t\t<\/div>\n\n<\/div>\n\n\n\n\n\n\n\n<div class=\"column_content bground_colour_none padding_top_medium padding_bottom_medium \" style=\"background-color: transparent;\" >\n\t\t\t<div class=\"column_inner_content \">\n\n\t\t\t\n<div class=\"p_wrap\">\n<p class=\"has-copy-grey-color has-text-color\">Nuestra misi\u00f3n es conseguir que cada venta de un reloj de segunda mano se contraste en nuestra base de datos y que todas las p\u00e9rdidas se registren adecuadamente. <\/p>\n<\/div>\n\n<div class=\"p_wrap\">\n<p class=\"has-copy-grey-color has-text-color\">Esto representa el mayor freno posible a la venta de bienes robados, aumenta las probabilidades de detecci\u00f3n y reduce el incentivo para los ladrones. <\/p>\n<\/div>\n\n<div class=\"p_wrap\">\n<p class=\"has-copy-grey-color has-text-color\">En un sector donde un tercio de las ventas corresponde a relojes de segunda mano, los coleccionistas deben poder llevar sus piezas con confianza y comprar sin asumir riesgos.<\/p>\n<\/div>\n\t\t<\/div>\n\n<\/div>\n\n\n\n<\/section>\n\n\n\t\n\t<\/div>\n<\/section>\n\n<\/div>\n<div class=\"uk-container uk-container-small\">\n\n\n\n<\/div>\n<div class=\"row_border\">\n<section id=\"block_44f27eeb8e57a3dff0fde38ed3173687\" class=\"block row_wrapper bground_colour_copy-grey bground_pos_sml_center_center padding_top_xlarge padding_bottom_xlarge lazyload\" style=\"background-color: #7B849A;background-image:inherit;background-size:cover;background-position:center center;\"  data-bg-image=\"url(&#039;https:\/\/twr-web-test.s3.amazonaws.com\/uploads\/2023\/05\/M02A1945_nvy-cpygry.jpg&#039;)\">\n\t<div class=\"uk-container uk-container-small\">\n\t\t\n\n\n\n\n<div class=\"block spacer padding_bottom_xlarge padding_top_xlarge\"><\/div>\n\n\n<h2 class=\"wp-block-heading has-text-align-center has-off-white-color has-text-color has-medium-font-size\" id=\"h-madurez-de-la-experiencia-madurez-de-los-datos\">Madurez de la experiencia, madurez de los datos<\/h2>\n\n\n\n\n\n\n<div class=\"block spacer padding_bottom_xlarge padding_top_xlarge\"><\/div>\n\t\n\t<\/div>\n<\/section>\n\n<\/div>\n<div class=\"uk-container uk-container-small\">\n\n\n\n<\/div>\n\n<section id=\"block_307aee7c8eb45c83ed210acde1299c03\" class=\"block row_wrapper bground_colour_white padding_top_large padding_bottom_large \" style=\"background-color: #FFFFFF;\" >\n\t<div class=\"uk-container uk-container-small\">\n\t\t\n\n\n\n\n\n<section id=\"block_f625c5bb75c37363695db0bde10204a9\" class=\"block columns_wrapper \">\n\n\t\n\n\n\n\n<div class=\"column_content padding_top_medium padding_bottom_medium \" style=\"\" >\n\t\t\t<div class=\"column_inner_content \">\n\n\t\t\t\n\n<h2 class=\"wp-block-heading has-navy-color has-text-color has-medium-font-size\">Busca en la base de datos<\/h2>\n\n\n\n<h3 class=\"wp-block-heading has-navy-color has-text-color\">Verifica si un reloj est\u00e1 registrado como perdido, robado o falsificado<\/h3>\n\n\n\n\n\n\n<div class=\"block spacer padding_bottom_xsmall padding_top_xsmall\"><\/div>\n\n<div class=\"li_wrap\">\n<ul class=\"wp-block-list\">\n<li>Compra y vende con total confianza<\/li>\n\n\n\n<li>Evita p\u00e9rdidas econ\u00f3micas<\/li>\n\n\n\n<li>Protege tu reputaci\u00f3n<\/li>\n\n\n\n<li>Certificado de b\u00fasqueda como prueba de diligencia debida<\/li>\n<\/ul>\n<\/div>\n\n<div class=\"p_wrap\">\n<p><strong>Verificaci\u00f3n de n\u00fameros de serie de Rolex y otras marcas. B\u00fasquedas por SMS, WhatsApp o en nuestra web. Resultados en cuesti\u00f3n de minutos.<\/strong><\/p>\n<\/div>\n\n\n\n\n\n<div class=\"block spacer padding_bottom_small padding_top_small\"><\/div>\n\n\n\n\t\t\t<div class=\"block button align_center\">\n\t\t\t<a\n\t\t\t\thref=\"https:\/\/dev.thewatchregister.com\/es\/search\/\"\n\t\t\t\ttarget=\"\"\n\t\t\t\tclass=\"uk-button\n\t\t\t\t\tbutton_size_medium\t\t\t\t\t\t\t\t\t\t\tbground_col_copy-grey\t\t\t\t\t\thover_bground_col_off-white\t\t\t\t\t\tcol_off-white\t\t\t\t\t\thover_col_orange\t\t\t\t\t\t\t\t\t\t\"\n\t\t\t>\n\t\t\t\tIniciar una b\u00fasqueda\t\t\t\t\t\t\t<\/a>\n\t\t<\/div>\n\t\n\t\t<\/div>\n\n<\/div>\n\n\n\n\n\n\n\n<div class=\"column_content flex bground_colour_none padding_top_medium padding_bottom_medium \" style=\"background-color: transparent;\" uk-scrollspy=\"cls: uk-animation-fade; delay: 500\">\n\t\t\t<div class=\"column_inner_content flex_center_vertical fill_column_width \">\n\n\t\t\t\n\n\n<div class=\"client_content_wrapper padding_large bground_col_user-blue\">\n\n\t\n\n<h2 class=\"wp-block-heading has-off-white-color has-text-color has-medium-font-size\">Registrarse<\/h2>\n\n\n\n\n\t\t\t<div class=\"block button align_center\">\n\t\t\t<a\n\t\t\t\thref=\"https:\/\/dev.thewatchregister.com\/es\/create-account\/\"\n\t\t\t\ttarget=\"\"\n\t\t\t\tclass=\"uk-button\n\t\t\t\t\tbutton_size_medium\t\t\t\t\t\t\t\t\t\t\tclient_button\n\t\t\t\t\t\t\t\t\t\t\t\t\tbground_col_off-white\n\t\t\t\t\t\t\thover_bground_col_user-blue\n\t\t\t\t\t\t\tcol_user-blue\n\t\t\t\t\t\t\thover_col_off-white\n\t\t\t\t\t\t\t\t\t\t\t\t\t\t\t\t\"\n\t\t\t>\n\t\t\t\tCrear una cuenta\t\t\t\t\t\t\t<\/a>\n\t\t<\/div>\n\t\n\n<div class=\"p_wrap\">\n<p class=\"has-off-white-color has-text-color has-small-font-size\"><a href=\"https:\/\/dev.thewatchregister.com\/login\/\">Inicia sesi\u00f3n en tu cuenta<\/a><\/p>\n<\/div>\n\n\n\n\n\n<div class=\"block spacer padding_bottom_xsmall padding_top_xsmall\"><\/div>\n\n\n\n\t\t\t<div class=\"block button align_center\">\n\t\t\t<a\n\t\t\t\thref=\"https:\/\/dev.thewatchregister.com\/es\/my-account\/view-search-credit-subscriptions\/\"\n\t\t\t\ttarget=\"\"\n\t\t\t\tclass=\"uk-button\n\t\t\t\t\tbutton_size_medium\t\t\t\t\t\t\t\t\t\t\tclient_button\n\t\t\t\t\t\t\t\t\t\t\t\t\tbground_col_off-white\n\t\t\t\t\t\t\thover_bground_col_user-blue\n\t\t\t\t\t\t\tcol_user-blue\n\t\t\t\t\t\t\thover_col_off-white\n\t\t\t\t\t\t\t\t\t\t\t\t\t\t\t\t\"\n\t\t\t>\n\t\t\t\tComprar cr\u00e9ditos\t\t\t\t\t\t\t<\/a>\n\t\t<\/div>\n\t\n\n<\/div>\n\t\t<\/div>\n\n<\/div>\n\n\n\n<\/section>\n\n\n\t\n\t<\/div>\n<\/section>\n\n\n<div class=\"uk-container uk-container-small\">\n\n\n\n<div class=\"block spacer padding_bottom_ padding_top_\"><\/div>\n\n\n\n<div class=\"block spacer padding_bottom_ padding_top_\"><\/div>\n\n\n\n<\/div>\n\n<section id=\"block_aaf10fd3feed9c849b32453825553f62\" class=\"block row_wrapper bground_colour_navy padding_top_large padding_bottom_large \" style=\"background-color: #1F305B;\" >\n\t<div class=\"uk-container uk-container-small\">\n\t\t\n\n\n\n\n\n<section id=\"block_f625c5bb75c37363695db0bde10204a9\" class=\"block columns_wrapper \">\n\n\t\n\n\n\n\n<div class=\"column_content flex bground_colour_none padding_top_medium padding_bottom_medium \" style=\"background-color: transparent;\" uk-scrollspy=\"cls: uk-animation-fade; delay: 500\">\n\t\t\t<div class=\"column_inner_content flex_center_vertical flex_center_horizontal\">\n\n\t\t\t\n\n<figure class=\"wp-block-image size-full\"><img decoding=\"async\" data-src=\"https:\/\/twr-web.s3.amazonaws.com\/uploads\/2023\/04\/Open_Safe.svg\" alt=\"\" class=\"wp-image-427796 lazyload\" src=\"data:image\/svg+xml;base64,PHN2ZyB3aWR0aD0iMSIgaGVpZ2h0PSIxIiB4bWxucz0iaHR0cDovL3d3dy53My5vcmcvMjAwMC9zdmciPjwvc3ZnPg==\" \/><\/figure>\n\n\t\t<\/div>\n\n<\/div>\n\n\n\n\n\n\n\n<div class=\"column_content bground_colour_none padding_top_medium padding_bottom_medium \" style=\"background-color: transparent;\" >\n\t\t\t<div class=\"column_inner_content \">\n\n\t\t\t\n\n<h2 class=\"wp-block-heading has-off-white-color has-text-color has-medium-font-size\">Registrar un objeto perdido<\/h2>\n\n\n\n<h3 class=\"wp-block-heading has-off-white-color has-text-color\">Maximiza las posibilidades de recuperaci\u00f3n<\/h3>\n\n\n<div class=\"p_wrap\">\n<p class=\"has-off-white-color has-text-color has-small-font-size\">Tu reloj se registrar\u00e1 en la mayor base de datos internacional de relojes robados, utilizada por comerciantes, joyeros, casas de empe\u00f1o y casas de subastas para identificar relojes sustra\u00eddos. Nuestro equipo buscar\u00e1 activamente tu reloj en el mercado global de relojes de segunda mano hasta lograr su recuperaci\u00f3n.<\/p>\n<\/div>\n\n<div class=\"p_wrap\">\n<p class=\"has-off-white-color has-text-color\"><strong>El 50\u00a0% de los <strong>relojes recuperados<\/strong> se localizan en el primer a\u00f1o tras el robo, y el 35\u00a0% en los 6\u00a0primeros meses.<\/strong><\/p>\n<\/div>\n\n\n\n\n\n<div class=\"block spacer padding_bottom_medium padding_top_medium\"><\/div>\n\n\n\n\t\t\t<div class=\"block button align_center\">\n\t\t\t<a\n\t\t\t\thref=\"https:\/\/dev.thewatchregister.com\/es\/register-loss\/\"\n\t\t\t\ttarget=\"\"\n\t\t\t\tclass=\"uk-button\n\t\t\t\t\tbutton_size_medium\t\t\t\t\t\t\t\t\t\t\tbground_col_copy-grey\t\t\t\t\t\thover_bground_col_off-white\t\t\t\t\t\tcol_off-white\t\t\t\t\t\thover_col_orange\t\t\t\t\t\t\t\t\t\t\"\n\t\t\t>\n\t\t\t\tRegistrar un objeto perdido\t\t\t\t\t\t\t<\/a>\n\t\t<\/div>\n\t\n\t\t<\/div>\n\n<\/div>\n\n\n\n<\/section>\n\n\n\t\n\t<\/div>\n<\/section>\n\n\n<div class=\"uk-container uk-container-small\">","protected":false},"excerpt":{"rendered":"","protected":false},"author":21321,"featured_media":0,"parent":0,"menu_order":0,"comment_status":"closed","ping_status":"closed","template":"","meta":{"_acf_changed":false,"footnotes":""},"class_list":["post-439916","page","type-page","status-publish","hentry","odd"],"acf":[],"_links":{"self":[{"href":"https:\/\/dev.thewatchregister.com\/es\/wp-json\/wp\/v2\/pages\/439916","targetHints":{"allow":["GET"]}}],"collection":[{"href":"https:\/\/dev.thewatchregister.com\/es\/wp-json\/wp\/v2\/pages"}],"about":[{"href":"https:\/\/dev.thewatchregister.com\/es\/wp-json\/wp\/v2\/types\/page"}],"author":[{"embeddable":true,"href":"https:\/\/dev.thewatchregister.com\/es\/wp-json\/wp\/v2\/users\/21321"}],"replies":[{"embeddable":true,"href":"https:\/\/dev.thewatchregister.com\/es\/wp-json\/wp\/v2\/comments?post=439916"}],"version-history":[{"count":37,"href":"https:\/\/dev.thewatchregister.com\/es\/wp-json\/wp\/v2\/pages\/439916\/revisions"}],"predecessor-version":[{"id":442576,"href":"https:\/\/dev.thewatchregister.com\/es\/wp-json\/wp\/v2\/pages\/439916\/revisions\/442576"}],"wp:attachment":[{"href":"https:\/\/dev.thewatchregister.com\/es\/wp-json\/wp\/v2\/media?parent=439916"}],"curies":[{"name":"wp","href":"https:\/\/api.w.org\/{rel}","templated":true}]}}