{"id":440039,"date":"2018-05-04T10:22:05","date_gmt":"2018-05-04T09:22:05","guid":{"rendered":"https:\/\/dev.thewatchregister.com\/search-credit-bundles\/"},"modified":"2025-08-15T11:34:33","modified_gmt":"2025-08-15T10:34:33","slug":"search-credit-bundles","status":"publish","type":"page","link":"https:\/\/dev.thewatchregister.com\/de\/search-credit-bundles\/","title":{"rendered":"Suchguthaben kaufen"},"content":{"rendered":"<p>Wir bieten Suchguthabenpakete f\u00fcr Unternehmen und Privatpersonen an, die regelm\u00e4\u00dfig Uhren in unserer internationalen Datenbank pr\u00fcfen m\u00f6chten, um festzustellen, ob diese als verloren oder gestohlen gemeldet wurden oder Gegenstand eines Schadensfalls sind.<\/p>\n<p>Sie k\u00f6nnen Guthaben kaufen, das nur \u00fcber die Website (\u201eNur Web\u201c-Guthaben) oder online und per SMS\/WhatsApp (\u201eText oder Web\u201c-Guthaben) nutzbar ist. Kunden, die per SMS\/WhatsApp suchen, werden auch per E-Mail \u00fcber die Ergebnisse ihrer Suchen informiert.<\/p>\n<p>Die nachstehenden Preise verstehen sich zuz\u00fcglich Mehrwertsteuer.<\/p>\n<p><strong>HINWEIS: GUTHABENPAKETE SIND AB KAUFDATUM 12 MONATE LANG G\u00dcLTIG.<\/strong><\/p>\n","protected":false},"excerpt":{"rendered":"<p>Wir bieten Suchguthabenpakete f\u00fcr Unternehmen und Privatpersonen an, die regelm\u00e4\u00dfig Uhren in unserer internationalen Datenbank pr\u00fcfen m\u00f6chten, um festzustellen, ob diese als verloren oder gestohlen gemeldet wurden oder Gegenstand eines Schadensfalls sind. Sie k\u00f6nnen Guthaben kaufen, das nur \u00fcber die Website (\u201eNur Web\u201c-Guthaben) oder online und per SMS\/WhatsApp (\u201eText oder Web\u201c-Guthaben) nutzbar ist. Kunden, die [&hellip;]<\/p>\n","protected":false},"author":1,"featured_media":0,"parent":0,"menu_order":26,"comment_status":"closed","ping_status":"closed","template":"thewatchregister-templates\/template-search-bundles.php","meta":{"_acf_changed":false,"footnotes":""},"class_list":["post-440039","page","type-page","status-publish","hentry","odd"],"acf":[],"_links":{"self":[{"href":"https:\/\/dev.thewatchregister.com\/de\/wp-json\/wp\/v2\/pages\/440039","targetHints":{"allow":["GET"]}}],"collection":[{"href":"https:\/\/dev.thewatchregister.com\/de\/wp-json\/wp\/v2\/pages"}],"about":[{"href":"https:\/\/dev.thewatchregister.com\/de\/wp-json\/wp\/v2\/types\/page"}],"author":[{"embeddable":true,"href":"https:\/\/dev.thewatchregister.com\/de\/wp-json\/wp\/v2\/users\/1"}],"replies":[{"embeddable":true,"href":"https:\/\/dev.thewatchregister.com\/de\/wp-json\/wp\/v2\/comments?post=440039"}],"version-history":[{"count":4,"href":"https:\/\/dev.thewatchregister.com\/de\/wp-json\/wp\/v2\/pages\/440039\/revisions"}],"predecessor-version":[{"id":442675,"href":"https:\/\/dev.thewatchregister.com\/de\/wp-json\/wp\/v2\/pages\/440039\/revisions\/442675"}],"wp:attachment":[{"href":"https:\/\/dev.thewatchregister.com\/de\/wp-json\/wp\/v2\/media?parent=440039"}],"curies":[{"name":"wp","href":"https:\/\/api.w.org\/{rel}","templated":true}]}}