{"id":440035,"date":"2018-04-30T15:38:28","date_gmt":"2018-04-30T14:38:28","guid":{"rendered":"https:\/\/dev.thewatchregister.com\/search\/"},"modified":"2025-08-15T11:43:50","modified_gmt":"2025-08-15T10:43:50","slug":"search","status":"publish","type":"page","link":"https:\/\/dev.thewatchregister.com\/de\/search\/","title":{"rendered":"Pr\u00fcfung einer Uhr"},"content":{"rendered":"<div class=\"p_wrap\">\n<p><strong>Jede Luxusuhr aus zweiter Hand sollte vor jeder Transaktion in der Datenbank von THE WATCH REGISTER gepr\u00fcft werden, um den besten Schutz vor gestohlener und gef\u00e4lschter Ware zu gew\u00e4hrleisten.<\/strong>Dies gilt auch f\u00fcr Uhren, die mit Schachtel und Papieren verkauft werden, sowie f\u00fcr Uhren, die bereits von einem Vorbesitzer in unserer Datenbank gepr\u00fcft wurden.<\/p>\n<\/div><div class=\"p_wrap\">\n<p>Jede Nummer sollte in ein separates Feld eingegeben werden.<\/p>\n<\/div><div class=\"p_wrap\">\n<p>Geben Sie nur die Nummer ohne Pr\u00e4fixe ein, d.\u00a0h. lassen Sie W\u00f6rter wie \u201eNr.\u201c, \u201eGeh\u00e4use\u201c, \u201eUhrwerk\u201c etc. weg.<\/p>\n<\/div><div class=\"p_wrap\">\n<p>Auflagennummern sollten in die Felder f\u00fcr die Auflage und nicht in das Feld f\u00fcr die Serienkennung eingegeben werden. <\/p>\n<\/div><div class=\"p_wrap\">\n<p>Patek Philippe: F\u00fcr die Ausstellung eines Zertifikats m\u00fcssen sowohl die Geh\u00e4use- als auch die Uhrwerknummer angegeben werden.<\/p>\n<\/div><div class=\"p_wrap\">\n<p>In unserem <a href=\"https:\/\/twr-web.s3.amazonaws.com\/uploads\/2023\/05\/Due-Diligence-Guidelines-2023.pdf\">Leitfaden<\/a> finden Sie weitere Ma\u00dfnahmen, um sich beim Kauf einer Uhr aus zweiter Hand zu sch\u00fctzen.<\/p>\n<\/div><div class=\"p_wrap\">\n<p>Pr\u00fcfungen kosten &pound;12 (+ MwSt., wo diese anf\u00e4llt) oder 1 Suchguthaben. H\u00e4ndler k\u00f6nnen <a href=\"https:\/\/dev.thewatchregister.com\/de\/search-credit-bundles\/\">hier<\/a>ein Guthabenpaket kaufen.<\/p>\n<\/div><div class=\"p_wrap\">\n<p>Um antike Uhren oder Schmuck zu pr\u00fcfen, verwenden Sie bitte das <a href=\"https:\/\/dashboard.artloss.com\/account\/search\/add\/new\">hier<\/a> verf\u00fcgbare Formular auf unserer Website des Art Loss Register.<\/p>\n<\/div><div class=\"p_wrap\">\n<p>Hinweis: Wenn Sie eine verlorene oder gestohlene Uhr in unserer Datenbank registrieren m\u00f6chten, <a href=\"https:\/\/dev.thewatchregister.com\/de\/register-loss\/\" rel=\"noopener\">klicken Sie hier<\/a> und verwenden Sie NICHT dieses Formular.<\/p>\n<\/div><div class=\"p_wrap\">\n<p><\/p>\n<\/div><div class=\"p_wrap\">\n<p><\/p>\n<\/div>","protected":false},"excerpt":{"rendered":"<p>Jede Luxusuhr aus zweiter Hand sollte vor jeder Transaktion in der Datenbank von THE WATCH REGISTER gepr\u00fcft werden, um den besten Schutz vor gestohlener und gef\u00e4lschter Ware zu gew\u00e4hrleisten.Dies gilt auch f\u00fcr Uhren, die mit Schachtel und Papieren verkauft werden, sowie f\u00fcr Uhren, die bereits von einem Vorbesitzer in unserer Datenbank gepr\u00fcft wurden. Jede Nummer [&hellip;]<\/p>\n","protected":false},"author":1,"featured_media":0,"parent":0,"menu_order":25,"comment_status":"closed","ping_status":"closed","template":"thewatchregister-templates\/template-submit-search.php","meta":{"_acf_changed":false,"footnotes":""},"class_list":["post-440035","page","type-page","status-publish","hentry","odd"],"acf":[],"_links":{"self":[{"href":"https:\/\/dev.thewatchregister.com\/de\/wp-json\/wp\/v2\/pages\/440035","targetHints":{"allow":["GET"]}}],"collection":[{"href":"https:\/\/dev.thewatchregister.com\/de\/wp-json\/wp\/v2\/pages"}],"about":[{"href":"https:\/\/dev.thewatchregister.com\/de\/wp-json\/wp\/v2\/types\/page"}],"author":[{"embeddable":true,"href":"https:\/\/dev.thewatchregister.com\/de\/wp-json\/wp\/v2\/users\/1"}],"replies":[{"embeddable":true,"href":"https:\/\/dev.thewatchregister.com\/de\/wp-json\/wp\/v2\/comments?post=440035"}],"version-history":[{"count":7,"href":"https:\/\/dev.thewatchregister.com\/de\/wp-json\/wp\/v2\/pages\/440035\/revisions"}],"predecessor-version":[{"id":442681,"href":"https:\/\/dev.thewatchregister.com\/de\/wp-json\/wp\/v2\/pages\/440035\/revisions\/442681"}],"wp:attachment":[{"href":"https:\/\/dev.thewatchregister.com\/de\/wp-json\/wp\/v2\/media?parent=440035"}],"curies":[{"name":"wp","href":"https:\/\/api.w.org\/{rel}","templated":true}]}}