{"id":439982,"date":"2023-04-06T07:50:47","date_gmt":"2023-04-06T06:50:47","guid":{"rendered":"https:\/\/dev.thewatchregister.com\/the-art-loss-register\/"},"modified":"2025-08-15T11:28:32","modified_gmt":"2025-08-15T10:28:32","slug":"the-art-loss-register","status":"publish","type":"page","link":"https:\/\/dev.thewatchregister.com\/de\/the-art-loss-register\/","title":{"rendered":"Das \u201eArt Loss Register\u201c"},"content":{"rendered":"\n\n<\/div>\n\n<section id=\"block_2b567cab82fe1acbc9a15f5b6193f9ad\" class=\"block row_wrapper bground_colour_keine padding_top_medium padding_bottom_medium \" style=\"background-color: ;\" uk-scrollspy=\"cls: uk-animation-keine; delay: 500\">\n\t<div class=\"uk-container uk-container-small\">\n\t\t\n\n\n\n\n<div class=\"block spacer padding_bottom_medium padding_top_medium\"><\/div>\n\n\n\n\n\n\n<section id=\"block_90ab491c24b50eb64e8a2d28e5514908\" class=\"block columns_wrapper \">\n\n\t\n\n\n\n\n<div class=\"column_content bground_colour_none padding_top_medium padding_bottom_medium \" style=\"background-color: transparent;\" >\n\t\t\t<div class=\"column_inner_content \">\n\n\t\t\t\n<div class=\"p_wrap\">\n<p class=\"has-large-font-size\">Die Datenbank THE WATCH REGISTER ist Teil des Art Loss Register (ALR). Das 1990 in London gegr\u00fcndete ALR ist die weltweit gr\u00f6\u00dfte private Datenbank f\u00fcr verlorene, gestohlene und geraubte Kunst, Antiquit\u00e4ten, Schmuck und Sammlerst\u00fccke. Sie enth\u00e4lt derzeit Informationen \u00fcber 700.000\u00a0Objekte. Das ALR pr\u00fcft j\u00e4hrlich \u00fcber 500.000\u00a0Gegenst\u00e4nde, die auf den internationalen Kunst- und Schmuckm\u00e4rkten verkauft werden.<\/p>\n<\/div>\n\t\t<\/div>\n\n<\/div>\n\n\n\n\n\n\n\n<div class=\"column_content bground_colour_none padding_top_medium padding_bottom_medium \" style=\"background-color: transparent;\" >\n\t\t\t<div class=\"column_inner_content \">\n\n\t\t\t\n<div class=\"p_wrap\">\n<p>Das ALR arbeitet seit Langem mit internationalen Strafverfolgungsbeh\u00f6rden, Versicherern, dem Handel, Museen und Privatpersonen auf der ganzen Welt zusammen, um gestohlene Ware wiederzufinden, ein Ermittlungsinstrument f\u00fcr die Strafverfolgung bereitzustellen und dem Handel Dienstleistungen zur Erf\u00fcllung der Sorgfaltspflicht anzubieten. Die mit Unterst\u00fctzung der Versicherungsbranche und der f\u00fchrenden Auktionsh\u00e4user Sotheby\u2019s und Christie\u2019s gegr\u00fcndete Datenbank hat ma\u00dfgeblich zur Verbesserung der Standards auf dem Kunstmarkt beigetragen. <\/p>\n<\/div>\n\n<div class=\"p_wrap\">\n<p>Durch die im Laufe seines 30-j\u00e4hrigen Bestehens gesammelte Erfahrung hat sich das ALR als weltweite Instanz f\u00fcr verlorene und gestohlene Kunst und Schmuckst\u00fccke etabliert. Das ALR verzeichnet Hunderte von Wiederbeschaffungen und hat komplexe Eigentumsfragen erfolgreich gel\u00f6st, selbst nachdem die Verj\u00e4hrungsfristen f\u00fcr einen Anspruch abgelaufen waren. Insgesamt hat das Unternehmen Objekte im Wert von Hunderten von Millionen Pfund wiederbeschafft.<\/p>\n<\/div>\n\t\t<\/div>\n\n<\/div>\n\n\n\n<\/section>\n\n\n\n\n\n\n\n<div class=\"block spacer padding_bottom_medium padding_top_medium\"><\/div>\n\n\n\n\t\t\t<div class=\"block button align_center\">\n\t\t\t<a\n\t\t\t\thref=\"https:\/\/www.artloss.com\/\"\n\t\t\t\ttarget=\"\"\n\t\t\t\tclass=\"uk-button\n\t\t\t\t\tbutton_size_medium\t\t\t\t\t\t\t\t\t\t\tbground_col_copy-grey\t\t\t\t\t\thover_bground_col_navy\t\t\t\t\t\tcol_off-white\t\t\t\t\t\thover_col_orange\t\t\t\t\t\t\t\t\t\t\"\n\t\t\t>\n\t\t\t\tBesuchen Sie das \u201eArt Loss Register\u201c\t\t\t\t\t\t\t<\/a>\n\t\t<\/div>\n\t\n\n\n\n\n\n<div class=\"block spacer padding_bottom_xlarge padding_top_xlarge\"><\/div>\n\t\n\t<\/div>\n<\/section>\n\n\n<div class=\"uk-container uk-container-small\">","protected":false},"excerpt":{"rendered":"","protected":false},"author":21321,"featured_media":0,"parent":0,"menu_order":0,"comment_status":"closed","ping_status":"closed","template":"","meta":{"_acf_changed":false,"footnotes":""},"class_list":["post-439982","page","type-page","status-publish","hentry","odd"],"acf":[],"_links":{"self":[{"href":"https:\/\/dev.thewatchregister.com\/de\/wp-json\/wp\/v2\/pages\/439982","targetHints":{"allow":["GET"]}}],"collection":[{"href":"https:\/\/dev.thewatchregister.com\/de\/wp-json\/wp\/v2\/pages"}],"about":[{"href":"https:\/\/dev.thewatchregister.com\/de\/wp-json\/wp\/v2\/types\/page"}],"author":[{"embeddable":true,"href":"https:\/\/dev.thewatchregister.com\/de\/wp-json\/wp\/v2\/users\/21321"}],"replies":[{"embeddable":true,"href":"https:\/\/dev.thewatchregister.com\/de\/wp-json\/wp\/v2\/comments?post=439982"}],"version-history":[{"count":23,"href":"https:\/\/dev.thewatchregister.com\/de\/wp-json\/wp\/v2\/pages\/439982\/revisions"}],"predecessor-version":[{"id":442659,"href":"https:\/\/dev.thewatchregister.com\/de\/wp-json\/wp\/v2\/pages\/439982\/revisions\/442659"}],"wp:attachment":[{"href":"https:\/\/dev.thewatchregister.com\/de\/wp-json\/wp\/v2\/media?parent=439982"}],"curies":[{"name":"wp","href":"https:\/\/api.w.org\/{rel}","templated":true}]}}