{"id":439962,"date":"2018-12-20T14:14:27","date_gmt":"2018-12-20T14:14:27","guid":{"rendered":"https:\/\/dev.thewatchregister.com\/register-loss\/"},"modified":"2025-08-15T11:45:49","modified_gmt":"2025-08-15T10:45:49","slug":"register-loss","status":"publish","type":"page","link":"https:\/\/dev.thewatchregister.com\/de\/register-loss\/","title":{"rendered":"Registrieren Sie eine verlorene oder gestohlene Uhr"},"content":{"rendered":"<p>Registrieren Sie eine Uhr in der weltweit gr\u00f6\u00dften Datenbank f\u00fcr verlorene und gestohlene Uhren. Wir werden auf dem internationalen Markt nach Ihrer Uhr suchen und Sie sofort benachrichtigen, wenn wir sie gefunden haben. Dar\u00fcber hinaus bieten wir Ihnen bei Bedarf Unterst\u00fctzung bei der Wiederbeschaffung an.<\/p>\n<p>Bitte beachten Sie, dass wir eine Uhr ohne ihre <strong>eindeutige Seriennummer und den Verlustnachweis<\/strong> nicht registrieren k\u00f6nnen. In den meisten F\u00e4llen muss dieser Nachweis in Form eines entsprechenden Aktenzeichens und\/oder von Versicherungsdaten erbracht werden. Wenn Sie diese Informationen nicht zur Verf\u00fcgung stellen k\u00f6nnen, rufen Sie uns bitte an, um Ihr Anliegen zu besprechen.<\/p>\n<p>Mehrere Uhren aus demselben Verlustfall k\u00f6nnen mit demselben Formular registriert werden. Bitte \u00fcbermitteln Sie f\u00fcr jeden einzelnen Vorfall ein neues Registrierungsformular.<\/p>\n<p>Wir erheben f\u00fcr die Pr\u00fcfung und Bearbeitung Ihres Registrierungsantrags pro Uhr eine nicht erstattungsf\u00e4hige Verwaltungsgeb\u00fchr von &pound;15 (zzgl. MwSt.). Wenn wir Ihre Uhr finden und sie erfolgreich wiederbeschafft wird, berechnen wir basierend auf Ihrem letztendlichen Nettonutzen eine Auffindungsgeb\u00fchr von 5\u00a0% (weitere Informationen hierzu und zu unserem optionalen Dienst f\u00fcr die Wiederbeschaffung finden Sie in unseren <a href=\"https:\/\/dev.thewatchregister.com\/de\/terms-and-conditions\/loss-registrations\/\">Allgemeinen Gesch\u00e4ftsbedingungen<\/a>).<\/p>\n<p>Um eine antike Uhr oder Taschenuhr zu registrieren, verwenden Sie bitte das <a href=\"https:\/\/dashboard.artloss.com\/account\/register\/add\" target=\"_blank\" rel=\"noopener noreferrer\">hier<\/a> verf\u00fcgbare Formular auf unserer Website des Art Loss Register.<\/p>\n<p>Hinweis: Polizei und Versicherer k\u00f6nnen Verluste kostenlos registrieren. Bitte kontaktieren Sie uns unter <a href=\"mailto:info@thewatchregister.com\">info@thewatchregister.com.<\/a><\/p>\n","protected":false},"excerpt":{"rendered":"<p>Registrieren Sie eine Uhr in der weltweit gr\u00f6\u00dften Datenbank f\u00fcr verlorene und gestohlene Uhren. Wir werden auf dem internationalen Markt nach Ihrer Uhr suchen und Sie sofort benachrichtigen, wenn wir sie gefunden haben. Dar\u00fcber hinaus bieten wir Ihnen bei Bedarf Unterst\u00fctzung bei der Wiederbeschaffung an. Bitte beachten Sie, dass wir eine Uhr ohne ihre eindeutige [&hellip;]<\/p>\n","protected":false},"author":1,"featured_media":0,"parent":0,"menu_order":0,"comment_status":"closed","ping_status":"closed","template":"thewatchregister-templates\/template-submit-loss-registration.php","meta":{"_acf_changed":false,"footnotes":""},"class_list":["post-439962","page","type-page","status-publish","hentry","odd"],"acf":[],"_links":{"self":[{"href":"https:\/\/dev.thewatchregister.com\/de\/wp-json\/wp\/v2\/pages\/439962","targetHints":{"allow":["GET"]}}],"collection":[{"href":"https:\/\/dev.thewatchregister.com\/de\/wp-json\/wp\/v2\/pages"}],"about":[{"href":"https:\/\/dev.thewatchregister.com\/de\/wp-json\/wp\/v2\/types\/page"}],"author":[{"embeddable":true,"href":"https:\/\/dev.thewatchregister.com\/de\/wp-json\/wp\/v2\/users\/1"}],"replies":[{"embeddable":true,"href":"https:\/\/dev.thewatchregister.com\/de\/wp-json\/wp\/v2\/comments?post=439962"}],"version-history":[{"count":6,"href":"https:\/\/dev.thewatchregister.com\/de\/wp-json\/wp\/v2\/pages\/439962\/revisions"}],"predecessor-version":[{"id":442682,"href":"https:\/\/dev.thewatchregister.com\/de\/wp-json\/wp\/v2\/pages\/439962\/revisions\/442682"}],"wp:attachment":[{"href":"https:\/\/dev.thewatchregister.com\/de\/wp-json\/wp\/v2\/media?parent=439962"}],"curies":[{"name":"wp","href":"https:\/\/api.w.org\/{rel}","templated":true}]}}