{"id":439958,"date":"2023-04-26T09:14:02","date_gmt":"2023-04-26T08:14:02","guid":{"rendered":"https:\/\/dev.thewatchregister.com\/recovery\/"},"modified":"2025-08-15T11:27:13","modified_gmt":"2025-08-15T10:27:13","slug":"recovery","status":"publish","type":"page","link":"https:\/\/dev.thewatchregister.com\/de\/recovery\/","title":{"rendered":"Wiederbeschaffungen"},"content":{"rendered":"\n\n\n\n<div class=\"block spacer padding_bottom_large padding_top_large\"><\/div>\n\n<\/div>\n\n<section id=\"block_e5b4654a575c7548b62a6f420c2e08ca\" class=\"block row_wrapper bground_colour_none padding_top_medium padding_bottom_medium \" style=\"background-color: transparent;\" >\n\t<div class=\"uk-container uk-container-small\">\n\t\t\n\n\n\n\n\n<section id=\"block_a8c621084672b124df98a0086c336b25\" class=\"block columns_wrapper \">\n\n\t\n\n\n\n\n<div class=\"column_content bground_colour_none padding_top_medium padding_bottom_medium \" style=\"background-color: transparent;\" >\n\t\t\t<div class=\"column_inner_content \">\n\n\t\t\t\n<div class=\"p_wrap\">\n<p class=\"has-large-font-size\">Das Team von THE WATCH REGISTER kann auf eine un\u00fcbertroffene Erfolgsbilanz bei der Wiederbeschaffung von Uhren verweisen \u2013 sie haben in den letzten 10 Jahren 5000 verlorene und gestohlene Uhren wiedergefunden. Sobald wir eine gestohlene Uhr gefunden haben, k\u00fcmmert sich unser auf die Wiederbeschaffung spezialisiertes Team darum, sie wiederzubeschaffen. Wir ergreifen Ma\u00dfnahmen, um die Uhr zu sichern, und arbeiten w\u00e4hrend des gesamten Wiederbeschaffungsprozesses eng mit den Strafverfolgungsbeh\u00f6rden zusammen, um Ihnen die bestm\u00f6glichen Chancen auf Wiederbeschaffung zu bieten.<\/p>\n<\/div>\n\t\t<\/div>\n\n<\/div>\n\n\n\n\n\n\n\n<div class=\"column_content bground_colour_none padding_top_medium padding_bottom_medium \" style=\"background-color: transparent;\" >\n\t\t\t<div class=\"column_inner_content \">\n\n\t\t\t\n<div class=\"p_wrap\">\n<p>Diebstahlopfer und Versicherer k\u00f6nnen unser auf die Wiederbeschaffung gestohlener Uhren spezialisiertes Team mit der Wiederbeschaffung beauftragen. Wenn wir den Auftrag erhalten, eine Uhr wiederzubeschaffen, stellen wir im Namen des rechtm\u00e4\u00dfigen Eigent\u00fcmers einen Antrag und setzen uns proaktiv mit allen Beteiligten\u00a0\u2013 Polizei, Versicherern, Verk\u00e4ufern und dem Opfer \u2013 in Verbindung, um ihm die Uhr zur\u00fcckzugeben oder eine finanzielle Entsch\u00e4digung zu sichern. <\/p>\n<\/div>\n\n<div class=\"p_wrap\">\n<p>Im Laufe von 35 Jahren haben wir als Teil unserer Muttergesellschaft, des <a href=\"https:\/\/www.artloss.com\/\">Art Loss Register<\/a>, eine beachtliche Kompetenz bei der L\u00f6sung komplexer Eigentumsfragen entwickelt. Wir verhandeln auch dann noch erfolgreich, wenn die Verj\u00e4hrungsfristen f\u00fcr einen Anspruch bereits abgelaufen sind. Unsere langj\u00e4hrigen Beziehungen zu internationalen Strafverfolgungsbeh\u00f6rden und unsere Kontakte zur Uhrenbranche bieten uns eine einzigartige Ausgangslage, um f\u00fcr Gesch\u00e4digte und Versicherer regelm\u00e4\u00dfig erfolgreiche Wiederbeschaffungen zu erzielen.<\/p>\n<\/div>\n\n<div class=\"p_wrap\">\n<p>Wir arbeiten auf einer \u201eOhne Erfolg, keine Geb\u00fchr\u201c-Basis.<\/p>\n<\/div>\n\n<div class=\"p_wrap\">\n<p>Wenn Sie uns mit der Wiederbeschaffung beauftragen, berechnen wir eine Wiederbeschaffungsgeb\u00fchr in H\u00f6he von 20\u00a0% Ihres letztendlichen Nettonutzens\u00a0\u2013 diese wird nur bei erfolgreicher Wiederbeschaffung f\u00e4llig. Der letztendliche Nettonutzen wird auf der Grundlage des aktuellen Marktwerts der Uhr berechnet. <\/p>\n<\/div>\n\n<div class=\"p_wrap\">\n<p>Wenn Sie die Uhr lieber selbst oder mit Hilfe der Polizei wiederbeschaffen m\u00f6chten, erheben wir eine Auffindungsgeb\u00fchr in H\u00f6he von 5\u00a0% Ihres letztendlichen Nettonutzens\u00a0\u2013 diese wird nur bei erfolgreicher Wiederbeschaffung f\u00e4llig und auch nur dann, wenn wir die Uhr zuerst gefunden haben. <\/p>\n<\/div>\n\n<div class=\"p_wrap\">\n<p>Wenn wir Ihnen mitteilen, dass wir Ihre Uhr gefunden haben, k\u00f6nnen Sie sich f\u00fcr eine der beiden Optionen entscheiden.<\/p>\n<\/div>\n\n\n\n\t\t\t<div class=\"block button align_center\">\n\t\t\t<a\n\t\t\t\thref=\"https:\/\/dev.thewatchregister.com\/de\/terms-and-conditions\/loss-registrations\/\"\n\t\t\t\ttarget=\"\"\n\t\t\t\tclass=\"uk-button\n\t\t\t\t\tbutton_size_medium\t\t\t\t\t\t\t\t\t\t\tbground_col_copy-grey\t\t\t\t\t\thover_bground_col_navy\t\t\t\t\t\tcol_off-white\t\t\t\t\t\thover_col_orange\t\t\t\t\t\t\t\t\t\t\"\n\t\t\t>\n\t\t\t\tAllgemeine Gesch\u00e4ftsbedingungen f\u00fcr Verlustmeldungen\t\t\t\t\t\t\t<\/a>\n\t\t<\/div>\n\t\n\t\t<\/div>\n\n<\/div>\n\n\n\n<\/section>\n\n\n\t\n\t<\/div>\n<\/section>\n\n\n<div class=\"uk-container uk-container-small\">\n\n\n\n<div class=\"block spacer padding_bottom_large padding_top_large\"><\/div>","protected":false},"excerpt":{"rendered":"","protected":false},"author":21321,"featured_media":0,"parent":0,"menu_order":0,"comment_status":"closed","ping_status":"closed","template":"","meta":{"_acf_changed":false,"footnotes":""},"class_list":["post-439958","page","type-page","status-publish","hentry","odd"],"acf":[],"_links":{"self":[{"href":"https:\/\/dev.thewatchregister.com\/de\/wp-json\/wp\/v2\/pages\/439958","targetHints":{"allow":["GET"]}}],"collection":[{"href":"https:\/\/dev.thewatchregister.com\/de\/wp-json\/wp\/v2\/pages"}],"about":[{"href":"https:\/\/dev.thewatchregister.com\/de\/wp-json\/wp\/v2\/types\/page"}],"author":[{"embeddable":true,"href":"https:\/\/dev.thewatchregister.com\/de\/wp-json\/wp\/v2\/users\/21321"}],"replies":[{"embeddable":true,"href":"https:\/\/dev.thewatchregister.com\/de\/wp-json\/wp\/v2\/comments?post=439958"}],"version-history":[{"count":36,"href":"https:\/\/dev.thewatchregister.com\/de\/wp-json\/wp\/v2\/pages\/439958\/revisions"}],"predecessor-version":[{"id":442654,"href":"https:\/\/dev.thewatchregister.com\/de\/wp-json\/wp\/v2\/pages\/439958\/revisions\/442654"}],"wp:attachment":[{"href":"https:\/\/dev.thewatchregister.com\/de\/wp-json\/wp\/v2\/media?parent=439958"}],"curies":[{"name":"wp","href":"https:\/\/api.w.org\/{rel}","templated":true}]}}