{"id":439941,"date":"2023-04-06T14:18:45","date_gmt":"2023-04-06T13:18:45","guid":{"rendered":"https:\/\/dev.thewatchregister.com\/law-enforcement\/"},"modified":"2025-09-05T09:57:46","modified_gmt":"2025-09-05T08:57:46","slug":"law-enforcement","status":"publish","type":"page","link":"https:\/\/dev.thewatchregister.com\/de\/law-enforcement\/","title":{"rendered":"Strafverfolgung"},"content":{"rendered":"\n\n\n\n<div class=\"block spacer padding_bottom_medium padding_top_medium\"><\/div>\n\n<\/div>\n<div class=\"row_border\">\n<section id=\"block_20a2ba1cdb9ca8c82ef4f9911216bf43\" class=\"block row_wrapper bground_colour_secondary-blue padding_top_xlarge padding_bottom_xlarge \" style=\"background-color: #E1EBEE;\" >\n\t<div class=\"uk-container uk-container-small\">\n\t\t\n\n\n\n\n\n<section id=\"block_7d431ac8e43791336d389aae69ea7d1e\" class=\"block columns_wrapper \">\n\n\t\n\n\n\n\n<div class=\"column_content bground_colour_none padding_top_medium padding_bottom_medium \" style=\"background-color: transparent;\" >\n\t\t\t<div class=\"column_inner_content \">\n\n\t\t\t\n\n<h2 class=\"wp-block-heading has-navy-color has-text-color has-extra-large-font-size\" id=\"h-law-enforcement\">Strafverfolgung<\/h2>\n\n\t\t<\/div>\n\n<\/div>\n\n\n\n<\/section>\n\n\n\n\n\n\n\n\n<section id=\"block_7d431ac8e43791336d389aae69ea7d1e\" class=\"block columns_wrapper \">\n\n\t\n\n\n\n\n<div class=\"column_content bground_colour_none padding_top_medium padding_bottom_medium \" style=\"background-color: transparent;\" >\n\t\t\t<div class=\"column_inner_content \">\n\n\t\t\t\n\n<figure class=\"wp-block-image alignleft size-full is-resized\"><img decoding=\"async\" data-src=\"https:\/\/twr-web.s3.amazonaws.com\/uploads\/2023\/04\/law_enforcement-icon.svg\" alt=\"\" class=\"wp-image-427828 lazyload\" style=\"width:60px\" src=\"data:image\/svg+xml;base64,PHN2ZyB3aWR0aD0iMSIgaGVpZ2h0PSIxIiB4bWxucz0iaHR0cDovL3d3dy53My5vcmcvMjAwMC9zdmciPjwvc3ZnPg==\" \/><\/figure>\n\n\t\t<\/div>\n\n<\/div>\n\n\n\n\n\n\n\n<div class=\"column_content bground_colour_none padding_top_medium padding_bottom_medium \" style=\"background-color: transparent;\" >\n\t\t\t<div class=\"column_inner_content \">\n\n\t\t\t\t\t<\/div>\n\n<\/div>\n\n\n\n<\/section>\n\n\n\n\n\n\n\n\n<section id=\"block_7d431ac8e43791336d389aae69ea7d1e\" class=\"block columns_wrapper \">\n\n\t\n\n\n\n\n<div class=\"column_content bground_colour_none padding_top_medium padding_bottom_medium \" style=\"background-color: transparent;\" >\n\t\t\t<div class=\"column_inner_content \">\n\n\t\t\t\n<div class=\"p_wrap\">\n<p class=\"has-navy-color has-text-color has-extra-large-font-size\">Die Datenbank THE WATCH REGISTER bietet Strafverfolgungsbeh\u00f6rden auf der ganzen Welt einen h\u00f6chst effektiven Dienst f\u00fcr die Wiederbeschaffung von gestohlenem Eigentum und ein Ermittlungsinstrument. Alle unsere Dienstleistungen f\u00fcr die Polizei sind kostenlos. Wir arbeiten seit langem mit Beh\u00f6rden wie dem NYPD, FBI, Interpol und dem Metropolitan Police Service zusammen.<\/p>\n<\/div>\n\t\t<\/div>\n\n<\/div>\n\n\n\n\n\n\n\n<div class=\"column_content bground_colour_none padding_top_medium padding_bottom_medium \" style=\"background-color: transparent;\" >\n\t\t\t<div class=\"column_inner_content \">\n\n\t\t\t\n<div class=\"p_wrap\">\n<p class=\"has-navy-color has-text-color\">Polizeibeh\u00f6rden auf der ganzen Welt registrieren in unserer Datenbank Uhren, die bei Blitzeinbr\u00fcchen, Raub\u00fcberf\u00e4llen, Einbr\u00fcchen, Diebst\u00e4hlen, T\u00e4uschungen und Betrug gestohlen wurden. Durch unsere breit angelegten Suchaktivit\u00e4ten auf dem Uhrenmarkt k\u00f6nnen wir Uhren sogar dann auffinden, wenn das Eigentum \u00fcber Grenzen hinweg bewegt wurde. <\/p>\n<\/div>\n\n<div class=\"p_wrap\">\n<p class=\"has-navy-color has-text-color\">Der Gesamtwert des von THE WATCH REGISTER und unserer Muttergesellschaft, dem Art Loss Register, im Laufe von 35 Jahren sichergestellten Diebesguts bel\u00e4uft sich auf Hunderte von Millionen Euro. Die Informationen, die der Polizei als Ergebnis unserer Wiederbeschaffung von gestohlenem Eigentum geliefert wurden, haben zu Dutzenden von Verhaftungen und Verurteilungen gef\u00fchrt.<\/p>\n<\/div>\n\n<div class=\"p_wrap\">\n<p class=\"has-navy-color has-text-color\">Polizeibeamte k\u00f6nnen au\u00dferdem sichergestellte Uhren in unserer Datenbank pr\u00fcfen, um festzustellen, ob diese bei uns als gestohlen gemeldet sind. So k\u00f6nnen sie dem rechtm\u00e4\u00dfigen Eigent\u00fcmer zur\u00fcckgegeben werden.<\/p>\n<\/div>\n\t\t<\/div>\n\n<\/div>\n\n\n\n<\/section>\n\n\n\t\n\t<\/div>\n<\/section>\n\n<\/div>\n<div class=\"uk-container uk-container-small\">\n\n<\/div>\n\n<section id=\"block_5b1ab28d406e8d3e7233c5928c29187e\" class=\"block row_wrapper bground_colour_navy padding_top_large padding_bottom_large \" style=\"background-color: #1F305B;\" >\n\t<div class=\"uk-container uk-container-small\">\n\t\t\n\n\n\n\n\n<section id=\"block_d00a3b138ff871be63f8059b87852e43\" class=\"block columns_wrapper \">\n\n\t\n\n\n\n\n<div class=\"column_content flex bground_colour_none padding_top_medium padding_bottom_medium \" style=\"background-color: transparent;\" uk-scrollspy=\"cls: uk-animation-fade; delay: 500\">\n\t\t\t<div class=\"column_inner_content flex_center_vertical flex_center_horizontal\">\n\n\t\t\t\n\n<figure class=\"wp-block-image size-full\"><img decoding=\"async\" data-src=\"https:\/\/twr-web.s3.amazonaws.com\/uploads\/2023\/04\/Open_Safe.svg\" alt=\"\" class=\"wp-image-427796 lazyload\" src=\"data:image\/svg+xml;base64,PHN2ZyB3aWR0aD0iMSIgaGVpZ2h0PSIxIiB4bWxucz0iaHR0cDovL3d3dy53My5vcmcvMjAwMC9zdmciPjwvc3ZnPg==\" \/><\/figure>\n\n\t\t<\/div>\n\n<\/div>\n\n\n\n\n\n\n\n<div class=\"column_content bground_colour_none padding_top_medium padding_bottom_medium \" style=\"background-color: transparent;\" >\n\t\t\t<div class=\"column_inner_content \">\n\n\t\t\t\n\n<h2 class=\"wp-block-heading has-off-white-color has-text-color has-medium-font-size\" id=\"h-registrierung-eines-verlusts\">Registrierung eines Verlusts<\/h2>\n\n\n\n<h3 class=\"wp-block-heading has-off-white-color has-text-color\" id=\"h-garantie-der-besten-chance-auf-wiederbeschaffung\">Garantie der besten Chance auf Wiederbeschaffung<\/h3>\n\n\n<div class=\"p_wrap\">\n<p class=\"has-off-white-color has-text-color has-small-font-size\">Ihre Uhr wird in der gr\u00f6\u00dften internationalen Diebstahldatenbank registriert, die von H\u00e4ndlern, Juwelieren, Pfandleihern und Auktionsh\u00e4usern zur Identifizierung gestohlener Uhren genutzt wird. Wir werden auf dem weltweiten Markt f\u00fcr Uhren aus zweiter Hand so lange aktiv nach Ihrer Uhr suchen, bis sie erfolgreich wiederbeschafft wurde.<\/p>\n<\/div>\n\n<div class=\"p_wrap\">\n<p class=\"has-off-white-color has-text-color\"><strong>50&nbsp;% der durch uns<strong>wiederbeschafften Uhren<\/strong>werden innerhalb eines Jahres nach dem Diebstahl gefunden, 35&nbsp;% innerhalb von 6 Monaten.<\/strong><\/p>\n<\/div>\n\n\n\n\n\n<div class=\"block spacer padding_bottom_medium padding_top_medium\"><\/div>\n\n\n\n\t\t\t<div class=\"block button align_center\">\n\t\t\t<a\n\t\t\t\thref=\"https:\/\/dev.thewatchregister.com\/de\/register-loss\/\"\n\t\t\t\ttarget=\"\"\n\t\t\t\tclass=\"uk-button\n\t\t\t\t\tbutton_size_medium\t\t\t\t\t\t\t\t\t\t\tbground_col_copy-grey\t\t\t\t\t\thover_bground_col_off-white\t\t\t\t\t\tcol_off-white\t\t\t\t\t\thover_col_orange\t\t\t\t\t\t\t\t\t\t\"\n\t\t\t>\n\t\t\t\tRegistrierung eines Verlusts\t\t\t\t\t\t\t<\/a>\n\t\t<\/div>\n\t\n\t\t<\/div>\n\n<\/div>\n\n\n\n<\/section>\n\n\n\t\n\t<\/div>\n<\/section>\n\n\n<div class=\"uk-container uk-container-small\">\n\n<\/div>\n\n<section id=\"block_813a478ce1d554c555a1d4c8f84c4121\" class=\"block row_wrapper bground_colour_white padding_top_large padding_bottom_large \" style=\"background-color: #FFFFFF;\" uk-scrollspy=\"cls: uk-animation-keine; delay: 500\">\n\t<div class=\"uk-container uk-container-small\">\n\t\t\n\n\n\n\n\n<section id=\"block_deaea64467d77b76526454f4ef3d7c99\" class=\"block columns_wrapper \">\n\n\t\n\n\n\n\n<div class=\"column_content padding_top_medium padding_bottom_medium \" style=\"\" uk-scrollspy=\"cls: uk-animation-keine; delay: 500\">\n\t\t\t<div class=\"column_inner_content \">\n\n\t\t\t\n\n<h2 class=\"wp-block-heading has-navy-color has-text-color has-medium-font-size\" id=\"h-suche-in-der-datenbank\">Suche in der Datenbank<\/h2>\n\n\n\n<h3 class=\"wp-block-heading has-navy-color has-text-color\" id=\"h-prufen-ob-eine-uhr-verloren-gestohlen-oder-gefalscht-ist\">Pr\u00fcfen, ob eine Uhr verloren, gestohlen oder gef\u00e4lscht ist<\/h3>\n\n\n\n\n\n\n<div class=\"block spacer padding_bottom_xsmall padding_top_xsmall\"><\/div>\n\n<div class=\"li_wrap\">\n<ul class=\"wp-block-list\">\n<li>Genie\u00dfen Sie Sicherheit beim Kauf und Verkauf<\/li>\n\n\n\n<li>Verhindern Sie finanziellen Schaden<\/li>\n\n\n\n<li>Wahren Sie Ihren Ruf<\/li>\n\n\n\n<li>Erhalten Sie ein Suchzertifikat als Beleg f\u00fcr Ihre Diebstahlpr\u00fcfungen<\/li>\n<\/ul>\n<\/div>\n\n<div class=\"p_wrap\">\n<p><strong>Pr\u00fcfung von Seriennummern \u2013 Rolex und alle weiteren Hersteller. Suche per SMS, WhatsApp oder \u00fcber die Website. Ergebnisse in Minutenschnelle.<\/strong><\/p>\n<\/div>\n\n\n\n\n\n<div class=\"block spacer padding_bottom_small padding_top_small\"><\/div>\n\n\n\n\t\t\t<div class=\"block button align_center\">\n\t\t\t<a\n\t\t\t\thref=\"https:\/\/dev.thewatchregister.com\/de\/search\/\"\n\t\t\t\ttarget=\"\"\n\t\t\t\tclass=\"uk-button\n\t\t\t\t\tbutton_size_medium\t\t\t\t\t\t\t\t\t\t\tbground_col_copy-grey\t\t\t\t\t\thover_bground_col_off-white\t\t\t\t\t\tcol_off-white\t\t\t\t\t\thover_col_orange\t\t\t\t\t\t\t\t\t\t\"\n\t\t\t>\n\t\t\t\tSuche starten\t\t\t\t\t\t\t<\/a>\n\t\t<\/div>\n\t\n\t\t<\/div>\n\n<\/div>\n\n\n\n\n\n\n\n<div class=\"column_content flex bground_colour_none padding_top_medium padding_bottom_medium \" style=\"background-color: transparent;\" uk-scrollspy=\"cls: uk-animation-fade; delay: 500\">\n\t\t\t<div class=\"column_inner_content flex_center_vertical fill_column_width \">\n\n\t\t\t\n\n\n<div class=\"client_content_wrapper padding_large bground_col_user-blue\">\n\n\t\n\n<h2 class=\"wp-block-heading has-off-white-color has-text-color has-medium-font-size\" id=\"h-registrieren\">Registrieren<\/h2>\n\n\n\n\n\t\t\t<div class=\"block button align_center\">\n\t\t\t<a\n\t\t\t\thref=\"https:\/\/dev.thewatchregister.com\/de\/create-account\/\"\n\t\t\t\ttarget=\"\"\n\t\t\t\tclass=\"uk-button\n\t\t\t\t\tbutton_size_medium\t\t\t\t\t\t\t\t\t\t\tclient_button\n\t\t\t\t\t\t\t\t\t\t\t\t\tbground_col_off-white\n\t\t\t\t\t\t\thover_bground_col_user-blue\n\t\t\t\t\t\t\tcol_user-blue\n\t\t\t\t\t\t\thover_col_off-white\n\t\t\t\t\t\t\t\t\t\t\t\t\t\t\t\t\"\n\t\t\t>\n\t\t\t\tKonto erstellen\t\t\t\t\t\t\t<\/a>\n\t\t<\/div>\n\t\n\n<div class=\"p_wrap\">\n<p class=\"has-off-white-color has-text-color has-small-font-size\"><a href=\"https:\/\/dev.thewatchregister.com\/de\/login\/\">In Konto anmelden \u00bb<\/a><\/p>\n<\/div>\n\n\n\n\n\n<div class=\"block spacer padding_bottom_xsmall padding_top_xsmall\"><\/div>\n\n\n\n\t\t\t<div class=\"block button align_center\">\n\t\t\t<a\n\t\t\t\thref=\"https:\/\/dev.thewatchregister.com\/de\/my-account\/view-search-credit-subscriptions\/\"\n\t\t\t\ttarget=\"\"\n\t\t\t\tclass=\"uk-button\n\t\t\t\t\tbutton_size_medium\t\t\t\t\t\t\t\t\t\t\tclient_button\n\t\t\t\t\t\t\t\t\t\t\t\t\tbground_col_off-white\n\t\t\t\t\t\t\thover_bground_col_user-blue\n\t\t\t\t\t\t\tcol_user-blue\n\t\t\t\t\t\t\thover_col_off-white\n\t\t\t\t\t\t\t\t\t\t\t\t\t\t\t\t\"\n\t\t\t>\n\t\t\t\tGuthaben erwerben\t\t\t\t\t\t\t<\/a>\n\t\t<\/div>\n\t\n\n<\/div>\n\t\t<\/div>\n\n<\/div>\n\n\n\n<\/section>\n\n\n\t\n\t<\/div>\n<\/section>\n\n\n<div class=\"uk-container uk-container-small\">\n\n\n\n\n\n<div class=\"block spacer padding_bottom_ padding_top_\"><\/div>\n\n\n\n\n\n<div class=\"block spacer padding_bottom_ padding_top_\"><\/div>","protected":false},"excerpt":{"rendered":"","protected":false},"author":21321,"featured_media":0,"parent":0,"menu_order":0,"comment_status":"closed","ping_status":"closed","template":"","meta":{"_acf_changed":false,"footnotes":""},"class_list":["post-439941","page","type-page","status-publish","hentry","odd"],"acf":[],"_links":{"self":[{"href":"https:\/\/dev.thewatchregister.com\/de\/wp-json\/wp\/v2\/pages\/439941","targetHints":{"allow":["GET"]}}],"collection":[{"href":"https:\/\/dev.thewatchregister.com\/de\/wp-json\/wp\/v2\/pages"}],"about":[{"href":"https:\/\/dev.thewatchregister.com\/de\/wp-json\/wp\/v2\/types\/page"}],"author":[{"embeddable":true,"href":"https:\/\/dev.thewatchregister.com\/de\/wp-json\/wp\/v2\/users\/21321"}],"replies":[{"embeddable":true,"href":"https:\/\/dev.thewatchregister.com\/de\/wp-json\/wp\/v2\/comments?post=439941"}],"version-history":[{"count":40,"href":"https:\/\/dev.thewatchregister.com\/de\/wp-json\/wp\/v2\/pages\/439941\/revisions"}],"predecessor-version":[{"id":442820,"href":"https:\/\/dev.thewatchregister.com\/de\/wp-json\/wp\/v2\/pages\/439941\/revisions\/442820"}],"wp:attachment":[{"href":"https:\/\/dev.thewatchregister.com\/de\/wp-json\/wp\/v2\/media?parent=439941"}],"curies":[{"name":"wp","href":"https:\/\/api.w.org\/{rel}","templated":true}]}}