{"id":439926,"date":"2023-04-06T09:49:16","date_gmt":"2023-04-06T08:49:16","guid":{"rendered":"https:\/\/dev.thewatchregister.com\/dealers\/"},"modified":"2025-08-15T11:21:18","modified_gmt":"2025-08-15T10:21:18","slug":"dealers","status":"publish","type":"page","link":"https:\/\/dev.thewatchregister.com\/de\/dealers\/","title":{"rendered":"H\u00e4ndler"},"content":{"rendered":"\n\n\n\n<div class=\"block spacer padding_bottom_medium padding_top_medium\"><\/div>\n\n<\/div>\n<div class=\"row_border\">\n<section id=\"block_0d8b507eaa1027841051597398b0de88\" class=\"block row_wrapper flex bground_colour_secondary-blue padding_top_xlarge padding_bottom_xlarge \" style=\"background-color: #E1EBEE;\" >\n\t<div class=\"uk-container uk-container-small\">\n\t\t\n\n<h2 class=\"wp-block-heading has-navy-color has-text-color has-extra-large-font-size\" id=\"h-dealers\">H\u00e4ndler<\/h2>\n\n\n\n\n\n\n\n<section id=\"block_fc3f2c3dd1a9d5b029cd2358755d118e\" class=\"block columns_wrapper \">\n\n\t\n\n\n\n\n<div class=\"column_content bground_colour_none padding_top_medium padding_bottom_medium \" style=\"background-color: transparent;\" >\n\t\t\t<div class=\"column_inner_content \">\n\n\t\t\t\n\n<figure class=\"wp-block-image alignleft size-full is-resized\"><img decoding=\"async\" data-src=\"https:\/\/twr-web.s3.amazonaws.com\/uploads\/2023\/04\/dealers-icon.svg\" alt=\"\" class=\"wp-image-427835 lazyload\" style=\"width:60px\" src=\"data:image\/svg+xml;base64,PHN2ZyB3aWR0aD0iMSIgaGVpZ2h0PSIxIiB4bWxucz0iaHR0cDovL3d3dy53My5vcmcvMjAwMC9zdmciPjwvc3ZnPg==\" \/><\/figure>\n\n\t\t<\/div>\n\n<\/div>\n\n\n\n\n\n\n\n<div class=\"column_content bground_colour_none padding_top_medium padding_bottom_medium \" style=\"background-color: transparent;\" >\n\t\t\t<div class=\"column_inner_content \">\n\n\t\t\t\t\t<\/div>\n\n<\/div>\n\n\n\n<\/section>\n\n\n\n\n\n\n\n\n<section id=\"block_fc3f2c3dd1a9d5b029cd2358755d118e\" class=\"block columns_wrapper \">\n\n\t\n\n\n\n\n<div class=\"column_content bground_colour_none padding_top_medium padding_bottom_medium \" style=\"background-color: transparent;\" >\n\t\t\t<div class=\"column_inner_content \">\n\n\t\t\t\n<div class=\"p_wrap\">\n<p class=\"has-navy-color has-text-color has-extra-large-font-size\">THE WATCH REGISTER ist die etablierteste und vertrauensw\u00fcrdigste internationale Datenbank f\u00fcr verlorene, gestohlene und gef\u00e4lschte Uhren. Gebrauchtuhrenh\u00e4ndler und Juweliere k\u00f6nnen innerhalb von Sekunden \u00fcberpr\u00fcfen, ob eine Uhr gestohlen wurde, und erhalten ein Zertifikat als nachpr\u00fcfbaren Beweis f\u00fcr eine Pr\u00fcfung der Historie ohne Auff\u00e4lligkeiten.<\/p>\n<\/div>\n\t\t<\/div>\n\n<\/div>\n\n\n\n\n\n\n\n<div class=\"column_content bground_colour_none padding_top_medium padding_bottom_medium \" style=\"background-color: transparent;\" >\n\t\t\t<div class=\"column_inner_content \">\n\n\t\t\t\n<div class=\"p_wrap\">\n<p class=\"has-navy-color has-text-color\">Seriennummer-Pr\u00fcfung von Rolex und anderen Herstellern auf Diebstahl. Jede Luxusuhr aus zweiter Hand sollte gepr\u00fcft werden, auch solche mit Schachtel und Papieren, um den bestm\u00f6glichen Schutz vor Diebstahl und Betrug zu gew\u00e4hrleisten.<\/p>\n<\/div>\n\n<div class=\"p_wrap\">\n<p class=\"has-navy-color has-text-color\">Wir stellen f\u00fcr jede Uhr, die nicht in unserer Datenbank gelistet ist, ein Zertifikat aus. Dies ist der Beweis f\u00fcr einen vertrauensw\u00fcrdigen Kauf und kann K\u00e4ufern vorgelegt werden, um ihnen beim Verkauf Sicherheit zu geben und einen Mehrwert zu schaffen.\u00a0<\/p>\n<\/div>\n\n<div class=\"li_wrap\">\n<ul class=\"wp-block-list has-navy-color has-text-color\">\n<li>Sch\u00fctzen Sie sich vor gestohlener und gef\u00e4lschter Ware<\/li>\n\n\n\n<li>Finanziellen Schaden verhindern<\/li>\n\n\n\n<li>St\u00e4rken Sie Ihren Ruf<\/li>\n\n\n\n<li>St\u00e4rkung des Vertrauens der K\u00e4ufer<\/li>\n\n\n\n<li>Rechtliche Probleme vermeiden<\/li>\n<\/ul>\n<\/div>\n\n<div class=\"p_wrap\">\n<p class=\"has-navy-color has-text-color\">Suchanfragen k\u00f6nnen \u00fcber unsere Website, per WhatsApp oder per SMS \u00fcbermittelt werden. F\u00fcr gr\u00f6\u00dfere Unternehmen bieten wir auch eine API-Integration an.<\/p>\n<\/div>\n\t\t<\/div>\n\n<\/div>\n\n\n\n<\/section>\n\n\n\t\n\t<\/div>\n<\/section>\n\n<\/div>\n<div class=\"uk-container uk-container-small\"><div class=\"p_wrap\">\n<p><\/p>\n<\/div>\n\n<\/div>\n\n<section id=\"block_ba5e178e0b67016e0fdf94d4aa7c9030\" class=\"block row_wrapper bground_colour_white padding_top_large padding_bottom_large \" style=\"background-color: #FFFFFF;\" uk-scrollspy=\"cls: uk-animation-keine; delay: 500\">\n\t<div class=\"uk-container uk-container-small\">\n\t\t\n\n\n\n\n\n<section id=\"block_917f7cd3571c0c2e306417b5069f642e\" class=\"block columns_wrapper \">\n\n\t\n\n\n\n\n<div class=\"column_content padding_top_medium padding_bottom_medium \" style=\"\" uk-scrollspy=\"cls: uk-animation-keine; delay: 500\">\n\t\t\t<div class=\"column_inner_content \">\n\n\t\t\t\n\n<h2 class=\"wp-block-heading has-navy-color has-text-color has-medium-font-size\" id=\"h-suche-in-der-datenbank\">Suche in der Datenbank<\/h2>\n\n\n\n<h3 class=\"wp-block-heading has-navy-color has-text-color\" id=\"h-prufen-ob-eine-uhr-verloren-gestohlen-oder-gefalscht-ist\">Pr\u00fcfen, ob eine Uhr verloren, gestohlen oder gef\u00e4lscht ist<\/h3>\n\n\n\n\n\n\n<div class=\"block spacer padding_bottom_xsmall padding_top_xsmall\"><\/div>\n\n<div class=\"li_wrap\">\n<ul class=\"wp-block-list\">\n<li>Genie\u00dfen Sie Sicherheit beim Kauf und Verkauf<\/li>\n\n\n\n<li>Verhindern Sie finanziellen Schaden<\/li>\n\n\n\n<li>Wahren Sie Ihren Ruf<\/li>\n\n\n\n<li>Erhalten Sie ein Suchzertifikat als Beleg f\u00fcr Ihre Diebstahlpr\u00fcfungen<\/li>\n<\/ul>\n<\/div>\n\n<div class=\"p_wrap\">\n<p><strong>Pr\u00fcfung von Seriennummern \u2013 Rolex und alle weiteren Hersteller. Suche per SMS, WhatsApp oder \u00fcber die Website. Ergebnisse in Minutenschnelle.<\/strong><\/p>\n<\/div>\n\n\n\n\n\n<div class=\"block spacer padding_bottom_small padding_top_small\"><\/div>\n\n\n\n\t\t\t<div class=\"block button align_center\">\n\t\t\t<a\n\t\t\t\thref=\"https:\/\/dev.thewatchregister.com\/de\/search\/\"\n\t\t\t\ttarget=\"\"\n\t\t\t\tclass=\"uk-button\n\t\t\t\t\tbutton_size_medium\t\t\t\t\t\t\t\t\t\t\tbground_col_copy-grey\t\t\t\t\t\thover_bground_col_off-white\t\t\t\t\t\tcol_off-white\t\t\t\t\t\thover_col_orange\t\t\t\t\t\t\t\t\t\t\"\n\t\t\t>\n\t\t\t\tSuche starten\t\t\t\t\t\t\t<\/a>\n\t\t<\/div>\n\t\n\t\t<\/div>\n\n<\/div>\n\n\n\n\n\n\n\n<div class=\"column_content flex bground_colour_none padding_top_medium padding_bottom_medium \" style=\"background-color: transparent;\" uk-scrollspy=\"cls: uk-animation-fade; delay: 500\">\n\t\t\t<div class=\"column_inner_content flex_center_vertical fill_column_width \">\n\n\t\t\t\n\n\n<div class=\"client_content_wrapper padding_large bground_col_user-blue\">\n\n\t\n\n<h2 class=\"wp-block-heading has-off-white-color has-text-color has-medium-font-size\" id=\"h-registrieren\">Registrieren<\/h2>\n\n\n\n\n\t\t\t<div class=\"block button align_center\">\n\t\t\t<a\n\t\t\t\thref=\"https:\/\/dev.thewatchregister.com\/de\/create-account\/\"\n\t\t\t\ttarget=\"\"\n\t\t\t\tclass=\"uk-button\n\t\t\t\t\tbutton_size_medium\t\t\t\t\t\t\t\t\t\t\tclient_button\n\t\t\t\t\t\t\t\t\t\t\t\t\tbground_col_off-white\n\t\t\t\t\t\t\thover_bground_col_user-blue\n\t\t\t\t\t\t\tcol_user-blue\n\t\t\t\t\t\t\thover_col_off-white\n\t\t\t\t\t\t\t\t\t\t\t\t\t\t\t\t\"\n\t\t\t>\n\t\t\t\tKonto erstellen\t\t\t\t\t\t\t<\/a>\n\t\t<\/div>\n\t\n\n<div class=\"p_wrap\">\n<p class=\"has-off-white-color has-text-color has-small-font-size\"><a href=\"https:\/\/dev.thewatchregister.com\/de\/login\/\">In Konto anmelden \u00bb<\/a><\/p>\n<\/div>\n\n\n\n\n\n<div class=\"block spacer padding_bottom_xsmall padding_top_xsmall\"><\/div>\n\n\n\n\t\t\t<div class=\"block button align_center\">\n\t\t\t<a\n\t\t\t\thref=\"https:\/\/dev.thewatchregister.com\/de\/my-account\/view-search-credit-subscriptions\/\"\n\t\t\t\ttarget=\"\"\n\t\t\t\tclass=\"uk-button\n\t\t\t\t\tbutton_size_medium\t\t\t\t\t\t\t\t\t\t\tclient_button\n\t\t\t\t\t\t\t\t\t\t\t\t\tbground_col_off-white\n\t\t\t\t\t\t\thover_bground_col_user-blue\n\t\t\t\t\t\t\tcol_user-blue\n\t\t\t\t\t\t\thover_col_off-white\n\t\t\t\t\t\t\t\t\t\t\t\t\t\t\t\t\"\n\t\t\t>\n\t\t\t\tGuthaben erwerben\t\t\t\t\t\t\t<\/a>\n\t\t<\/div>\n\t\n\n<\/div>\n\t\t<\/div>\n\n<\/div>\n\n\n\n<\/section>\n\n\n\t\n\t<\/div>\n<\/section>\n\n\n<div class=\"uk-container uk-container-small\">\n\n\n\n\n\n<div class=\"block spacer padding_bottom_ padding_top_\"><\/div>\n\n\n\n\n\n<div class=\"block spacer padding_bottom_ padding_top_\"><\/div>","protected":false},"excerpt":{"rendered":"","protected":false},"author":21321,"featured_media":0,"parent":0,"menu_order":0,"comment_status":"closed","ping_status":"closed","template":"","meta":{"_acf_changed":false,"footnotes":""},"class_list":["post-439926","page","type-page","status-publish","hentry","odd"],"acf":[],"_links":{"self":[{"href":"https:\/\/dev.thewatchregister.com\/de\/wp-json\/wp\/v2\/pages\/439926","targetHints":{"allow":["GET"]}}],"collection":[{"href":"https:\/\/dev.thewatchregister.com\/de\/wp-json\/wp\/v2\/pages"}],"about":[{"href":"https:\/\/dev.thewatchregister.com\/de\/wp-json\/wp\/v2\/types\/page"}],"author":[{"embeddable":true,"href":"https:\/\/dev.thewatchregister.com\/de\/wp-json\/wp\/v2\/users\/21321"}],"replies":[{"embeddable":true,"href":"https:\/\/dev.thewatchregister.com\/de\/wp-json\/wp\/v2\/comments?post=439926"}],"version-history":[{"count":21,"href":"https:\/\/dev.thewatchregister.com\/de\/wp-json\/wp\/v2\/pages\/439926\/revisions"}],"predecessor-version":[{"id":442644,"href":"https:\/\/dev.thewatchregister.com\/de\/wp-json\/wp\/v2\/pages\/439926\/revisions\/442644"}],"wp:attachment":[{"href":"https:\/\/dev.thewatchregister.com\/de\/wp-json\/wp\/v2\/media?parent=439926"}],"curies":[{"name":"wp","href":"https:\/\/api.w.org\/{rel}","templated":true}]}}