{"id":439914,"date":"2023-03-27T09:47:12","date_gmt":"2023-03-27T08:47:12","guid":{"rendered":"https:\/\/dev.thewatchregister.com\/about-the-watch-register\/"},"modified":"2025-08-18T14:25:19","modified_gmt":"2025-08-18T13:25:19","slug":"about-the-watch-register","status":"publish","type":"page","link":"https:\/\/dev.thewatchregister.com\/de\/about-the-watch-register\/","title":{"rendered":"\u00dcber THE WATCH REGISTER"},"content":{"rendered":"\n\n<\/div>\n\n<section id=\"block_c7009617bfe916cb55482246936e1ab0\" class=\"block row_wrapper bground_colour_none padding_top_medium padding_bottom_medium \" style=\"background-color: transparent;\" >\n\t<div class=\"uk-container uk-container-small\">\n\t\t\n\n\n\n\n<div class=\"block spacer padding_bottom_large padding_top_large\"><\/div>\n\n\n\n\n\n\n<section id=\"block_a1b81b9cc2fcc369aa01b8188907c9e5\" class=\"block columns_wrapper \">\n\n\t\n\n\n\n\n<div class=\"column_content bground_colour_none padding_top_medium padding_bottom_medium \" style=\"background-color: transparent;\" >\n\t\t\t<div class=\"column_inner_content \">\n\n\t\t\t\n<div class=\"p_wrap\">\n<p class=\"has-large-font-size\">Die Datenbank THE WATCH REGISTER ist auf dem Markt f\u00fcr Luxusuhren weltweit f\u00fchrend in Sachen Sorgfaltspflicht und Verbrechensbek\u00e4mpfung. Wir verf\u00fcgen \u00fcber die weltweit gr\u00f6\u00dfte und etablierteste internationale Datenbank f\u00fcr verlorene, gestohlene und gef\u00e4lschte Uhren, die Daten aus \u00fcber 30 Jahren beinhaltet. Wir bieten von Spezialisten \u00fcberwachte Diebstahlpr\u00fcfungen f\u00fcr Uhrenh\u00e4ndler und -k\u00e4ufer sowie einen spezialisierten Dienst f\u00fcr die Wiederbeschaffung von Uhren f\u00fcr Opfer und Versicherer.<\/p>\n<\/div>\n\t\t<\/div>\n\n<\/div>\n\n\n\n\n\n\n\n<div class=\"column_content bground_colour_none padding_top_medium padding_bottom_medium \" style=\"background-color: transparent;\" >\n\t\t\t<div class=\"column_inner_content \">\n\n\t\t\t\n<div class=\"p_wrap\">\n<p>THE WATCH REGISTER hat seinen Hauptsitz in London und ist Teil des <a href=\"https:\/\/dev.thewatchregister.com\/de\/the-art-loss-register\/\">Art Loss Register<\/a>(ALR), der weltweit gr\u00f6\u00dften privaten Datenbank f\u00fcr verlorene und gestohlene Kunst, Antiquit\u00e4ten und Sammlerst\u00fccke<a href=\"https:\/\/www.artloss.com\/\">(www.artloss.com)<\/a>. Unsere Gr\u00fcndungsgesellschafter sind Lloyd\u2019s of London und die weltweit f\u00fchrenden Auktionsh\u00e4user Christie\u2019s und Sotheby\u2019s, die bis heute wichtige Kunden sind.<\/p>\n<\/div>\n\n<div class=\"p_wrap\">\n<p>Unsere Datenbank wurde mit dem Ziel eingerichtet, den Markt vor gestohlenem Eigentum zu sch\u00fctzen und Versicherern und Opfern die R\u00fcckgewinnung von Verlusten zu erm\u00f6glichen. Seit der Gr\u00fcndung des ALR im Jahr 1990 konnte das Unternehmen die Wiederbeschaffung von verlorenen und gestohlenen Objekten im Wert von Hunderten von Millionen Pfund erm\u00f6glichen. Die in \u00fcber 30 Jahren gesammelte Erfahrung des ALR erm\u00f6glicht es dem Team von THE WATCH REGISTER, Diebstahlsopfern einen einzigartigen Dienst f\u00fcr die Wiederbeschaffung und dem Uhrenhandel ein Instrument zur Erf\u00fcllung seiner Sorgfaltspflicht anzubieten.<\/p>\n<\/div>\n\n<div class=\"p_wrap\">\n<p>Die Datenbank von THE WATCH REGISTER ist unabh\u00e4ngig von Herstellern oder Einzelh\u00e4ndlern. Unser einziger Zweck ist es, den Markt f\u00fcr Uhren aus zweiter Hand zu sch\u00fctzen, Diebstahlsopfern zu helfen und die Polizei zu unterst\u00fctzen.<\/p>\n<\/div>\n\t\t<\/div>\n\n<\/div>\n\n\n\n<\/section>\n\n\n\t\n\t<\/div>\n<\/section>\n\n\n<div class=\"uk-container uk-container-small\">\n\n<\/div>\n\n<section id=\"block_240b42a9049e1685885d69e808b0d5a1\" class=\"block row_wrapper bground_colour_secondary-blue padding_top_medium padding_bottom_medium \" style=\"background-color: #E1EBEE;\" >\n\t<div class=\"uk-container uk-container-small\">\n\t\t\n\n\n\n\n<div class=\"block spacer padding_bottom_large padding_top_large\"><\/div>\n\n\n<h2 class=\"wp-block-heading has-navy-color has-text-color has-large-font-size\" id=\"h-the-database\">Die Datenbank<\/h2>\n\n\n\n\n\n\n\n<section id=\"block_a1b81b9cc2fcc369aa01b8188907c9e5\" class=\"block columns_wrapper \">\n\n\t\n\n\n\n\n<div class=\"column_content bground_colour_none padding_top_medium padding_bottom_medium \" style=\"background-color: transparent;\" >\n\t\t\t<div class=\"column_inner_content \">\n\n\t\t\t\n<div class=\"p_wrap\">\n<p class=\"has-navy-color has-text-color has-large-font-size\">Die Datenbank THE WATCH REGISTER verbindet eine 30-j\u00e4hrige Tradition mit Fachkompetenz und f\u00fchrender Technologie. Alle in unserer Datenbank registrierten Uhren und durchgef\u00fchrten Suchvorg\u00e4nge werden von Spezialisten gepr\u00fcft, um Genauigkeit und Richtigkeit zu gew\u00e4hrleisten. Die Qualit\u00e4t unserer Daten und \u00dcberwachung erm\u00f6glicht es uns, die zuverl\u00e4ssigste Pr\u00fcfung auf Uhrendiebstahl anzubieten. Unsere Suchzertifikate sind ein rechtlich anerkannter Nachweis f\u00fcr die Erf\u00fcllung der Sorgfaltspflicht und ein Beleg f\u00fcr eine vertrauensw\u00fcrdige Transaktion.<\/p>\n<\/div>\n\t\t<\/div>\n\n<\/div>\n\n\n\n\n\n\n\n<div class=\"column_content bground_colour_none padding_top_medium padding_bottom_medium \" style=\"background-color: transparent;\" >\n\t\t\t<div class=\"column_inner_content \">\n\n\t\t\t\n<div class=\"p_wrap\">\n<p class=\"has-navy-color has-text-color\">In der Datenbank sind derzeit \u00fcber 80.000 verlorene und gestohlene Uhren verzeichnet und sie w\u00e4chst schnell. Die Datenbank enth\u00e4lt Information zu \u00fcber 850 verschiedenen Herstellern und Uhrmachern, darunter Rolex, Omega, Cartier, Audemars Piguet, Patek Philippe, Richard Mille, Breitling, TAG Heuer, IWC, Jaeger LeCoultre und viele mehr. Die Datenbank umfasst auch antike und vintage Uhren sowie Taschenuhren<\/p>\n<\/div>\n\n<div class=\"p_wrap\">\n<p class=\"has-navy-color has-text-color\">In der Datenbank sind derzeit \u00fcber 80.000 verlorene und gestohlene Uhren verzeichnet und sie w\u00e4chst schnell. Die Datenbank enth\u00e4lt Information zu \u00fcber 850 verschiedenen Herstellern und Uhrmachern, darunter Rolex, Omega, Cartier, Audemars Piguet, Patek Philippe, Richard Mille, Breitling, TAG Heuer, IWC, Jaeger LeCoultre und viele mehr. Die Datenbank umfasst auch antike und vintage Uhren sowie Taschenuhren.<\/p>\n<\/div>\n\n<div class=\"p_wrap\">\n<p class=\"has-navy-color has-text-color\">Unsere Datenbank deckt ein breites Spektrum an Vorf\u00e4llen und Risiken ab, darunter Raub\u00fcberf\u00e4lle, Diebst\u00e4hle, Einbr\u00fcche, Betr\u00fcgereien, Verluste auf dem Postweg, unvorhergesehene Verluste und F\u00e4lschungen. <\/p>\n<\/div>\n\t\t<\/div>\n\n<\/div>\n\n\n\n<\/section>\n\n\n\n\n\n\n\n<div class=\"block spacer padding_bottom_xlarge padding_top_xlarge\"><\/div>\n\t\n\t<\/div>\n<\/section>\n\n\n<div class=\"uk-container uk-container-small\">\n\n<\/div>\n\n<section id=\"block_ed27b088fad4e0abc7225d310f94b2f1\" class=\"block row_wrapper bground_colour_secondary-purple padding_top_medium padding_bottom_medium \" style=\"background-color: #405769;\" >\n\t<div class=\"uk-container uk-container-small\">\n\t\t\n\n\n\n\n<div class=\"block spacer padding_bottom_large padding_top_large\"><\/div>\n\n\n<h2 class=\"wp-block-heading has-off-white-color has-text-color has-large-font-size\" id=\"h-the-expertise\"><strong>Die Fachkompetenz<\/strong><\/h2>\n\n\n\n\n\n\n\n<section id=\"block_a1b81b9cc2fcc369aa01b8188907c9e5\" class=\"block columns_wrapper \">\n\n\t\n\n\n\n\n<div class=\"column_content bground_colour_none padding_top_medium padding_bottom_medium \" style=\"background-color: transparent;\" >\n\t\t\t<div class=\"column_inner_content \">\n\n\t\t\t\n<div class=\"p_wrap\">\n<p class=\"has-off-white-color has-text-color has-extra-large-font-size\">Der Erfolg unserer Arbeit beruht auf der Expertise unseres Teams. Wir bieten umfassende Unterst\u00fctzung vom Zeitpunkt des Verlusts bis zur Wiederbeschaffung. <\/p>\n<\/div>\n\t\t<\/div>\n\n<\/div>\n\n\n\n\n\n\n\n<div class=\"column_content bground_colour_none padding_top_medium padding_bottom_medium \" style=\"background-color: transparent;\" >\n\t\t\t<div class=\"column_inner_content \">\n\n\t\t\t\n<div class=\"p_wrap\">\n<p class=\"has-off-white-color has-text-color\">Aus Erfahrung wissen wir, dass jeder Schritt bei der Identifizierung gestohlener Uhren menschliche Kontrolle und Kompetenz erfordert. Aus diesem Grund werden alle unsere Dateneingaben und die \u00dcberpr\u00fcfung der Seriennummern von Experten kontrolliert, um die Qualit\u00e4tskontrolle zu gew\u00e4hrleisten. Unser Spezialistenteam steht unseren Kunden per Telefon und E-Mail zur Seite. Die Sorgfalt und das Wissen unserer Mitarbeiter gew\u00e4hrleisten, dass die Suchergebnisse, die wir unseren Kunden liefern, den h\u00f6chsten Standards entsprechen. <\/p>\n<\/div>\n\n<div class=\"p_wrap\">\n<p class=\"has-off-white-color has-text-color\">Sobald eine verlorene oder gestohlene Uhr gefunden wird, schaltet sich unser auf die Wiederbeschaffung spezialisiertes Team ein. Wir versuchen umgehend, die Uhr zu sichern und ihre Wiederbeschaffung zu erleichtern, indem wir proaktiv mit der Polizei, den Versicherern, den Verk\u00e4ufern und dem Opfer in Kontakt treten. Klicken Sie <a href=\"https:\/\/dev.thewatchregister.com\/de\/recovery\/\">hier<\/a>, um mehr \u00fcber unseren Dienst f\u00fcr die Wiederbeschaffung zu erfahren.<\/p>\n<\/div>\n\n<div class=\"p_wrap\">\n<p class=\"has-off-white-color has-text-color\">Bitte <a href=\"https:\/\/dev.thewatchregister.com\/de\/contact-us\/\">kontaktieren Sie uns<\/a>, um alle Fragen in Bezug auf die Registrierung Ihres Verlusts, die Suche in der Datenbank oder die Wiederbeschaffung mit einem Mitglied unseres Teams zu besprechen.<\/p>\n<\/div>\n\t\t<\/div>\n\n<\/div>\n\n\n\n<\/section>\n\n\n\n\n\n\n\n<div class=\"block spacer padding_bottom_large padding_top_large\"><\/div>\n\t\n\t<\/div>\n<\/section>\n\n\n<div class=\"uk-container uk-container-small\">\n\n\n\n<div class=\"block spacer padding_bottom_large padding_top_large\"><\/div>\n\n<\/div>\n<div class=\"row_border\">\n<section id=\"block_c1e2eb555a659c15c280066983f2997a\" class=\"block row_wrapper bground_colour_none padding_top_xlarge padding_bottom_xlarge \" style=\"background-color: transparent;\" >\n\t<div class=\"uk-container uk-container-small\">\n\t\t\n\n<h2 class=\"wp-block-heading has-navy-color has-text-color has-large-font-size\" id=\"h-the-vision\"><strong><strong><strong>Die Vision<\/strong><\/strong><\/strong><\/h2>\n\n\n\n\n\n\n\n<section id=\"block_a1b81b9cc2fcc369aa01b8188907c9e5\" class=\"block columns_wrapper \">\n\n\t\n\n\n\n\n<div class=\"column_content bground_colour_none padding_top_medium padding_bottom_medium \" style=\"background-color: transparent;\" >\n\t\t\t<div class=\"column_inner_content \">\n\n\t\t\t\n<div class=\"p_wrap\">\n<p class=\"has-copy-grey-color has-text-color has-extra-large-font-size\">Wir sind der Meinung, dass der Markt f\u00fcr Uhren aus zweiter Hand ein Umfeld sein sollte, in dem jeder unbesorgt handeln kann. <\/p>\n<\/div>\n\t\t<\/div>\n\n<\/div>\n\n\n\n\n\n\n\n<div class=\"column_content bground_colour_none padding_top_medium padding_bottom_medium \" style=\"background-color: transparent;\" >\n\t\t\t<div class=\"column_inner_content \">\n\n\t\t\t\n<div class=\"p_wrap\">\n<p class=\"has-copy-grey-color has-text-color\">Unsere Mission besteht darin, sicherzustellen, dass jede Uhr aus zweiter Hand beim Verkauf in unserer Datenbank gepr\u00fcft und jeder Verlust registriert wird. <\/p>\n<\/div>\n\n<div class=\"p_wrap\">\n<p class=\"has-copy-grey-color has-text-color\">Dies stellt beim Verkauf gestohlener Ware das gr\u00f6\u00dfte Hindernis dar, erh\u00f6ht die Wahrscheinlichkeit der Entdeckung und verringert den Anreiz f\u00fcr Diebe. <\/p>\n<\/div>\n\n<div class=\"p_wrap\">\n<p class=\"has-copy-grey-color has-text-color\">In einer Branche, in der ein Drittel der Verk\u00e4ufe auf gebrauchte Uhren entf\u00e4llt, sollten sich die Sammler beim Tragen ihres Zeitmessers sicher f\u00fchlen und der Kauf sollte risikofrei sein.<\/p>\n<\/div>\n\t\t<\/div>\n\n<\/div>\n\n\n\n<\/section>\n\n\n\t\n\t<\/div>\n<\/section>\n\n<\/div>\n<div class=\"uk-container uk-container-small\">\n\n<\/div>\n<div class=\"row_border\">\n<section id=\"block_fc9cd7342e30d5090774375cfbe92312\" class=\"block row_wrapper bground_colour_copy-grey bground_pos_sml_center_center padding_top_xlarge padding_bottom_xlarge lazyload\" style=\"background-color: #7B849A;background-image:inherit;background-size:cover;background-position:center center;\"  data-bg-image=\"url(&#039;https:\/\/twr-web-test.s3.amazonaws.com\/uploads\/2023\/05\/M02A1945_nvy-cpygry.jpg&#039;)\">\n\t<div class=\"uk-container uk-container-small\">\n\t\t\n\n\n\n\n<div class=\"block spacer padding_bottom_xlarge padding_top_xlarge\"><\/div>\n\n\n<h2 class=\"wp-block-heading has-text-align-center has-off-white-color has-text-color has-medium-font-size\" id=\"h-maturity-of-practice-maturity-of-data\"><strong><strong><strong>Ausgereifte Verfahren, ausgereifte Daten<\/strong><\/strong><\/strong><\/h2>\n\n\n\n\n\n\n<div class=\"block spacer padding_bottom_xlarge padding_top_xlarge\"><\/div>\n\t\n\t<\/div>\n<\/section>\n\n<\/div>\n<div class=\"uk-container uk-container-small\">\n\n<\/div>\n\n<section id=\"block_ced6e5dc3143fb45f2110995c2bf8aa1\" class=\"block row_wrapper bground_colour_white padding_top_large padding_bottom_large \" style=\"background-color: #FFFFFF;\" uk-scrollspy=\"cls: uk-animation-keine; delay: 500\">\n\t<div class=\"uk-container uk-container-small\">\n\t\t\n\n\n\n\n\n<section id=\"block_57f0d7f9450bdaf31d9f5dddc89c558c\" class=\"block columns_wrapper \">\n\n\t\n\n\n\n\n<div class=\"column_content padding_top_medium padding_bottom_medium \" style=\"\" uk-scrollspy=\"cls: uk-animation-keine; delay: 500\">\n\t\t\t<div class=\"column_inner_content \">\n\n\t\t\t\n\n<h2 class=\"wp-block-heading has-navy-color has-text-color has-medium-font-size\" id=\"h-suche-in-der-datenbank\">Suche in der Datenbank<\/h2>\n\n\n\n<h3 class=\"wp-block-heading has-navy-color has-text-color\" id=\"h-prufen-ob-eine-uhr-verloren-gestohlen-oder-gefalscht-ist\">Pr\u00fcfen, ob eine Uhr verloren, gestohlen oder gef\u00e4lscht ist<\/h3>\n\n\n\n\n\n\n<div class=\"block spacer padding_bottom_xsmall padding_top_xsmall\"><\/div>\n\n<div class=\"li_wrap\">\n<ul class=\"wp-block-list\">\n<li>Genie\u00dfen Sie Sicherheit beim Kauf und Verkauf<\/li>\n\n\n\n<li>Verhindern Sie finanziellen Schaden<\/li>\n\n\n\n<li>Wahren Sie Ihren Ruf<\/li>\n\n\n\n<li>Erhalten Sie ein Suchzertifikat als Beleg f\u00fcr Ihre Diebstahlpr\u00fcfungen<\/li>\n<\/ul>\n<\/div>\n\n<div class=\"p_wrap\">\n<p><strong>Pr\u00fcfung von Seriennummern \u2013 Rolex und alle weiteren Hersteller. Suche per SMS, WhatsApp oder \u00fcber die Website. Ergebnisse in Minutenschnelle.<\/strong><\/p>\n<\/div>\n\n\n\n\n\n<div class=\"block spacer padding_bottom_small padding_top_small\"><\/div>\n\n\n\n\t\t\t<div class=\"block button align_center\">\n\t\t\t<a\n\t\t\t\thref=\"https:\/\/dev.thewatchregister.com\/de\/search\/\"\n\t\t\t\ttarget=\"\"\n\t\t\t\tclass=\"uk-button\n\t\t\t\t\tbutton_size_medium\t\t\t\t\t\t\t\t\t\t\tbground_col_copy-grey\t\t\t\t\t\thover_bground_col_off-white\t\t\t\t\t\tcol_off-white\t\t\t\t\t\thover_col_orange\t\t\t\t\t\t\t\t\t\t\"\n\t\t\t>\n\t\t\t\tSuche starten\t\t\t\t\t\t\t<\/a>\n\t\t<\/div>\n\t\n\t\t<\/div>\n\n<\/div>\n\n\n\n\n\n\n\n<div class=\"column_content flex bground_colour_none padding_top_medium padding_bottom_medium \" style=\"background-color: transparent;\" uk-scrollspy=\"cls: uk-animation-fade; delay: 500\">\n\t\t\t<div class=\"column_inner_content flex_center_vertical fill_column_width \">\n\n\t\t\t\n\n\n<div class=\"client_content_wrapper padding_large bground_col_user-blue\">\n\n\t\n\n<h2 class=\"wp-block-heading has-off-white-color has-text-color has-medium-font-size\" id=\"h-registrieren\">Registrieren<\/h2>\n\n\n\n\n\t\t\t<div class=\"block button align_center\">\n\t\t\t<a\n\t\t\t\thref=\"https:\/\/dev.thewatchregister.com\/de\/create-account\/\"\n\t\t\t\ttarget=\"\"\n\t\t\t\tclass=\"uk-button\n\t\t\t\t\tbutton_size_medium\t\t\t\t\t\t\t\t\t\t\tclient_button\n\t\t\t\t\t\t\t\t\t\t\t\t\tbground_col_off-white\n\t\t\t\t\t\t\thover_bground_col_user-blue\n\t\t\t\t\t\t\tcol_user-blue\n\t\t\t\t\t\t\thover_col_off-white\n\t\t\t\t\t\t\t\t\t\t\t\t\t\t\t\t\"\n\t\t\t>\n\t\t\t\tKonto erstellen\t\t\t\t\t\t\t<\/a>\n\t\t<\/div>\n\t\n\n<div class=\"p_wrap\">\n<p class=\"has-off-white-color has-text-color has-small-font-size\"><a href=\"https:\/\/dev.thewatchregister.com\/de\/login\/\">In Konto anmelden \u00bb<\/a><\/p>\n<\/div>\n\n\n\n\n\n<div class=\"block spacer padding_bottom_xsmall padding_top_xsmall\"><\/div>\n\n\n\n\t\t\t<div class=\"block button align_center\">\n\t\t\t<a\n\t\t\t\thref=\"https:\/\/dev.thewatchregister.com\/de\/my-account\/view-search-credit-subscriptions\/\"\n\t\t\t\ttarget=\"\"\n\t\t\t\tclass=\"uk-button\n\t\t\t\t\tbutton_size_medium\t\t\t\t\t\t\t\t\t\t\tclient_button\n\t\t\t\t\t\t\t\t\t\t\t\t\tbground_col_off-white\n\t\t\t\t\t\t\thover_bground_col_user-blue\n\t\t\t\t\t\t\tcol_user-blue\n\t\t\t\t\t\t\thover_col_off-white\n\t\t\t\t\t\t\t\t\t\t\t\t\t\t\t\t\"\n\t\t\t>\n\t\t\t\tGuthaben erwerben\t\t\t\t\t\t\t<\/a>\n\t\t<\/div>\n\t\n\n<\/div>\n\t\t<\/div>\n\n<\/div>\n\n\n\n<\/section>\n\n\n\t\n\t<\/div>\n<\/section>\n\n\n<div class=\"uk-container uk-container-small\">\n\n\n\n\n\n<div class=\"block spacer padding_bottom_ padding_top_\"><\/div>\n\n\n\n\n\n<div class=\"block spacer padding_bottom_ padding_top_\"><\/div>\n\n<\/div>\n\n<section id=\"block_b91523683807baff80e044f2ca4dd90d\" class=\"block row_wrapper bground_colour_navy padding_top_large padding_bottom_large \" style=\"background-color: #1F305B;\" >\n\t<div class=\"uk-container uk-container-small\">\n\t\t\n\n\n\n\n\n<section id=\"block_91998b7ce07c14b273d5339d88b63682\" class=\"block columns_wrapper \">\n\n\t\n\n\n\n\n<div class=\"column_content flex bground_colour_none padding_top_medium padding_bottom_medium \" style=\"background-color: transparent;\" uk-scrollspy=\"cls: uk-animation-fade; delay: 500\">\n\t\t\t<div class=\"column_inner_content flex_center_vertical flex_center_horizontal\">\n\n\t\t\t\n\n<figure class=\"wp-block-image size-full\"><img decoding=\"async\" data-src=\"https:\/\/twr-web.s3.amazonaws.com\/uploads\/2023\/04\/Open_Safe.svg\" alt=\"\" class=\"wp-image-427796 lazyload\" src=\"data:image\/svg+xml;base64,PHN2ZyB3aWR0aD0iMSIgaGVpZ2h0PSIxIiB4bWxucz0iaHR0cDovL3d3dy53My5vcmcvMjAwMC9zdmciPjwvc3ZnPg==\" \/><\/figure>\n\n\t\t<\/div>\n\n<\/div>\n\n\n\n\n\n\n\n<div class=\"column_content bground_colour_none padding_top_medium padding_bottom_medium \" style=\"background-color: transparent;\" >\n\t\t\t<div class=\"column_inner_content \">\n\n\t\t\t\n\n<h2 class=\"wp-block-heading has-off-white-color has-text-color has-medium-font-size\" id=\"h-registrierung-eines-verlusts\">Registrierung eines Verlusts<\/h2>\n\n\n\n<h3 class=\"wp-block-heading has-off-white-color has-text-color\" id=\"h-garantie-der-besten-chance-auf-wiederbeschaffung\">Garantie der besten Chance auf Wiederbeschaffung<\/h3>\n\n\n<div class=\"p_wrap\">\n<p class=\"has-off-white-color has-text-color has-small-font-size\">Ihre Uhr wird in der gr\u00f6\u00dften internationalen Diebstahldatenbank registriert, die von H\u00e4ndlern, Juwelieren, Pfandleihern und Auktionsh\u00e4usern zur Identifizierung gestohlener Uhren genutzt wird. Wir werden auf dem weltweiten Markt f\u00fcr Uhren aus zweiter Hand so lange aktiv nach Ihrer Uhr suchen, bis sie erfolgreich wiederbeschafft wurde.<\/p>\n<\/div>\n\n<div class=\"p_wrap\">\n<p class=\"has-off-white-color has-text-color\"><strong>50&nbsp;% der durch uns<strong>wiederbeschafften Uhren<\/strong>werden innerhalb eines Jahres nach dem Diebstahl gefunden, 35&nbsp;% innerhalb von 6 Monaten.<\/strong><\/p>\n<\/div>\n\n\n\n\n\n<div class=\"block spacer padding_bottom_medium padding_top_medium\"><\/div>\n\n\n\n\t\t\t<div class=\"block button align_center\">\n\t\t\t<a\n\t\t\t\thref=\"https:\/\/dev.thewatchregister.com\/de\/register-loss\/\"\n\t\t\t\ttarget=\"\"\n\t\t\t\tclass=\"uk-button\n\t\t\t\t\tbutton_size_medium\t\t\t\t\t\t\t\t\t\t\tbground_col_copy-grey\t\t\t\t\t\thover_bground_col_off-white\t\t\t\t\t\tcol_off-white\t\t\t\t\t\thover_col_orange\t\t\t\t\t\t\t\t\t\t\"\n\t\t\t>\n\t\t\t\tRegistrierung eines Verlusts\t\t\t\t\t\t\t<\/a>\n\t\t<\/div>\n\t\n\t\t<\/div>\n\n<\/div>\n\n\n\n<\/section>\n\n\n\t\n\t<\/div>\n<\/section>\n\n\n<div class=\"uk-container uk-container-small\">","protected":false},"excerpt":{"rendered":"","protected":false},"author":21321,"featured_media":0,"parent":0,"menu_order":0,"comment_status":"closed","ping_status":"closed","template":"","meta":{"_acf_changed":false,"footnotes":""},"class_list":["post-439914","page","type-page","status-publish","hentry","odd"],"acf":[],"_links":{"self":[{"href":"https:\/\/dev.thewatchregister.com\/de\/wp-json\/wp\/v2\/pages\/439914","targetHints":{"allow":["GET"]}}],"collection":[{"href":"https:\/\/dev.thewatchregister.com\/de\/wp-json\/wp\/v2\/pages"}],"about":[{"href":"https:\/\/dev.thewatchregister.com\/de\/wp-json\/wp\/v2\/types\/page"}],"author":[{"embeddable":true,"href":"https:\/\/dev.thewatchregister.com\/de\/wp-json\/wp\/v2\/users\/21321"}],"replies":[{"embeddable":true,"href":"https:\/\/dev.thewatchregister.com\/de\/wp-json\/wp\/v2\/comments?post=439914"}],"version-history":[{"count":75,"href":"https:\/\/dev.thewatchregister.com\/de\/wp-json\/wp\/v2\/pages\/439914\/revisions"}],"predecessor-version":[{"id":442687,"href":"https:\/\/dev.thewatchregister.com\/de\/wp-json\/wp\/v2\/pages\/439914\/revisions\/442687"}],"wp:attachment":[{"href":"https:\/\/dev.thewatchregister.com\/de\/wp-json\/wp\/v2\/media?parent=439914"}],"curies":[{"name":"wp","href":"https:\/\/api.w.org\/{rel}","templated":true}]}}