{"id":439907,"date":"2023-04-06T11:04:21","date_gmt":"2023-04-06T10:04:21","guid":{"rendered":"https:\/\/dev.thewatchregister.com\/auction-houses\/"},"modified":"2025-09-04T17:59:14","modified_gmt":"2025-09-04T16:59:14","slug":"auction-houses","status":"publish","type":"page","link":"https:\/\/dev.thewatchregister.com\/de\/auction-houses\/","title":{"rendered":"Auktionsh\u00e4user"},"content":{"rendered":"\n\n\n\n<div class=\"block spacer padding_bottom_medium padding_top_medium\"><\/div>\n\n<\/div>\n<div class=\"row_border\">\n<section id=\"block_17c90f4a301f7e5dab278ae0dea97340\" class=\"block row_wrapper bground_colour_secondary-blue padding_top_xlarge padding_bottom_xlarge \" style=\"background-color: #E1EBEE;\" >\n\t<div class=\"uk-container uk-container-small\">\n\t\t\n\n\n\n\n\n<section id=\"block_3890a3fb57a83c0a0c96652f13f50ee4\" class=\"block columns_wrapper \">\n\n\t\n\n\n\n\n<div class=\"column_content bground_colour_none padding_top_medium padding_bottom_medium \" style=\"background-color: transparent;\" >\n\t\t\t<div class=\"column_inner_content \">\n\n\t\t\t\n\n<h1 class=\"wp-block-heading has-navy-color has-text-color has-extra-large-font-size\" id=\"h-auction-houses\">Auktionsh\u00e4user<\/h1>\n\n\t\t<\/div>\n\n<\/div>\n\n\n\n<\/section>\n\n\n\n\n\n\n\n\n<section id=\"block_3890a3fb57a83c0a0c96652f13f50ee4\" class=\"block columns_wrapper \">\n\n\t\n\n\n\n\n<div class=\"column_content bground_colour_none padding_top_medium padding_bottom_medium \" style=\"background-color: transparent;\" >\n\t\t\t<div class=\"column_inner_content \">\n\n\t\t\t\n\n<figure class=\"wp-block-image alignleft size-full is-resized\"><img decoding=\"async\" data-src=\"https:\/\/twr-web.s3.amazonaws.com\/uploads\/2023\/04\/auction_houses-icon.svg\" alt=\"\" class=\"wp-image-427843 lazyload\" style=\"width:60px\" src=\"data:image\/svg+xml;base64,PHN2ZyB3aWR0aD0iMSIgaGVpZ2h0PSIxIiB4bWxucz0iaHR0cDovL3d3dy53My5vcmcvMjAwMC9zdmciPjwvc3ZnPg==\" \/><\/figure>\n\n\t\t<\/div>\n\n<\/div>\n\n\n\n\n\n\n\n<div class=\"column_content bground_colour_none padding_top_medium padding_bottom_medium \" style=\"background-color: transparent;\" >\n\t\t\t<div class=\"column_inner_content \">\n\n\t\t\t\t\t<\/div>\n\n<\/div>\n\n\n\n<\/section>\n\n\n\n\n\n\n\n\n<section id=\"block_3890a3fb57a83c0a0c96652f13f50ee4\" class=\"block columns_wrapper \">\n\n\t\n\n\n\n\n<div class=\"column_content bground_colour_none padding_top_medium padding_bottom_medium \" style=\"background-color: transparent;\" >\n\t\t\t<div class=\"column_inner_content \">\n\n\t\t\t\n<div class=\"p_wrap\">\n<p class=\"has-navy-color has-text-color has-extra-large-font-size\">THE WATCH REGISTER und unsere Muttergesellschaft, das <a href=\"https:\/\/www.artloss.com\/\">Art Loss Register<\/a> (ALR), bieten Auktionsh\u00e4usern einen routinem\u00e4\u00dfigen Katalogrecherchedienst an, um die Erf\u00fcllung ihrer Sorgfaltspflicht zu gew\u00e4hrleisten. F\u00fcr Uhren, die bei Uhrenverk\u00e4ufen durch Experten gepr\u00fcft werden, stellen wir Zertifikate der Datenbank von THE WATCH REGISTER aus.<\/p>\n<\/div>\n\t\t<\/div>\n\n<\/div>\n\n\n\n\n\n\n\n<div class=\"column_content bground_colour_none padding_top_medium padding_bottom_medium \" style=\"background-color: transparent;\" >\n\t\t\t<div class=\"column_inner_content \">\n\n\t\t\t\n<div class=\"p_wrap\">\n<p class=\"has-navy-color has-text-color\">Alle Posten in Ihren Katalogen, deren Wert 2000\u00a0\u20ac \u00fcbersteigt, werden in unserer Datenbank gepr\u00fcft.<\/p>\n<\/div>\n\n<div class=\"li_wrap\">\n<ul class=\"has-navy-color has-text-color wp-block-list\">\n<li>Sch\u00fctzen Sie sich vor gestohlener und gef\u00e4lschter Ware<\/li>\n\n\n\n<li>St\u00e4rken Sie Ihren Ruf<\/li>\n\n\n\n<li>Minimieren Sie finanziellen Schaden<\/li>\n\n\n\n<li>Bieten Sie Mehrwert durch den Nachweis Ihrer Sorgfaltspflicht<\/li>\n\n\n\n<li>Helfen Sie, die \u00dcbertragung eines rechtm\u00e4\u00dfigen Eigentumstitels sicherzustellen<\/li>\n<\/ul>\n<\/div>\n\n<div class=\"p_wrap\">\n<p class=\"has-navy-color has-text-color\">Im Rahmen eines Abonnements bieten wir unseren Kunden die folgenden Dienstleistungen kostenlos an:<\/p>\n<\/div>\n\n<div class=\"li_wrap\">\n<ul class=\"has-navy-color has-text-color wp-block-list\">\n<li>Pr\u00fcfungen von Objekten mit verd\u00e4chtiger Herkunft zum Zeitpunkt des Eingangs<\/li>\n\n\n\n<li>Kompetente Unterst\u00fctzung durch unser auf die Wiederbeschaffung spezialisiertes Team bei der L\u00f6sung von Eigentumsfragen<\/li>\n\n\n\n<li>Zertifikate f\u00fcr alle gepr\u00fcften Uhren aus einem Katalog, die den K\u00e4ufern zum Nachweis der Herkunft und zur Wertsteigerung vorgelegt werden k\u00f6nnen<\/li>\n\n\n\n<li>Werbung auf der ALR-Website als Teil unseres Netzwerks von vertrauensw\u00fcrdigen Auktionsh\u00e4usern<\/li>\n\n\n\n<li>Verwendung unseres Logos in Ihren Katalogen und auf Ihrer Website, um die Sorgf\u00e4ltigkeit und Seriosit\u00e4t Ihres Unternehmens zu unterstreichen<\/li>\n<\/ul>\n<\/div>\n\n<div class=\"p_wrap\">\n<p class=\"has-navy-color has-text-color\">Die Abonnementgeb\u00fchr richtet sich nach der Menge der Objekte, die wir in Ihren Katalogen pr\u00fcfen. Kontaktieren Sie uns, damit wir Ihren Bedarf besprechen k\u00f6nnen.<\/p>\n<\/div>\n\n\n\n\t\t\t<div class=\"block button align_center\">\n\t\t\t<a\n\t\t\t\thref=\"https:\/\/dev.thewatchregister.com\/de\/contact-us\/\"\n\t\t\t\ttarget=\"\"\n\t\t\t\tclass=\"uk-button\n\t\t\t\t\tbutton_size_medium\t\t\t\t\t\t\t\t\t\t\tbground_col_copy-grey\t\t\t\t\t\thover_bground_col_navy\t\t\t\t\t\tcol_off-white\t\t\t\t\t\thover_col_orange\t\t\t\t\t\t\t\t\t\t\"\n\t\t\t>\n\t\t\t\tKontakt\t\t\t\t\t\t\t<\/a>\n\t\t<\/div>\n\t\n\t\t<\/div>\n\n<\/div>\n\n\n\n<\/section>\n\n\n\t\n\t<\/div>\n<\/section>\n\n<\/div>\n<div class=\"uk-container uk-container-small\">\n\n<\/div>\n\n<section id=\"block_9f294de408a87ab718f61512ea796e9d\" class=\"block row_wrapper bground_colour_white padding_top_large padding_bottom_large \" style=\"background-color: #FFFFFF;\" uk-scrollspy=\"cls: uk-animation-keine; delay: 500\">\n\t<div class=\"uk-container uk-container-small\">\n\t\t\n\n\n\n\n\n<section id=\"block_f2dee39a105becc2ddec770233dd2285\" class=\"block columns_wrapper \">\n\n\t\n\n\n\n\n<div class=\"column_content padding_top_medium padding_bottom_medium \" style=\"\" uk-scrollspy=\"cls: uk-animation-keine; delay: 500\">\n\t\t\t<div class=\"column_inner_content \">\n\n\t\t\t\n\n<h2 class=\"wp-block-heading has-navy-color has-text-color has-medium-font-size\" id=\"h-suche-in-der-datenbank\">Suche in der Datenbank<\/h2>\n\n\n\n<h3 class=\"wp-block-heading has-navy-color has-text-color\" id=\"h-prufen-ob-eine-uhr-verloren-gestohlen-oder-gefalscht-ist\">Pr\u00fcfen, ob eine Uhr verloren, gestohlen oder gef\u00e4lscht ist<\/h3>\n\n\n\n\n\n\n<div class=\"block spacer padding_bottom_xsmall padding_top_xsmall\"><\/div>\n\n<div class=\"li_wrap\">\n<ul class=\"wp-block-list\">\n<li>Genie\u00dfen Sie Sicherheit beim Kauf und Verkauf<\/li>\n\n\n\n<li>Verhindern Sie finanziellen Schaden<\/li>\n\n\n\n<li>Wahren Sie Ihren Ruf<\/li>\n\n\n\n<li>Erhalten Sie ein Suchzertifikat als Beleg f\u00fcr Ihre Diebstahlpr\u00fcfungen<\/li>\n<\/ul>\n<\/div>\n\n<div class=\"p_wrap\">\n<p><strong>Pr\u00fcfung von Seriennummern \u2013 Rolex und alle weiteren Hersteller. Suche per SMS, WhatsApp oder \u00fcber die Website. Ergebnisse in Minutenschnelle.<\/strong><\/p>\n<\/div>\n\n\n\n\n\n<div class=\"block spacer padding_bottom_small padding_top_small\"><\/div>\n\n\n\n\t\t\t<div class=\"block button align_center\">\n\t\t\t<a\n\t\t\t\thref=\"https:\/\/dev.thewatchregister.com\/de\/search\/\"\n\t\t\t\ttarget=\"\"\n\t\t\t\tclass=\"uk-button\n\t\t\t\t\tbutton_size_medium\t\t\t\t\t\t\t\t\t\t\tbground_col_copy-grey\t\t\t\t\t\thover_bground_col_off-white\t\t\t\t\t\tcol_off-white\t\t\t\t\t\thover_col_orange\t\t\t\t\t\t\t\t\t\t\"\n\t\t\t>\n\t\t\t\tSuche starten\t\t\t\t\t\t\t<\/a>\n\t\t<\/div>\n\t\n\t\t<\/div>\n\n<\/div>\n\n\n\n\n\n\n\n<div class=\"column_content flex bground_colour_none padding_top_medium padding_bottom_medium \" style=\"background-color: transparent;\" uk-scrollspy=\"cls: uk-animation-fade; delay: 500\">\n\t\t\t<div class=\"column_inner_content flex_center_vertical fill_column_width \">\n\n\t\t\t\n\n\n<div class=\"client_content_wrapper padding_large bground_col_user-blue\">\n\n\t\n\n<h2 class=\"wp-block-heading has-off-white-color has-text-color has-medium-font-size\" id=\"h-registrieren\">Registrieren<\/h2>\n\n\n\n\n\t\t\t<div class=\"block button align_center\">\n\t\t\t<a\n\t\t\t\thref=\"https:\/\/dev.thewatchregister.com\/de\/create-account\/\"\n\t\t\t\ttarget=\"\"\n\t\t\t\tclass=\"uk-button\n\t\t\t\t\tbutton_size_medium\t\t\t\t\t\t\t\t\t\t\tclient_button\n\t\t\t\t\t\t\t\t\t\t\t\t\tbground_col_off-white\n\t\t\t\t\t\t\thover_bground_col_user-blue\n\t\t\t\t\t\t\tcol_user-blue\n\t\t\t\t\t\t\thover_col_off-white\n\t\t\t\t\t\t\t\t\t\t\t\t\t\t\t\t\"\n\t\t\t>\n\t\t\t\tKonto erstellen\t\t\t\t\t\t\t<\/a>\n\t\t<\/div>\n\t\n\n<div class=\"p_wrap\">\n<p class=\"has-off-white-color has-text-color has-small-font-size\"><a href=\"https:\/\/dev.thewatchregister.com\/de\/login\/\">In Konto anmelden \u00bb<\/a><\/p>\n<\/div>\n\n\n\n\n\n<div class=\"block spacer padding_bottom_xsmall padding_top_xsmall\"><\/div>\n\n\n\n\t\t\t<div class=\"block button align_center\">\n\t\t\t<a\n\t\t\t\thref=\"https:\/\/dev.thewatchregister.com\/de\/my-account\/view-search-credit-subscriptions\/\"\n\t\t\t\ttarget=\"\"\n\t\t\t\tclass=\"uk-button\n\t\t\t\t\tbutton_size_medium\t\t\t\t\t\t\t\t\t\t\tclient_button\n\t\t\t\t\t\t\t\t\t\t\t\t\tbground_col_off-white\n\t\t\t\t\t\t\thover_bground_col_user-blue\n\t\t\t\t\t\t\tcol_user-blue\n\t\t\t\t\t\t\thover_col_off-white\n\t\t\t\t\t\t\t\t\t\t\t\t\t\t\t\t\"\n\t\t\t>\n\t\t\t\tGuthaben erwerben\t\t\t\t\t\t\t<\/a>\n\t\t<\/div>\n\t\n\n<\/div>\n\t\t<\/div>\n\n<\/div>\n\n\n\n<\/section>\n\n\n\t\n\t<\/div>\n<\/section>\n\n\n<div class=\"uk-container uk-container-small\">\n\n\n\n\n\n<div class=\"block spacer padding_bottom_ padding_top_\"><\/div>\n\n\n\n\n\n<div class=\"block spacer padding_bottom_ padding_top_\"><\/div>","protected":false},"excerpt":{"rendered":"","protected":false},"author":21321,"featured_media":0,"parent":0,"menu_order":0,"comment_status":"closed","ping_status":"closed","template":"","meta":{"_acf_changed":false,"footnotes":""},"class_list":["post-439907","page","type-page","status-publish","hentry","odd"],"acf":[],"_links":{"self":[{"href":"https:\/\/dev.thewatchregister.com\/de\/wp-json\/wp\/v2\/pages\/439907","targetHints":{"allow":["GET"]}}],"collection":[{"href":"https:\/\/dev.thewatchregister.com\/de\/wp-json\/wp\/v2\/pages"}],"about":[{"href":"https:\/\/dev.thewatchregister.com\/de\/wp-json\/wp\/v2\/types\/page"}],"author":[{"embeddable":true,"href":"https:\/\/dev.thewatchregister.com\/de\/wp-json\/wp\/v2\/users\/21321"}],"replies":[{"embeddable":true,"href":"https:\/\/dev.thewatchregister.com\/de\/wp-json\/wp\/v2\/comments?post=439907"}],"version-history":[{"count":38,"href":"https:\/\/dev.thewatchregister.com\/de\/wp-json\/wp\/v2\/pages\/439907\/revisions"}],"predecessor-version":[{"id":442795,"href":"https:\/\/dev.thewatchregister.com\/de\/wp-json\/wp\/v2\/pages\/439907\/revisions\/442795"}],"wp:attachment":[{"href":"https:\/\/dev.thewatchregister.com\/de\/wp-json\/wp\/v2\/media?parent=439907"}],"curies":[{"name":"wp","href":"https:\/\/api.w.org\/{rel}","templated":true}]}}